{"id":77558,"date":"2025-08-08T10:21:02","date_gmt":"2025-08-08T10:21:02","guid":{"rendered":"https:\/\/e.kosmolat.eu\/product\/dsc-cherry-blossom-oil-body-wash-33-8fl-oz-1000ml\/"},"modified":"2026-04-08T07:10:22","modified_gmt":"2026-04-08T07:10:22","slug":"dsc-mineral-dusas-zel-ar-kirsu-ziedu-ellu-un-naves-jur-miner-1-l","status":"publish","type":"product","link":"https:\/\/e.kosmolat.eu\/lv\/product\/dsc-mineral-dusas-zel-ar-kirsu-ziedu-ellu-un-naves-jur-miner-1-l\/","title":{"rendered":"DSC Miner\u0101l. du\u0161as \u017eel. ar \u0137ir\u0161u ziedu e\u013clu un N\u0101ves j\u016br. miner., 1 l"},"content":{"rendered":"<p>Maiga du\u0161as \u017eeleja ar barojo\u0161iem N\u0101ves j\u016bras miner\u0101liem un \u0137ir\u0161u ziedu e\u013c\u013cu veicina relaks\u0101ciju, kopj \u0101du un atjauno t\u0101s maigumu un dz\u012bv\u012bgumu. Maigi att\u012bra \u0101du no net\u012brumiem un toks\u012bniem, nesausinot to, un atst\u0101j vieglu, pat\u012bkamu arom\u0101tu.<\/p>\n<p>Lieto\u0161ana: Lietojiet vann\u0101 vai du\u0161\u0101. Noskalojiet ar siltu \u016bdeni.<\/p>\n","protected":false},"excerpt":{"rendered":"<p>Maiga du\u0161as \u017eeleja ar barojo\u0161iem N\u0101ves j\u016bras miner\u0101liem un \u0137ir\u0161u ziedu e\u013c\u013cu veicina relaks\u0101ciju, kopj \u0101du un atjauno t\u0101s maigumu un dz\u012bv\u012bgumu. Maigi att\u012bra \u0101du no net\u012brumiem un toks\u012bniem, nesausinot to, un atst\u0101j vieglu, pat\u012bkamu arom\u0101tu. Lieto\u0161ana: Lietojiet vann\u0101 vai du\u0161\u0101. Noskalojiet ar siltu \u016bdeni.<\/p>\n","protected":false},"featured_media":93946,"template":"","meta":[],"product_cat":[1999],"product_tag":[],"class_list":{"0":"post-77558","1":"product","2":"type-product","3":"status-publish","4":"has-post-thumbnail","6":"product_brand-dead-sea_il","7":"product_cat-bez-kategorijas","9":"first","10":"instock","11":"taxable","12":"shipping-taxable","13":"product-type-simple"},"_links":{"self":[{"href":"https:\/\/e.kosmolat.eu\/lv\/wp-json\/wp\/v2\/product\/77558","targetHints":{"allow":["GET"]}}],"collection":[{"href":"https:\/\/e.kosmolat.eu\/lv\/wp-json\/wp\/v2\/product"}],"about":[{"href":"https:\/\/e.kosmolat.eu\/lv\/wp-json\/wp\/v2\/types\/product"}],"wp:featuredmedia":[{"embeddable":true,"href":"https:\/\/e.kosmolat.eu\/lv\/wp-json\/wp\/v2\/media\/93946"}],"wp:attachment":[{"href":"https:\/\/e.kosmolat.eu\/lv\/wp-json\/wp\/v2\/media?parent=77558"}],"wp:term":[{"taxonomy":"product_cat","embeddable":true,"href":"https:\/\/e.kosmolat.eu\/lv\/wp-json\/wp\/v2\/product_cat?post=77558"},{"taxonomy":"product_tag","embeddable":true,"href":"https:\/\/e.kosmolat.eu\/lv\/wp-json\/wp\/v2\/product_tag?post=77558"}],"curies":[{"name":"wp","href":"https:\/\/api.w.org\/{rel}","templated":true}]}}