{"id":77554,"date":"2025-08-08T10:20:48","date_gmt":"2025-08-08T10:20:48","guid":{"rendered":"https:\/\/e.kosmolat.eu\/product\/body-wash-cherry-blossom\/"},"modified":"2026-04-20T12:25:59","modified_gmt":"2026-04-20T12:25:59","slug":"dsc-mineralu-dusas-zel-ar-kirsu-ziedu-ellu-un-naves-jur-mineral-1l","status":"publish","type":"product","link":"https:\/\/e.kosmolat.eu\/lv\/product\/dsc-mineralu-dusas-zel-ar-kirsu-ziedu-ellu-un-naves-jur-mineral-1l\/","title":{"rendered":"DSC Miner\u0101lu du\u0161as \u017eel. ar \u0137ir\u0161u ziedu e\u013clu un N\u0101ves j\u016br. miner\u0101l., 1l"},"content":{"rendered":"<p>Maiga du\u0161as \u017eeleja ar barojo\u0161iem N\u0101ves j\u016bras miner\u0101liem un \u0137ir\u0161u ziedu e\u013c\u013cu atdz\u012bvina \u0101du un atjauno t\u0101s maigumu. Att\u012bra no net\u012brumiem, nesausinot \u0101du, un atst\u0101j vieglu arom\u0101tu.<\/p>\n<p>Lieto\u0161ana: Lietojiet vann\u0101 vai du\u0161\u0101. Noskalojiet ar siltu \u016bdeni.<\/p>\n","protected":false},"excerpt":{"rendered":"<p>Maiga du\u0161as \u017eeleja ar barojo\u0161iem N\u0101ves j\u016bras miner\u0101liem un \u0137ir\u0161u ziedu e\u013c\u013cu atdz\u012bvina \u0101du un atjauno t\u0101s maigumu. Att\u012bra no net\u012brumiem, nesausinot \u0101du, un atst\u0101j vieglu arom\u0101tu. Lieto\u0161ana: Lietojiet vann\u0101 vai du\u0161\u0101. Noskalojiet ar siltu \u016bdeni.<\/p>\n","protected":false},"featured_media":93934,"template":"","meta":[],"product_cat":[1280],"product_tag":[],"class_list":{"0":"post-77554","1":"product","2":"type-product","3":"status-publish","4":"has-post-thumbnail","6":"product_brand-dead-sea_il","7":"product_cat-dusas-zelejas-un-dusas-ellas","9":"first","10":"instock","11":"taxable","12":"shipping-taxable","13":"product-type-simple"},"_links":{"self":[{"href":"https:\/\/e.kosmolat.eu\/lv\/wp-json\/wp\/v2\/product\/77554","targetHints":{"allow":["GET"]}}],"collection":[{"href":"https:\/\/e.kosmolat.eu\/lv\/wp-json\/wp\/v2\/product"}],"about":[{"href":"https:\/\/e.kosmolat.eu\/lv\/wp-json\/wp\/v2\/types\/product"}],"wp:featuredmedia":[{"embeddable":true,"href":"https:\/\/e.kosmolat.eu\/lv\/wp-json\/wp\/v2\/media\/93934"}],"wp:attachment":[{"href":"https:\/\/e.kosmolat.eu\/lv\/wp-json\/wp\/v2\/media?parent=77554"}],"wp:term":[{"taxonomy":"product_cat","embeddable":true,"href":"https:\/\/e.kosmolat.eu\/lv\/wp-json\/wp\/v2\/product_cat?post=77554"},{"taxonomy":"product_tag","embeddable":true,"href":"https:\/\/e.kosmolat.eu\/lv\/wp-json\/wp\/v2\/product_tag?post=77554"}],"curies":[{"name":"wp","href":"https:\/\/api.w.org\/{rel}","templated":true}]}}