{"id":77550,"date":"2025-08-08T09:20:48","date_gmt":"2025-08-08T09:20:48","guid":{"rendered":"https:\/\/e.kosmolat.eu\/product\/curly-hair-biotin-hair-oil-4fl-oz-120ml-bottle\/"},"modified":"2026-04-20T13:40:53","modified_gmt":"2026-04-20T13:40:53","slug":"dsc-pro-growth-biotin-mitrinosa-matu-ella-120-ml","status":"publish","type":"product","link":"https:\/\/e.kosmolat.eu\/lv\/product\/dsc-pro-growth-biotin-mitrinosa-matu-ella-120-ml\/","title":{"rendered":"DSC Pro Growth Biotin Mitrino\u0161a matu e\u013cla, 120 ml"},"content":{"rendered":"<p>E\u013c\u013ca ar biot\u012bnu pal\u012bdz mitrin\u0101t matus, padarot tos gludus, sp\u012bd\u012bgus un barotus. Biot\u012bns veicina matu maiguma un mitruma saglab\u0101\u0161anu, atvieglo to ieveido\u0161anu un pie\u0161\u0137ir mirdzumu. \u0160\u012b B grupas vitam\u012bnu sast\u0101vda\u013ca sp\u0113l\u0113 svar\u012bgu lomu matu vesel\u012bbas uztur\u0113\u0161an\u0101.<\/p>\n<p>Lieto\u0161ana: Uzkl\u0101jiet nelielu daudzumu un vienm\u0113r\u012bgi sadaliet no matu vidusda\u013cas l\u012bdz galiem.<\/p>\n","protected":false},"excerpt":{"rendered":"<p>E\u013c\u013ca ar biot\u012bnu pal\u012bdz mitrin\u0101t matus, padarot tos gludus, sp\u012bd\u012bgus un barotus. Biot\u012bns veicina matu maiguma un mitruma saglab\u0101\u0161anu, atvieglo to ieveido\u0161anu un pie\u0161\u0137ir mirdzumu. \u0160\u012b B grupas vitam\u012bnu sast\u0101vda\u013ca sp\u0113l\u0113 svar\u012bgu lomu matu vesel\u012bbas uztur\u0113\u0161an\u0101. Lieto\u0161ana: Uzkl\u0101jiet nelielu daudzumu un vienm\u0113r\u012bgi sadaliet no matu vidusda\u013cas l\u012bdz galiem.<\/p>\n","protected":false},"featured_media":93930,"template":"","meta":[],"product_cat":[1651],"product_tag":[],"class_list":{"0":"post-77550","1":"product","2":"type-product","3":"status-publish","4":"has-post-thumbnail","6":"product_brand-dead-sea_il","7":"product_cat-zelejas-kremi-ellas-u-c","9":"first","10":"instock","11":"taxable","12":"shipping-taxable","13":"product-type-simple"},"_links":{"self":[{"href":"https:\/\/e.kosmolat.eu\/lv\/wp-json\/wp\/v2\/product\/77550","targetHints":{"allow":["GET"]}}],"collection":[{"href":"https:\/\/e.kosmolat.eu\/lv\/wp-json\/wp\/v2\/product"}],"about":[{"href":"https:\/\/e.kosmolat.eu\/lv\/wp-json\/wp\/v2\/types\/product"}],"wp:featuredmedia":[{"embeddable":true,"href":"https:\/\/e.kosmolat.eu\/lv\/wp-json\/wp\/v2\/media\/93930"}],"wp:attachment":[{"href":"https:\/\/e.kosmolat.eu\/lv\/wp-json\/wp\/v2\/media?parent=77550"}],"wp:term":[{"taxonomy":"product_cat","embeddable":true,"href":"https:\/\/e.kosmolat.eu\/lv\/wp-json\/wp\/v2\/product_cat?post=77550"},{"taxonomy":"product_tag","embeddable":true,"href":"https:\/\/e.kosmolat.eu\/lv\/wp-json\/wp\/v2\/product_tag?post=77550"}],"curies":[{"name":"wp","href":"https:\/\/api.w.org\/{rel}","templated":true}]}}