{"id":77546,"date":"2025-08-08T08:50:51","date_gmt":"2025-08-08T08:50:51","guid":{"rendered":"https:\/\/e.kosmolat.eu\/product\/dsc-bitin-hair-mask-16-9fl-oz-500ml-jar\/"},"modified":"2026-04-23T09:29:03","modified_gmt":"2026-04-23T09:29:03","slug":"dsc-biotin-matu-maska-ar-biotinu-un-naves-juras-miner-500-ml","status":"publish","type":"product","link":"https:\/\/e.kosmolat.eu\/lv\/product\/dsc-biotin-matu-maska-ar-biotinu-un-naves-juras-miner-500-ml\/","title":{"rendered":"DSC Biotin Matu Maska ar biot\u012bnu un N\u0101ves j\u016bras miner., 500 ml"},"content":{"rendered":"<p>Formula, kas bag\u0101tin\u0101ta ar N\u0101ves j\u016bras miner\u0101liem un pastiprin\u0101ta ar rozmar\u012bna un piparm\u0113tras iedarb\u012bbu, pal\u012bdz mitrin\u0101t un barot matus, pie\u0161\u0137irot tiem sp\u012bdumu, kuplumu un apjomu.<\/p>\n<p>Lieto\u0161ana: Uzkl\u0101jiet matu garum\u0101 p\u0113c mazg\u0101\u0161anas ar \u0161amp\u016bnu. Atst\u0101jiet uz 3\u20135 min\u016bt\u0113m, p\u0113c tam r\u016bp\u012bgi izskalojiet.<\/p>\n","protected":false},"excerpt":{"rendered":"<p>Formula, kas bag\u0101tin\u0101ta ar N\u0101ves j\u016bras miner\u0101liem un pastiprin\u0101ta ar rozmar\u012bna un piparm\u0113tras iedarb\u012bbu, pal\u012bdz mitrin\u0101t un barot matus, pie\u0161\u0137irot tiem sp\u012bdumu, kuplumu un apjomu. Lieto\u0161ana: Uzkl\u0101jiet matu garum\u0101 p\u0113c mazg\u0101\u0161anas ar \u0161amp\u016bnu. Atst\u0101jiet uz 3\u20135 min\u016bt\u0113m, p\u0113c tam r\u016bp\u012bgi izskalojiet.<\/p>\n","protected":false},"featured_media":93902,"template":"","meta":[],"product_cat":[1257],"product_tag":[],"class_list":{"0":"post-77546","1":"product","2":"type-product","3":"status-publish","4":"has-post-thumbnail","6":"product_brand-dead-sea_il","7":"product_cat-1257","9":"first","10":"instock","11":"taxable","12":"shipping-taxable","13":"product-type-simple"},"_links":{"self":[{"href":"https:\/\/e.kosmolat.eu\/lv\/wp-json\/wp\/v2\/product\/77546","targetHints":{"allow":["GET"]}}],"collection":[{"href":"https:\/\/e.kosmolat.eu\/lv\/wp-json\/wp\/v2\/product"}],"about":[{"href":"https:\/\/e.kosmolat.eu\/lv\/wp-json\/wp\/v2\/types\/product"}],"wp:featuredmedia":[{"embeddable":true,"href":"https:\/\/e.kosmolat.eu\/lv\/wp-json\/wp\/v2\/media\/93902"}],"wp:attachment":[{"href":"https:\/\/e.kosmolat.eu\/lv\/wp-json\/wp\/v2\/media?parent=77546"}],"wp:term":[{"taxonomy":"product_cat","embeddable":true,"href":"https:\/\/e.kosmolat.eu\/lv\/wp-json\/wp\/v2\/product_cat?post=77546"},{"taxonomy":"product_tag","embeddable":true,"href":"https:\/\/e.kosmolat.eu\/lv\/wp-json\/wp\/v2\/product_tag?post=77546"}],"curies":[{"name":"wp","href":"https:\/\/api.w.org\/{rel}","templated":true}]}}