{"id":77538,"date":"2025-08-08T04:07:23","date_gmt":"2025-08-08T04:07:23","guid":{"rendered":"https:\/\/e.kosmolat.eu\/product\/pasta-del-capitano-1905-orig-recepte-zobu-pasta-ar-krustnagl-un-kaneli-75-ml\/"},"modified":"2026-03-31T08:10:48","modified_gmt":"2026-03-31T08:10:48","slug":"pasta-del-capitano-1905-orig-recepte-zobu-pasta-ar-krustnagl-un-kaneli-75-ml","status":"publish","type":"product","link":"https:\/\/e.kosmolat.eu\/lv\/product\/pasta-del-capitano-1905-orig-recepte-zobu-pasta-ar-krustnagl-un-kaneli-75-ml\/","title":{"rendered":"Pasta del Capitano 1905 Ori\u0123. recepte Zobu pasta ar krustnagl. un kan\u0113li, 75 ml"},"content":{"rendered":"<p>Pirm\u0101 zobu pasta Pasta del Capitano tika izlaista It\u0101lij\u0101 1905. gad\u0101 un uzreiz k\u013cuva paz\u012bstama, pateicoties unik\u0101lajai krustnagli\u0146u lapu, piparm\u0113tras un kan\u0113\u013ca gar\u0161u kombin\u0101cijai, kas nodro\u0161ina svaigu elpu un p\u0101rliecin\u0101tu smaidu.<\/p>\n<p>Br\u012bdin\u0101jums: Satur n\u0101trija monofluorfosf\u0101tu. B\u0113rniem vecum\u0101 l\u012bdz se\u0161iem gadiem: lietot pastu zir\u0146a lielum\u0101 un t\u012br\u012bt zobus pieaugu\u0161\u0101 uzraudz\u012bb\u0101, lai samazin\u0101tu nor\u012b\u0161anas iesp\u0113ju. Ja lietojat citus fluoru saturo\u0161us l\u012bdzek\u013cus, konsult\u0113jieties ar zob\u0101rstu vai \u0101rstu. P\u0113c lieto\u0161anas cie\u0161i aizveriet t\u016bbi\u0146u. P\u0101rtrauciet lieto\u0161anu, ja rodas aler\u0123iska reakcija.<\/p>\n<p>Der\u012bguma termi\u0146\u0161 p\u0113c atv\u0113r\u0161anas ir nor\u0101d\u012bts m\u0113ne\u0161os un ir sp\u0113k\u0101, ja produkts tiek uzglab\u0101ts pareizi un tiek lietots paredz\u0113tajos apst\u0101k\u013cos.<\/p>\n","protected":false},"excerpt":{"rendered":"<p>Pirm\u0101 zobu pasta Pasta del Capitano tika izlaista It\u0101lij\u0101 1905. gad\u0101 un uzreiz k\u013cuva paz\u012bstama, pateicoties unik\u0101lajai krustnagli\u0146u lapu, piparm\u0113tras un kan\u0113\u013ca gar\u0161u kombin\u0101cijai, kas nodro\u0161ina svaigu elpu un p\u0101rliecin\u0101tu smaidu. Br\u012bdin\u0101jums: Satur n\u0101trija monofluorfosf\u0101tu. B\u0113rniem vecum\u0101 l\u012bdz se\u0161iem gadiem: lietot pastu zir\u0146a lielum\u0101 un t\u012br\u012bt zobus pieaugu\u0161\u0101 uzraudz\u012bb\u0101, lai samazin\u0101tu nor\u012b\u0161anas iesp\u0113ju. Ja lietojat [&#8230;]\n","protected":false},"featured_media":96122,"template":"","meta":[],"product_cat":[1309],"product_tag":[],"class_list":{"0":"post-77538","1":"product","2":"type-product","3":"status-publish","4":"has-post-thumbnail","6":"product_brand-ciccarelli_it","7":"product_cat-1309","9":"first","10":"instock","11":"taxable","12":"shipping-taxable","13":"product-type-simple"},"_links":{"self":[{"href":"https:\/\/e.kosmolat.eu\/lv\/wp-json\/wp\/v2\/product\/77538","targetHints":{"allow":["GET"]}}],"collection":[{"href":"https:\/\/e.kosmolat.eu\/lv\/wp-json\/wp\/v2\/product"}],"about":[{"href":"https:\/\/e.kosmolat.eu\/lv\/wp-json\/wp\/v2\/types\/product"}],"wp:featuredmedia":[{"embeddable":true,"href":"https:\/\/e.kosmolat.eu\/lv\/wp-json\/wp\/v2\/media\/96122"}],"wp:attachment":[{"href":"https:\/\/e.kosmolat.eu\/lv\/wp-json\/wp\/v2\/media?parent=77538"}],"wp:term":[{"taxonomy":"product_cat","embeddable":true,"href":"https:\/\/e.kosmolat.eu\/lv\/wp-json\/wp\/v2\/product_cat?post=77538"},{"taxonomy":"product_tag","embeddable":true,"href":"https:\/\/e.kosmolat.eu\/lv\/wp-json\/wp\/v2\/product_tag?post=77538"}],"curies":[{"name":"wp","href":"https:\/\/api.w.org\/{rel}","templated":true}]}}