{"id":77534,"date":"2025-08-08T04:07:07","date_gmt":"2025-08-08T04:07:07","guid":{"rendered":"https:\/\/e.kosmolat.eu\/product\/pasta-del-capitano-1905-zobu-pasta-smeketajiem-ar-piparmetru-75-ml\/"},"modified":"2026-03-31T08:10:35","modified_gmt":"2026-03-31T08:10:35","slug":"pasta-del-capitano-1905-zobu-pasta-smeketajiem-ar-piparmetru-75-ml","status":"publish","type":"product","link":"https:\/\/e.kosmolat.eu\/lv\/product\/pasta-del-capitano-1905-zobu-pasta-smeketajiem-ar-piparmetru-75-ml\/","title":{"rendered":"Pasta del Capitano 1905 Zobu pasta sm\u0113\u0137\u0113t\u0101jiem ar piparm\u0113tru, 75 ml"},"content":{"rendered":"<p>Zobu pasta ir \u012bpa\u0161i izstr\u0101d\u0101ta sm\u0113\u0137\u0113t\u0101jiem. T\u0101 pal\u012bdz nov\u0113rst zobakmens veido\u0161anos un pal\u0113nina t\u0101 att\u012bst\u012bbu. Svaig\u0101 piparm\u0113tru gar\u0161a nodro\u0161ina ilgsto\u0161u svaigu elpu un p\u0101rliecino\u0161u smaidu.<\/p>\n<p>Br\u012bdin\u0101jums: Satur n\u0101trija fluor\u012bdu un n\u0101trija monofluorfosf\u0101tu. B\u0113rniem vecum\u0101 l\u012bdz se\u0161iem gadiem: lietot pastu zir\u0146a lielum\u0101 un t\u012br\u012bt zobus pieaugu\u0161\u0101 uzraudz\u012bb\u0101, lai samazin\u0101tu nor\u012b\u0161anas iesp\u0113ju. Ja lietojat citus fluoru saturo\u0161us l\u012bdzek\u013cus, konsult\u0113jieties ar zob\u0101rstu vai \u0101rstu. P\u0113c lieto\u0161anas cie\u0161i aizveriet t\u016bbi\u0146u. P\u0101rtrauciet lieto\u0161anu, ja rodas aler\u0123iska reakcija.<\/p>\n<p>Der\u012bguma termi\u0146\u0161 p\u0113c atv\u0113r\u0161anas ir nor\u0101d\u012bts m\u0113ne\u0161os un ir sp\u0113k\u0101, ja produkts tiek uzglab\u0101ts pareizi un tiek lietots paredz\u0113tajos apst\u0101k\u013cos.<\/p>\n","protected":false},"excerpt":{"rendered":"<p>Zobu pasta ir \u012bpa\u0161i izstr\u0101d\u0101ta sm\u0113\u0137\u0113t\u0101jiem. T\u0101 pal\u012bdz nov\u0113rst zobakmens veido\u0161anos un pal\u0113nina t\u0101 att\u012bst\u012bbu. Svaig\u0101 piparm\u0113tru gar\u0161a nodro\u0161ina ilgsto\u0161u svaigu elpu un p\u0101rliecino\u0161u smaidu. Br\u012bdin\u0101jums: Satur n\u0101trija fluor\u012bdu un n\u0101trija monofluorfosf\u0101tu. B\u0113rniem vecum\u0101 l\u012bdz se\u0161iem gadiem: lietot pastu zir\u0146a lielum\u0101 un t\u012br\u012bt zobus pieaugu\u0161\u0101 uzraudz\u012bb\u0101, lai samazin\u0101tu nor\u012b\u0161anas iesp\u0113ju. Ja lietojat citus fluoru saturo\u0161us [&#8230;]\n","protected":false},"featured_media":0,"template":"","meta":[],"product_cat":[1309],"product_tag":[],"class_list":{"0":"post-77534","1":"product","2":"type-product","3":"status-publish","5":"product_brand-ciccarelli_it","6":"product_cat-1309","8":"first","9":"instock","10":"taxable","11":"shipping-taxable","12":"product-type-simple"},"_links":{"self":[{"href":"https:\/\/e.kosmolat.eu\/lv\/wp-json\/wp\/v2\/product\/77534","targetHints":{"allow":["GET"]}}],"collection":[{"href":"https:\/\/e.kosmolat.eu\/lv\/wp-json\/wp\/v2\/product"}],"about":[{"href":"https:\/\/e.kosmolat.eu\/lv\/wp-json\/wp\/v2\/types\/product"}],"wp:attachment":[{"href":"https:\/\/e.kosmolat.eu\/lv\/wp-json\/wp\/v2\/media?parent=77534"}],"wp:term":[{"taxonomy":"product_cat","embeddable":true,"href":"https:\/\/e.kosmolat.eu\/lv\/wp-json\/wp\/v2\/product_cat?post=77534"},{"taxonomy":"product_tag","embeddable":true,"href":"https:\/\/e.kosmolat.eu\/lv\/wp-json\/wp\/v2\/product_tag?post=77534"}],"curies":[{"name":"wp","href":"https:\/\/api.w.org\/{rel}","templated":true}]}}