{"id":77530,"date":"2025-08-08T04:06:51","date_gmt":"2025-08-08T04:06:51","guid":{"rendered":"https:\/\/e.kosmolat.eu\/product\/pasta-del-capitano-bernu-zobu-birste-6\/"},"modified":"2026-04-24T05:53:58","modified_gmt":"2026-04-24T05:53:58","slug":"pasta-del-capitano-bernu-zobu-birste-6","status":"publish","type":"product","link":"https:\/\/e.kosmolat.eu\/lv\/product\/pasta-del-capitano-bernu-zobu-birste-6\/","title":{"rendered":"Pasta del Capitano B\u0113rnu zobu birste, 6+"},"content":{"rendered":"<p>B\u0113rnu zobu birste ir \u012bpa\u0161i izstr\u0101d\u0101ta b\u0113rnu past\u0101v\u012bgo zobu t\u012br\u012b\u0161anai gr\u016bti aizsniedzam\u0101s viet\u0101s. Tas tiek pan\u0101kts, pateicoties m\u012bkstajiem Tynex sari\u0146iem ar noapa\u013cotiem galiem, nelielai kompaktai galvi\u0146ai, ergonomiskam rokturim un m\u0113les t\u012br\u012bt\u0101jam.<\/p>\n","protected":false},"excerpt":{"rendered":"<p>B\u0113rnu zobu birste ir \u012bpa\u0161i izstr\u0101d\u0101ta b\u0113rnu past\u0101v\u012bgo zobu t\u012br\u012b\u0161anai gr\u016bti aizsniedzam\u0101s viet\u0101s. Tas tiek pan\u0101kts, pateicoties m\u012bkstajiem Tynex sari\u0146iem ar noapa\u013cotiem galiem, nelielai kompaktai galvi\u0146ai, ergonomiskam rokturim un m\u0113les t\u012br\u012bt\u0101jam.<\/p>\n","protected":false},"featured_media":96114,"template":"","meta":[],"product_cat":[1335],"product_tag":[],"class_list":{"0":"post-77530","1":"product","2":"type-product","3":"status-publish","4":"has-post-thumbnail","6":"product_brand-ciccarelli_it","7":"product_cat-bernu-mutes-dobuma-higiena","9":"first","10":"instock","11":"taxable","12":"shipping-taxable","13":"product-type-simple"},"_links":{"self":[{"href":"https:\/\/e.kosmolat.eu\/lv\/wp-json\/wp\/v2\/product\/77530","targetHints":{"allow":["GET"]}}],"collection":[{"href":"https:\/\/e.kosmolat.eu\/lv\/wp-json\/wp\/v2\/product"}],"about":[{"href":"https:\/\/e.kosmolat.eu\/lv\/wp-json\/wp\/v2\/types\/product"}],"wp:featuredmedia":[{"embeddable":true,"href":"https:\/\/e.kosmolat.eu\/lv\/wp-json\/wp\/v2\/media\/96114"}],"wp:attachment":[{"href":"https:\/\/e.kosmolat.eu\/lv\/wp-json\/wp\/v2\/media?parent=77530"}],"wp:term":[{"taxonomy":"product_cat","embeddable":true,"href":"https:\/\/e.kosmolat.eu\/lv\/wp-json\/wp\/v2\/product_cat?post=77530"},{"taxonomy":"product_tag","embeddable":true,"href":"https:\/\/e.kosmolat.eu\/lv\/wp-json\/wp\/v2\/product_tag?post=77530"}],"curies":[{"name":"wp","href":"https:\/\/api.w.org\/{rel}","templated":true}]}}