{"id":77526,"date":"2025-08-08T04:06:35","date_gmt":"2025-08-08T04:06:35","guid":{"rendered":"https:\/\/e.kosmolat.eu\/product\/pasta-del-capitano-bernu-zobu-birste-3\/"},"modified":"2025-09-20T08:43:42","modified_gmt":"2025-09-20T08:43:42","slug":"pasta-del-capitano-bernu-zobu-birste-3","status":"publish","type":"product","link":"https:\/\/e.kosmolat.eu\/lv\/product\/pasta-del-capitano-bernu-zobu-birste-3\/","title":{"rendered":"Pasta del Capitano B\u0113rnu zobu birste, 3+"},"content":{"rendered":"<p>B\u0113rnu zobu birste ir \u012bpa\u0161i izstr\u0101d\u0101ta piena zobu un smaganu t\u012br\u012b\u0161anai. Tas tiek pan\u0101kts, pateicoties m\u012bkstajiem Tynex sari\u0146iem ar noapa\u013cotiem galiem, k\u0101 ar\u012b mazai, kompaktai galvi\u0146ai ar ergonomisku rokturi.<\/p>\n","protected":false},"excerpt":{"rendered":"<p>B\u0113rnu zobu birste ir \u012bpa\u0161i izstr\u0101d\u0101ta piena zobu un smaganu t\u012br\u012b\u0161anai. Tas tiek pan\u0101kts, pateicoties m\u012bkstajiem Tynex sari\u0146iem ar noapa\u013cotiem galiem, k\u0101 ar\u012b mazai, kompaktai galvi\u0146ai ar ergonomisku rokturi.<\/p>\n","protected":false},"featured_media":96110,"template":"","meta":[],"product_cat":[1352],"product_tag":[],"class_list":{"0":"post-77526","1":"product","2":"type-product","3":"status-publish","4":"has-post-thumbnail","6":"product_brand-ciccarelli_it","7":"product_cat-zobu-birstes","9":"first","10":"outofstock","11":"taxable","12":"shipping-taxable","13":"product-type-simple"},"_links":{"self":[{"href":"https:\/\/e.kosmolat.eu\/lv\/wp-json\/wp\/v2\/product\/77526","targetHints":{"allow":["GET"]}}],"collection":[{"href":"https:\/\/e.kosmolat.eu\/lv\/wp-json\/wp\/v2\/product"}],"about":[{"href":"https:\/\/e.kosmolat.eu\/lv\/wp-json\/wp\/v2\/types\/product"}],"wp:featuredmedia":[{"embeddable":true,"href":"https:\/\/e.kosmolat.eu\/lv\/wp-json\/wp\/v2\/media\/96110"}],"wp:attachment":[{"href":"https:\/\/e.kosmolat.eu\/lv\/wp-json\/wp\/v2\/media?parent=77526"}],"wp:term":[{"taxonomy":"product_cat","embeddable":true,"href":"https:\/\/e.kosmolat.eu\/lv\/wp-json\/wp\/v2\/product_cat?post=77526"},{"taxonomy":"product_tag","embeddable":true,"href":"https:\/\/e.kosmolat.eu\/lv\/wp-json\/wp\/v2\/product_tag?post=77526"}],"curies":[{"name":"wp","href":"https:\/\/api.w.org\/{rel}","templated":true}]}}