{"id":77522,"date":"2025-08-08T04:06:18","date_gmt":"2025-08-08T04:06:18","guid":{"rendered":"https:\/\/e.kosmolat.eu\/product\/pasta-del-capitano-bernu-mutes-dob-skalos-lidz-maiga-piparm-6-400-ml\/"},"modified":"2026-04-15T07:42:15","modified_gmt":"2026-04-15T07:42:15","slug":"pasta-del-capitano-bernu-mutes-dob-skalos-lidz-maiga-piparm-6-400-ml","status":"publish","type":"product","link":"https:\/\/e.kosmolat.eu\/lv\/product\/pasta-del-capitano-bernu-mutes-dob-skalos-lidz-maiga-piparm-6-400-ml\/","title":{"rendered":"Pasta del Capitano B\u0113rnu mutes dob. skalo\u0161. l\u012bdz. Maiga piparm., 6+, 400 ml"},"content":{"rendered":"<p>Mutes skalo\u0161anas l\u012bdzeklis pal\u012bdz nov\u0113rst aplikuma un kariesa veido\u0161anos. Izstr\u0101d\u0101ts \u012bpa\u0161i b\u0113rnu zobu un smaganu kop\u0161anai no 6 gadu vecuma. Iek\u013c\u016bst dzi\u013ci, att\u012bra pat starpzobu spraugas, papildinot zobu pastas un zobu birstes darb\u012bbu. \u012apa\u0161i ieteicams b\u0113rniem ar breket\u0113m.<\/p>\n<p>Mutes skalo\u0161anas l\u012bdzeklis ir bag\u0101tin\u0101ts ar:<br \/>\n\u2022 fluora un kalcija s\u0101\u013ciem \u2014 kariesa profilaksei;<br \/>\n\u2022 betainu, k\u0101 ar\u012b malvas un kli\u0146\u0123er\u012b\u0161u ekstraktiem smaganu vesel\u012bbas uztur\u0113\u0161anai;<br \/>\n\u2022 Sulfetal Zn\u00ae, kas, pateicoties t\u0101 att\u012bro\u0161ajai iedarb\u012bbai, pal\u0113nina aplikuma veido\u0161anos.<\/p>\n<p>Nesatur alkoholu un cukuru.<\/p>\n<p>Lieto\u0161ana: Produkts ir gatavs lieto\u0161anai un tas nav j\u0101at\u0161\u0137aida. Ielejiet pusi no doz\u0113\u0161anas v\u0101ci\u0146a un skalojiet muti vismaz 30 sekundes.<\/p>\n<p>Br\u012bdin\u0101jums: Satur n\u0101trija monofluorfosf\u0101tu. B\u0113rniem vecum\u0101 l\u012bdz se\u0161iem gadiem: lietot nelielu daudzumu produkta pieaugu\u0161\u0101 uzraudz\u012bb\u0101, lai samazin\u0101tu nor\u012b\u0161anas iesp\u0113ju. Ja lietojat citus fluoru saturo\u0161us l\u012bdzek\u013cus, konsult\u0113jieties ar zob\u0101rstu vai \u0101rstu. P\u0101rtrauciet lieto\u0161anu, ja rodas aler\u0123iska reakcija.<\/p>\n<p>Uzglab\u0101t temperat\u016br\u0101 no +5 l\u012bdz +25\u202f\u00b0C b\u0113rniem nepieejam\u0101 viet\u0101.<\/p>\n<p>Der\u012bguma termi\u0146\u0161 p\u0113c atv\u0113r\u0161anas ir nor\u0101d\u012bts m\u0113ne\u0161os un ir sp\u0113k\u0101, ja produkts tiek uzglab\u0101ts pareizi un tiek lietots paredz\u0113tajos apst\u0101k\u013cos.<\/p>\n","protected":false},"excerpt":{"rendered":"<p>Mutes skalo\u0161anas l\u012bdzeklis pal\u012bdz nov\u0113rst aplikuma un kariesa veido\u0161anos. Izstr\u0101d\u0101ts \u012bpa\u0161i b\u0113rnu zobu un smaganu kop\u0161anai no 6 gadu vecuma. Iek\u013c\u016bst dzi\u013ci, att\u012bra pat starpzobu spraugas, papildinot zobu pastas un zobu birstes darb\u012bbu. \u012apa\u0161i ieteicams b\u0113rniem ar breket\u0113m. Mutes skalo\u0161anas l\u012bdzeklis ir bag\u0101tin\u0101ts ar: \u2022 fluora un kalcija s\u0101\u013ciem \u2014 kariesa profilaksei; \u2022 betainu, k\u0101 [&#8230;]\n","protected":false},"featured_media":96106,"template":"","meta":[],"product_cat":[1335],"product_tag":[],"class_list":{"0":"post-77522","1":"product","2":"type-product","3":"status-publish","4":"has-post-thumbnail","6":"product_brand-ciccarelli_it","7":"product_cat-bernu-mutes-dobuma-higiena","9":"first","10":"instock","11":"taxable","12":"shipping-taxable","13":"product-type-simple"},"_links":{"self":[{"href":"https:\/\/e.kosmolat.eu\/lv\/wp-json\/wp\/v2\/product\/77522","targetHints":{"allow":["GET"]}}],"collection":[{"href":"https:\/\/e.kosmolat.eu\/lv\/wp-json\/wp\/v2\/product"}],"about":[{"href":"https:\/\/e.kosmolat.eu\/lv\/wp-json\/wp\/v2\/types\/product"}],"wp:featuredmedia":[{"embeddable":true,"href":"https:\/\/e.kosmolat.eu\/lv\/wp-json\/wp\/v2\/media\/96106"}],"wp:attachment":[{"href":"https:\/\/e.kosmolat.eu\/lv\/wp-json\/wp\/v2\/media?parent=77522"}],"wp:term":[{"taxonomy":"product_cat","embeddable":true,"href":"https:\/\/e.kosmolat.eu\/lv\/wp-json\/wp\/v2\/product_cat?post=77522"},{"taxonomy":"product_tag","embeddable":true,"href":"https:\/\/e.kosmolat.eu\/lv\/wp-json\/wp\/v2\/product_tag?post=77522"}],"curies":[{"name":"wp","href":"https:\/\/api.w.org\/{rel}","templated":true}]}}