{"id":77514,"date":"2025-08-08T04:05:47","date_gmt":"2025-08-08T04:05:47","guid":{"rendered":"https:\/\/e.kosmolat.eu\/product\/pasta-del-capitano-gelveida-bernu-zobu-pasta-zemene-3-75-ml\/"},"modified":"2026-04-24T06:11:28","modified_gmt":"2026-04-24T06:11:28","slug":"pasta-del-capitano-gelveida-bernu-zobu-pasta-zemene-3-75-ml","status":"publish","type":"product","link":"https:\/\/e.kosmolat.eu\/lv\/product\/pasta-del-capitano-gelveida-bernu-zobu-pasta-zemene-3-75-ml\/","title":{"rendered":"Pasta del Capitano G\u0113lveida b\u0113rnu zobu pasta Zemene 3+, 75 ml"},"content":{"rendered":"<p>Maiga g\u0113lveida zobu pasta, \u012bpa\u0161i izstr\u0101d\u0101ta zobu un smaganu vesel\u012bbas uztur\u0113\u0161anai agr\u012bn\u0101 b\u0113rn\u012bb\u0101. T\u0101 motiv\u0113 b\u0113rnus t\u012br\u012bt zobus, pateicoties pat\u012bkamajai gar\u0161ai un kr\u0101sainaj\u0101m mikrogranul\u0101m. Pateicoties inovat\u012bvajai formulai, pastai piem\u012bt att\u012bro\u0161as \u012bpa\u0161\u012bbas, un t\u0101 uzticami aizsarg\u0101 pret kariesu.<\/p>\n<p>Nesatur n\u0101trija laurilsulf\u0101tu, formaldeh\u012bdu un parab\u0113nus.<\/p>\n<p>Br\u012bdin\u0101jums: Satur n\u0101trija monofluorfosf\u0101tu. B\u0113rniem vecum\u0101 l\u012bdz se\u0161iem gadiem: lietot pastu zir\u0146a lielum\u0101 un t\u012br\u012bt zobus pieaugu\u0161\u0101 uzraudz\u012bb\u0101, lai samazin\u0101tu nor\u012b\u0161anas iesp\u0113ju. Ja lietojat citus fluoru saturo\u0161us l\u012bdzek\u013cus, konsult\u0113jieties ar zob\u0101rstu vai \u0101rstu. P\u0113c lieto\u0161anas cie\u0161i aizveriet t\u016bbi\u0146u. P\u0101rtrauciet lieto\u0161anu, ja rodas aler\u0123iska reakcija.<\/p>\n<p>Der\u012bguma termi\u0146\u0161 p\u0113c atv\u0113r\u0161anas ir nor\u0101d\u012bts m\u0113ne\u0161os un ir sp\u0113k\u0101, ja produkts tiek uzglab\u0101ts pareizi un tiek lietots paredz\u0113tajos apst\u0101k\u013cos.<\/p>\n","protected":false},"excerpt":{"rendered":"<p>Maiga g\u0113lveida zobu pasta, \u012bpa\u0161i izstr\u0101d\u0101ta zobu un smaganu vesel\u012bbas uztur\u0113\u0161anai agr\u012bn\u0101 b\u0113rn\u012bb\u0101. T\u0101 motiv\u0113 b\u0113rnus t\u012br\u012bt zobus, pateicoties pat\u012bkamajai gar\u0161ai un kr\u0101sainaj\u0101m mikrogranul\u0101m. Pateicoties inovat\u012bvajai formulai, pastai piem\u012bt att\u012bro\u0161as \u012bpa\u0161\u012bbas, un t\u0101 uzticami aizsarg\u0101 pret kariesu. Nesatur n\u0101trija laurilsulf\u0101tu, formaldeh\u012bdu un parab\u0113nus. Br\u012bdin\u0101jums: Satur n\u0101trija monofluorfosf\u0101tu. B\u0113rniem vecum\u0101 l\u012bdz se\u0161iem gadiem: lietot pastu zir\u0146a [&#8230;]\n","protected":false},"featured_media":96098,"template":"","meta":[],"product_cat":[1309],"product_tag":[],"class_list":{"0":"post-77514","1":"product","2":"type-product","3":"status-publish","4":"has-post-thumbnail","6":"product_brand-ciccarelli_it","7":"product_cat-1309","9":"first","10":"instock","11":"taxable","12":"shipping-taxable","13":"product-type-simple"},"_links":{"self":[{"href":"https:\/\/e.kosmolat.eu\/lv\/wp-json\/wp\/v2\/product\/77514","targetHints":{"allow":["GET"]}}],"collection":[{"href":"https:\/\/e.kosmolat.eu\/lv\/wp-json\/wp\/v2\/product"}],"about":[{"href":"https:\/\/e.kosmolat.eu\/lv\/wp-json\/wp\/v2\/types\/product"}],"wp:featuredmedia":[{"embeddable":true,"href":"https:\/\/e.kosmolat.eu\/lv\/wp-json\/wp\/v2\/media\/96098"}],"wp:attachment":[{"href":"https:\/\/e.kosmolat.eu\/lv\/wp-json\/wp\/v2\/media?parent=77514"}],"wp:term":[{"taxonomy":"product_cat","embeddable":true,"href":"https:\/\/e.kosmolat.eu\/lv\/wp-json\/wp\/v2\/product_cat?post=77514"},{"taxonomy":"product_tag","embeddable":true,"href":"https:\/\/e.kosmolat.eu\/lv\/wp-json\/wp\/v2\/product_tag?post=77514"}],"curies":[{"name":"wp","href":"https:\/\/api.w.org\/{rel}","templated":true}]}}