{"id":77510,"date":"2025-08-08T04:05:30","date_gmt":"2025-08-08T04:05:30","guid":{"rendered":"https:\/\/e.kosmolat.eu\/product\/pasta-del-capitano-gimenes-zobu-birste-cieta\/"},"modified":"2026-03-31T08:09:31","modified_gmt":"2026-03-31T08:09:31","slug":"pasta-del-capitano-gimenes-zobu-birste-cieta","status":"publish","type":"product","link":"https:\/\/e.kosmolat.eu\/lv\/product\/pasta-del-capitano-gimenes-zobu-birste-cieta\/","title":{"rendered":"Pasta del Capitano \u0122imenes zobu birste, Cieta"},"content":{"rendered":"<p>Zobu birste visai \u0123imenei ar:<br \/>\n\u2022 kompakto un elast\u012bgo birstes galvi\u0146u;<br \/>\n\u2022 ergonomisko un lokano rokturi;<br \/>\n\u2022 noapa\u013cotiem sari\u0146iem, kas neskr\u0101p\u0113 zobu emalju.<\/p>\n","protected":false},"excerpt":{"rendered":"<p>Zobu birste visai \u0123imenei ar: \u2022 kompakto un elast\u012bgo birstes galvi\u0146u; \u2022 ergonomisko un lokano rokturi; \u2022 noapa\u013cotiem sari\u0146iem, kas neskr\u0101p\u0113 zobu emalju.<\/p>\n","protected":false},"featured_media":96094,"template":"","meta":[],"product_cat":[1352],"product_tag":[],"class_list":{"0":"post-77510","1":"product","2":"type-product","3":"status-publish","4":"has-post-thumbnail","6":"product_brand-ciccarelli_it","7":"product_cat-zobu-birstes","9":"first","10":"instock","11":"taxable","12":"shipping-taxable","13":"product-type-simple"},"_links":{"self":[{"href":"https:\/\/e.kosmolat.eu\/lv\/wp-json\/wp\/v2\/product\/77510","targetHints":{"allow":["GET"]}}],"collection":[{"href":"https:\/\/e.kosmolat.eu\/lv\/wp-json\/wp\/v2\/product"}],"about":[{"href":"https:\/\/e.kosmolat.eu\/lv\/wp-json\/wp\/v2\/types\/product"}],"wp:featuredmedia":[{"embeddable":true,"href":"https:\/\/e.kosmolat.eu\/lv\/wp-json\/wp\/v2\/media\/96094"}],"wp:attachment":[{"href":"https:\/\/e.kosmolat.eu\/lv\/wp-json\/wp\/v2\/media?parent=77510"}],"wp:term":[{"taxonomy":"product_cat","embeddable":true,"href":"https:\/\/e.kosmolat.eu\/lv\/wp-json\/wp\/v2\/product_cat?post=77510"},{"taxonomy":"product_tag","embeddable":true,"href":"https:\/\/e.kosmolat.eu\/lv\/wp-json\/wp\/v2\/product_tag?post=77510"}],"curies":[{"name":"wp","href":"https:\/\/api.w.org\/{rel}","templated":true}]}}