{"id":77502,"date":"2025-08-08T04:05:00","date_gmt":"2025-08-08T04:05:00","guid":{"rendered":"https:\/\/e.kosmolat.eu\/product\/pasta-del-capitano-gimenes-zobu-birste-miksta\/"},"modified":"2026-04-10T13:21:03","modified_gmt":"2026-04-10T13:21:03","slug":"pasta-del-capitano-gimenes-zobu-birste-miksta","status":"publish","type":"product","link":"https:\/\/e.kosmolat.eu\/lv\/product\/pasta-del-capitano-gimenes-zobu-birste-miksta\/","title":{"rendered":"Pasta del Capitano \u0122imenes zobu birste, M\u012bksta"},"content":{"rendered":"<p>Zobu birste visai \u0123imenei ar:<br \/>\n\u2022 kompakto un elast\u012bgo birstes galvi\u0146u;<br \/>\n\u2022 ergonomisko un lokano rokturi;<br \/>\n\u2022 noapa\u013cotiem sari\u0146iem, kas neskr\u0101p\u0113 zobu emalju.<\/p>\n","protected":false},"excerpt":{"rendered":"<p>Zobu birste visai \u0123imenei ar: \u2022 kompakto un elast\u012bgo birstes galvi\u0146u; \u2022 ergonomisko un lokano rokturi; \u2022 noapa\u013cotiem sari\u0146iem, kas neskr\u0101p\u0113 zobu emalju.<\/p>\n","protected":false},"featured_media":96086,"template":"","meta":[],"product_cat":[1354],"product_tag":[],"class_list":{"0":"post-77502","1":"product","2":"type-product","3":"status-publish","4":"has-post-thumbnail","6":"product_brand-ciccarelli_it","7":"product_cat-dantu-sepeteliai","9":"first","10":"instock","11":"taxable","12":"shipping-taxable","13":"product-type-simple"},"_links":{"self":[{"href":"https:\/\/e.kosmolat.eu\/lv\/wp-json\/wp\/v2\/product\/77502","targetHints":{"allow":["GET"]}}],"collection":[{"href":"https:\/\/e.kosmolat.eu\/lv\/wp-json\/wp\/v2\/product"}],"about":[{"href":"https:\/\/e.kosmolat.eu\/lv\/wp-json\/wp\/v2\/types\/product"}],"wp:featuredmedia":[{"embeddable":true,"href":"https:\/\/e.kosmolat.eu\/lv\/wp-json\/wp\/v2\/media\/96086"}],"wp:attachment":[{"href":"https:\/\/e.kosmolat.eu\/lv\/wp-json\/wp\/v2\/media?parent=77502"}],"wp:term":[{"taxonomy":"product_cat","embeddable":true,"href":"https:\/\/e.kosmolat.eu\/lv\/wp-json\/wp\/v2\/product_cat?post=77502"},{"taxonomy":"product_tag","embeddable":true,"href":"https:\/\/e.kosmolat.eu\/lv\/wp-json\/wp\/v2\/product_tag?post=77502"}],"curies":[{"name":"wp","href":"https:\/\/api.w.org\/{rel}","templated":true}]}}