{"id":77498,"date":"2025-08-08T04:04:43","date_gmt":"2025-08-08T04:04:43","guid":{"rendered":"https:\/\/e.kosmolat.eu\/product\/pasta-del-capitano-zobu-diegs-50-m\/"},"modified":"2026-04-22T06:55:55","modified_gmt":"2026-04-22T06:55:55","slug":"pasta-del-capitano-zobu-diegs-50-m","status":"publish","type":"product","link":"https:\/\/e.kosmolat.eu\/lv\/product\/pasta-del-capitano-zobu-diegs-50-m\/","title":{"rendered":"Pasta del Capitano Zobu diegs, 50 m"},"content":{"rendered":"<p>Ide\u0101ls l\u012bdzeklis mutes dobuma higi\u0113nas papildin\u0101\u0161anai. Zobu diega lieto\u0161ana pal\u012bdz uztur\u0113t mutes dobuma t\u012br\u012bbu, r\u016bp\u012bgi att\u012brot un no\u0146emot p\u0101rtikas atliekas starp zobiem. Regul\u0101ra zobu diega lieto\u0161ana pal\u012bdz nov\u0113rst kariesu un smaganu slim\u012bbas.<\/p>\n<p>Lieto\u0161ana: Nogrieziet apm\u0113ram 40 cm diega un aptiniet galus ap pirkstiem. Uzman\u012bgi ievietojiet diegu starp zobiem. Maigi kustiniet to uz priek\u0161u un atpaka\u013c, lai netraum\u0113tu smaganas un no\u0146emtu p\u0101rtikas atliekas. Atk\u0101rtojiet proced\u016bru katrai zobu starpai.<\/p>\n<p>Sarg\u0101t no b\u0113rniem nepieejam\u0101 viet\u0101.<\/p>\n","protected":false},"excerpt":{"rendered":"<p>Ide\u0101ls l\u012bdzeklis mutes dobuma higi\u0113nas papildin\u0101\u0161anai. Zobu diega lieto\u0161ana pal\u012bdz uztur\u0113t mutes dobuma t\u012br\u012bbu, r\u016bp\u012bgi att\u012brot un no\u0146emot p\u0101rtikas atliekas starp zobiem. Regul\u0101ra zobu diega lieto\u0161ana pal\u012bdz nov\u0113rst kariesu un smaganu slim\u012bbas. Lieto\u0161ana: Nogrieziet apm\u0113ram 40 cm diega un aptiniet galus ap pirkstiem. Uzman\u012bgi ievietojiet diegu starp zobiem. Maigi kustiniet to uz priek\u0161u un atpaka\u013c, [&#8230;]\n","protected":false},"featured_media":96082,"template":"","meta":[],"product_cat":[1999],"product_tag":[],"class_list":{"0":"post-77498","1":"product","2":"type-product","3":"status-publish","4":"has-post-thumbnail","6":"product_brand-ciccarelli_it","7":"product_cat-bez-kategorijas","9":"first","10":"instock","11":"taxable","12":"shipping-taxable","13":"product-type-simple"},"_links":{"self":[{"href":"https:\/\/e.kosmolat.eu\/lv\/wp-json\/wp\/v2\/product\/77498","targetHints":{"allow":["GET"]}}],"collection":[{"href":"https:\/\/e.kosmolat.eu\/lv\/wp-json\/wp\/v2\/product"}],"about":[{"href":"https:\/\/e.kosmolat.eu\/lv\/wp-json\/wp\/v2\/types\/product"}],"wp:featuredmedia":[{"embeddable":true,"href":"https:\/\/e.kosmolat.eu\/lv\/wp-json\/wp\/v2\/media\/96082"}],"wp:attachment":[{"href":"https:\/\/e.kosmolat.eu\/lv\/wp-json\/wp\/v2\/media?parent=77498"}],"wp:term":[{"taxonomy":"product_cat","embeddable":true,"href":"https:\/\/e.kosmolat.eu\/lv\/wp-json\/wp\/v2\/product_cat?post=77498"},{"taxonomy":"product_tag","embeddable":true,"href":"https:\/\/e.kosmolat.eu\/lv\/wp-json\/wp\/v2\/product_tag?post=77498"}],"curies":[{"name":"wp","href":"https:\/\/api.w.org\/{rel}","templated":true}]}}