{"id":77494,"date":"2025-08-08T04:04:26","date_gmt":"2025-08-08T04:04:26","guid":{"rendered":"https:\/\/e.kosmolat.eu\/product\/pasta-del-capitano-celojumu-kompl-zobu-birste-zobu-pasta-25-ml\/"},"modified":"2026-04-21T08:33:29","modified_gmt":"2026-04-21T08:33:29","slug":"pasta-del-capitano-celojumu-kompl-zobu-birste-zobu-pasta-25-ml","status":"publish","type":"product","link":"https:\/\/e.kosmolat.eu\/lv\/product\/pasta-del-capitano-celojumu-kompl-zobu-birste-zobu-pasta-25-ml\/","title":{"rendered":"Pasta del Capitano Ce\u013cojumu kompl. (zobu birste + zobu pasta, 25 ml)"},"content":{"rendered":"<p>Komplekt\u0101 ietilpst:<br \/>\n\u2022 Vid\u0113jas ciet\u012bbas zobu birste<br \/>\n\u2022 Zobu pasta \u2013 aizsardz\u012bba pret aplikumu un kariesu<\/p>\n<p>Ce\u013cojumu komplekts ir ide\u0101li piem\u0113rots mutes dobuma higi\u0113nas uztur\u0113\u0161anai ce\u013cojumos, skol\u0101 vai darb\u0101:<br \/>\n\u2022 \u0112rts zobu birstes dizains, kas izstr\u0101d\u0101ts, lai saglab\u0101tu sari\u0146u t\u012br\u012bbu. Zobu birstei ir vid\u0113jas ciet\u012bbas Tynex\u00ae sari\u0146i ar noapa\u013cotiem galiem.<br \/>\n\u2022 Pasta del Capitano zobu pasta &#8220;Aizsardz\u012bba pret aplikumu un kariesu&#8221; izstr\u0101d\u0101ta, lai pasarg\u0101tu zobus no aplikuma un kariesa veido\u0161an\u0101s. Satur fluor\u012bda s\u0101li, kas remineraliz\u0113 zobu emalju, un Sulfetal Zn\u00ae \u2013 att\u012bro\u0161u sast\u0101vda\u013cu, kas pal\u012bdz nov\u0113rst aplikuma veido\u0161anos. Zobu pasta satur r\u016bp\u012bgi atlas\u012btas sast\u0101vda\u013cas un dab\u012bgas piparm\u0113tras arom\u0101tu, nodro\u0161inot pat\u012bkamu svaiguma saj\u016btu. Nesatur parab\u0113nus, trikloz\u0101nu, n\u0101trija laurilsulf\u0101tu (SLS) un formaldeh\u012bdu saturo\u0161us konservantus. <\/p>\n<p>Br\u012bdin\u0101jums: Satur n\u0101trija monofluorfosf\u0101tu. B\u0113rniem vecum\u0101 l\u012bdz se\u0161iem gadiem: lietot pastu zir\u0146a lielum\u0101 un t\u012br\u012bt zobus pieaugu\u0161\u0101 uzraudz\u012bb\u0101, lai samazin\u0101tu nor\u012b\u0161anas iesp\u0113ju. Ja lietojat citus fluoru saturo\u0161us l\u012bdzek\u013cus, konsult\u0113jieties ar zob\u0101rstu vai \u0101rstu. P\u0113c lieto\u0161anas cie\u0161i aizveriet t\u016bbi\u0146u. P\u0101rtrauciet lieto\u0161anu, ja rodas aler\u0123iska reakcija.<\/p>\n<p>Der\u012bguma termi\u0146\u0161 p\u0113c atv\u0113r\u0161anas ir nor\u0101d\u012bts m\u0113ne\u0161os un ir sp\u0113k\u0101, ja produkts tiek uzglab\u0101ts pareizi un tiek lietots paredz\u0113tajos apst\u0101k\u013cos.<\/p>\n","protected":false},"excerpt":{"rendered":"<p>Komplekt\u0101 ietilpst: \u2022 Vid\u0113jas ciet\u012bbas zobu birste \u2022 Zobu pasta \u2013 aizsardz\u012bba pret aplikumu un kariesu Ce\u013cojumu komplekts ir ide\u0101li piem\u0113rots mutes dobuma higi\u0113nas uztur\u0113\u0161anai ce\u013cojumos, skol\u0101 vai darb\u0101: \u2022 \u0112rts zobu birstes dizains, kas izstr\u0101d\u0101ts, lai saglab\u0101tu sari\u0146u t\u012br\u012bbu. Zobu birstei ir vid\u0113jas ciet\u012bbas Tynex\u00ae sari\u0146i ar noapa\u013cotiem galiem. \u2022 Pasta del Capitano zobu [&#8230;]\n","protected":false},"featured_media":96078,"template":"","meta":[],"product_cat":[1355],"product_tag":[],"class_list":{"0":"post-77494","1":"product","2":"type-product","3":"status-publish","4":"has-post-thumbnail","6":"product_brand-ciccarelli_it","7":"product_cat-1355","9":"first","10":"instock","11":"taxable","12":"shipping-taxable","13":"product-type-simple"},"_links":{"self":[{"href":"https:\/\/e.kosmolat.eu\/lv\/wp-json\/wp\/v2\/product\/77494","targetHints":{"allow":["GET"]}}],"collection":[{"href":"https:\/\/e.kosmolat.eu\/lv\/wp-json\/wp\/v2\/product"}],"about":[{"href":"https:\/\/e.kosmolat.eu\/lv\/wp-json\/wp\/v2\/types\/product"}],"wp:featuredmedia":[{"embeddable":true,"href":"https:\/\/e.kosmolat.eu\/lv\/wp-json\/wp\/v2\/media\/96078"}],"wp:attachment":[{"href":"https:\/\/e.kosmolat.eu\/lv\/wp-json\/wp\/v2\/media?parent=77494"}],"wp:term":[{"taxonomy":"product_cat","embeddable":true,"href":"https:\/\/e.kosmolat.eu\/lv\/wp-json\/wp\/v2\/product_cat?post=77494"},{"taxonomy":"product_tag","embeddable":true,"href":"https:\/\/e.kosmolat.eu\/lv\/wp-json\/wp\/v2\/product_tag?post=77494"}],"curies":[{"name":"wp","href":"https:\/\/api.w.org\/{rel}","templated":true}]}}