{"id":77490,"date":"2025-08-08T04:04:11","date_gmt":"2025-08-08T04:04:11","guid":{"rendered":"https:\/\/e.kosmolat.eu\/product\/pasta-del-capitano-atsvaidzinoss-mutes-dobuma-sprejs-15-ml\/"},"modified":"2026-04-07T10:06:24","modified_gmt":"2026-04-07T10:06:24","slug":"pasta-del-capitano-atsvaidzinoss-mutes-dobuma-sprejs-15-ml","status":"publish","type":"product","link":"https:\/\/e.kosmolat.eu\/lv\/product\/pasta-del-capitano-atsvaidzinoss-mutes-dobuma-sprejs-15-ml\/","title":{"rendered":"Pasta del Capitano Atsvaidzino\u0161s mutes dobuma sprejs, 15 ml"},"content":{"rendered":"<p>Satur akt\u012bv\u0101s sast\u0101vda\u013cas, kas nodro\u0161ina svaigu elpu jebkuros apst\u0101k\u013cos. <\/p>\n<p>\u2022 Propolisa iedarb\u012bba pal\u012bdz samazin\u0101t bakt\u0113riju aktivit\u0101ti, t\u0101d\u0113j\u0101di uzlabojot mutes dobuma higi\u0113nu.<br \/>\n\u2022 Sulfetal Zn\u00ae, cinka atvasin\u0101jums, nodro\u0161ina att\u012bro\u0161u iedarb\u012bbu un pal\u012bdz atsvaidzin\u0101t elpu.<br \/>\n\u2022 Piparm\u0113tra sniedz ilgsto\u0161as svaiguma saj\u016btu.<\/p>\n<p>Der\u012bguma termi\u0146\u0161 p\u0113c atv\u0113r\u0161anas ir nor\u0101d\u012bts m\u0113ne\u0161os un ir sp\u0113k\u0101, ja produkts tiek uzglab\u0101ts pareizi un tiek lietots paredz\u0113tajos apst\u0101k\u013cos.<\/p>\n","protected":false},"excerpt":{"rendered":"<p>Satur akt\u012bv\u0101s sast\u0101vda\u013cas, kas nodro\u0161ina svaigu elpu jebkuros apst\u0101k\u013cos. \u2022 Propolisa iedarb\u012bba pal\u012bdz samazin\u0101t bakt\u0113riju aktivit\u0101ti, t\u0101d\u0113j\u0101di uzlabojot mutes dobuma higi\u0113nu. \u2022 Sulfetal Zn\u00ae, cinka atvasin\u0101jums, nodro\u0161ina att\u012bro\u0161u iedarb\u012bbu un pal\u012bdz atsvaidzin\u0101t elpu. \u2022 Piparm\u0113tra sniedz ilgsto\u0161as svaiguma saj\u016btu. Der\u012bguma termi\u0146\u0161 p\u0113c atv\u0113r\u0161anas ir nor\u0101d\u012bts m\u0113ne\u0161os un ir sp\u0113k\u0101, ja produkts tiek uzglab\u0101ts pareizi un [&#8230;]\n","protected":false},"featured_media":96074,"template":"","meta":[],"product_cat":[1999],"product_tag":[],"class_list":{"0":"post-77490","1":"product","2":"type-product","3":"status-publish","4":"has-post-thumbnail","6":"product_brand-ciccarelli_it","7":"product_cat-bez-kategorijas","9":"first","10":"instock","11":"taxable","12":"shipping-taxable","13":"product-type-simple"},"_links":{"self":[{"href":"https:\/\/e.kosmolat.eu\/lv\/wp-json\/wp\/v2\/product\/77490","targetHints":{"allow":["GET"]}}],"collection":[{"href":"https:\/\/e.kosmolat.eu\/lv\/wp-json\/wp\/v2\/product"}],"about":[{"href":"https:\/\/e.kosmolat.eu\/lv\/wp-json\/wp\/v2\/types\/product"}],"wp:featuredmedia":[{"embeddable":true,"href":"https:\/\/e.kosmolat.eu\/lv\/wp-json\/wp\/v2\/media\/96074"}],"wp:attachment":[{"href":"https:\/\/e.kosmolat.eu\/lv\/wp-json\/wp\/v2\/media?parent=77490"}],"wp:term":[{"taxonomy":"product_cat","embeddable":true,"href":"https:\/\/e.kosmolat.eu\/lv\/wp-json\/wp\/v2\/product_cat?post=77490"},{"taxonomy":"product_tag","embeddable":true,"href":"https:\/\/e.kosmolat.eu\/lv\/wp-json\/wp\/v2\/product_tag?post=77490"}],"curies":[{"name":"wp","href":"https:\/\/api.w.org\/{rel}","templated":true}]}}