{"id":77486,"date":"2025-08-08T04:03:55","date_gmt":"2025-08-08T04:03:55","guid":{"rendered":"https:\/\/e.kosmolat.eu\/product\/pasta-del-capitano-balinoss-mutes-dob-skalos-lidz-jutigiem-zob-400-ml\/"},"modified":"2026-04-23T05:58:52","modified_gmt":"2026-04-23T05:58:52","slug":"pasta-del-capitano-balinoss-mutes-dob-skalos-lidz-jutigiem-zob-400-ml","status":"publish","type":"product","link":"https:\/\/e.kosmolat.eu\/lv\/product\/pasta-del-capitano-balinoss-mutes-dob-skalos-lidz-jutigiem-zob-400-ml\/","title":{"rendered":"Pasta del Capitano Balino\u0161s mutes dob. skalo\u0161. l\u012bdz. jut\u012bgiem zob., 400 ml"},"content":{"rendered":"<p>Mutes skalo\u0161anas l\u012bdzeklis satur organisko piparm\u0113tru \u2014 v\u0113rt\u012bgu dabiskas izcelsmes sast\u0101vda\u013cu. Tas ir \u012bpa\u0161i izstr\u0101d\u0101ts jut\u012bgu zobu aizsardz\u012bbai. Pal\u012bdz atjaunot zobu baltumu, neboj\u0101jot emalju, pateicoties dabiskaj\u0101m balino\u0161aj\u0101m sast\u0101vda\u013c\u0101m.<\/p>\n<p>Akt\u012bv\u0101s sast\u0101vda\u013cas:<br \/>\n\u2022 Sulfetal Zn\u00ae \u2014 piem\u012bt att\u012bro\u0161a iedarb\u012bba.<br \/>\n\u2022 PVP \u2014 balino\u0161s l\u012bdzeklis, kas pal\u012bdz no\u0146emt pigmenta plankumus no zobu virsmas, neboj\u0101jot emalju.<br \/>\n\u2022 Beta\u012bns \u2014 dabiska viela, kas pasarg\u0101 smaganas no kairin\u0101juma.<br \/>\n\u2022 K\u0101lija citr\u0101ts \u2014 samazina zobu jut\u012bgumu.<\/p>\n<p>Lieto\u0161ana: Produkts ir gatavs lieto\u0161anai un tas nav j\u0101at\u0161\u0137aida. Ielejiet pusi no doz\u0113\u0161anas v\u0101ci\u0146a un skalojiet muti vismaz 30 sekundes. Ieteicams lietot katru dienu no r\u012bta un vakar\u0101 p\u0113c zobu t\u012br\u012b\u0161anas.<\/p>\n<p>Br\u012bdin\u0101jums: Satur n\u0101trija fluor\u012bdu un n\u0101trija monofluorfosf\u0101tu. B\u0113rniem vecum\u0101 l\u012bdz se\u0161iem gadiem: lietot nelielu daudzumu produkta pieaugu\u0161\u0101 uzraudz\u012bb\u0101, lai samazin\u0101tu nor\u012b\u0161anas iesp\u0113ju. Ja lietojat citus fluoru saturo\u0161us l\u012bdzek\u013cus, konsult\u0113jieties ar zob\u0101rstu vai \u0101rstu. P\u0101rtrauciet lieto\u0161anu, ja rodas aler\u0123iska reakcija.<\/p>\n<p>Uzglab\u0101t temperat\u016br\u0101 no +5 l\u012bdz +25\u202f\u00b0C b\u0113rniem nepieejam\u0101 viet\u0101.<\/p>\n<p>Der\u012bguma termi\u0146\u0161 p\u0113c atv\u0113r\u0161anas ir nor\u0101d\u012bts m\u0113ne\u0161os un ir sp\u0113k\u0101, ja produkts tiek uzglab\u0101ts pareizi un tiek lietots paredz\u0113tajos apst\u0101k\u013cos.<\/p>\n","protected":false},"excerpt":{"rendered":"<p>Mutes skalo\u0161anas l\u012bdzeklis satur organisko piparm\u0113tru \u2014 v\u0113rt\u012bgu dabiskas izcelsmes sast\u0101vda\u013cu. Tas ir \u012bpa\u0161i izstr\u0101d\u0101ts jut\u012bgu zobu aizsardz\u012bbai. Pal\u012bdz atjaunot zobu baltumu, neboj\u0101jot emalju, pateicoties dabiskaj\u0101m balino\u0161aj\u0101m sast\u0101vda\u013c\u0101m. Akt\u012bv\u0101s sast\u0101vda\u013cas: \u2022 Sulfetal Zn\u00ae \u2014 piem\u012bt att\u012bro\u0161a iedarb\u012bba. \u2022 PVP \u2014 balino\u0161s l\u012bdzeklis, kas pal\u012bdz no\u0146emt pigmenta plankumus no zobu virsmas, neboj\u0101jot emalju. \u2022 Beta\u012bns \u2014 [&#8230;]\n","protected":false},"featured_media":96070,"template":"","meta":[],"product_cat":[1313],"product_tag":[],"class_list":{"0":"post-77486","1":"product","2":"type-product","3":"status-publish","4":"has-post-thumbnail","6":"product_brand-ciccarelli_it","7":"product_cat-burnos-skalavimo-priemones","9":"first","10":"instock","11":"taxable","12":"shipping-taxable","13":"product-type-simple"},"_links":{"self":[{"href":"https:\/\/e.kosmolat.eu\/lv\/wp-json\/wp\/v2\/product\/77486","targetHints":{"allow":["GET"]}}],"collection":[{"href":"https:\/\/e.kosmolat.eu\/lv\/wp-json\/wp\/v2\/product"}],"about":[{"href":"https:\/\/e.kosmolat.eu\/lv\/wp-json\/wp\/v2\/types\/product"}],"wp:featuredmedia":[{"embeddable":true,"href":"https:\/\/e.kosmolat.eu\/lv\/wp-json\/wp\/v2\/media\/96070"}],"wp:attachment":[{"href":"https:\/\/e.kosmolat.eu\/lv\/wp-json\/wp\/v2\/media?parent=77486"}],"wp:term":[{"taxonomy":"product_cat","embeddable":true,"href":"https:\/\/e.kosmolat.eu\/lv\/wp-json\/wp\/v2\/product_cat?post=77486"},{"taxonomy":"product_tag","embeddable":true,"href":"https:\/\/e.kosmolat.eu\/lv\/wp-json\/wp\/v2\/product_tag?post=77486"}],"curies":[{"name":"wp","href":"https:\/\/api.w.org\/{rel}","templated":true}]}}