{"id":77482,"date":"2025-08-08T04:03:41","date_gmt":"2025-08-08T04:03:41","guid":{"rendered":"https:\/\/e.kosmolat.eu\/product\/pasta-del-capitano-aizsarg-mutes-dob-skalos-lidz-ar-propolisu-400-ml\/"},"modified":"2026-04-22T08:26:08","modified_gmt":"2026-04-22T08:26:08","slug":"pasta-del-capitano-aizsarg-mutes-dob-skalos-lidz-ar-propolisu-400-ml","status":"publish","type":"product","link":"https:\/\/e.kosmolat.eu\/lv\/product\/pasta-del-capitano-aizsarg-mutes-dob-skalos-lidz-ar-propolisu-400-ml\/","title":{"rendered":"Pasta del Capitano Aizsarg. mutes dob. skalo\u0161. l\u012bdz. ar propolisu, 400 ml"},"content":{"rendered":"<p>Mutes skalo\u0161anas l\u012bdzeklis nesatur alkoholu un ir bag\u0101tin\u0101ts ar organisko piparm\u0113tru \u2013 v\u0113rt\u012bgu dab\u012bgas izcelsmes sast\u0101vda\u013cu. Pasta del Capitano mutes skalo\u0161anas l\u012bdzeklis nodro\u0161ina akt\u012bvu zobu un smaganu aizsardz\u012bbu, pateicoties r\u016bp\u012bgi atlas\u012bt\u0101m akt\u012bvaj\u0101m sast\u0101vda\u013c\u0101m:<\/p>\n<p>\u2022 Sulfetal Zn\u00ae \u2013 piem\u012bt att\u012bro\u0161a iedarb\u012bba.<br \/>\n\u2022 Propoliss \u2013 nomierina un atjauno audus.<br \/>\n\u2022 Za\u013c\u0101 t\u0113ja \u2013 piem\u012bt savelko\u0161a iedarb\u012bba.<\/p>\n<p>Lieto\u0161ana: Produkts ir gatavs lieto\u0161anai un tas nav j\u0101at\u0161\u0137aida. Ielejiet pusi no doz\u0113\u0161anas v\u0101ci\u0146a un skalojiet muti vismaz 30 sekundes. Ieteicams lietot katru dienu no r\u012bta un vakar\u0101 p\u0113c zobu t\u012br\u012b\u0161anas.<\/p>\n<p>Br\u012bdin\u0101jums: Satur n\u0101trija fluor\u012bdu. B\u0113rniem vecum\u0101 l\u012bdz se\u0161iem gadiem: lietot nelielu daudzumu produkta pieaugu\u0161\u0101 uzraudz\u012bb\u0101, lai samazin\u0101tu nor\u012b\u0161anas iesp\u0113ju. Ja lietojat citus fluoru saturo\u0161us l\u012bdzek\u013cus, konsult\u0113jieties ar zob\u0101rstu vai \u0101rstu. P\u0101rtrauciet lieto\u0161anu, ja rodas aler\u0123iska reakcija.<\/p>\n<p>Uzglab\u0101t temperat\u016br\u0101 no +5 l\u012bdz +25\u202f\u00b0C b\u0113rniem nepieejam\u0101 viet\u0101.<\/p>\n<p>Der\u012bguma termi\u0146\u0161 p\u0113c atv\u0113r\u0161anas ir nor\u0101d\u012bts m\u0113ne\u0161os un ir sp\u0113k\u0101, ja produkts tiek uzglab\u0101ts pareizi un tiek lietots paredz\u0113tajos apst\u0101k\u013cos.<\/p>\n","protected":false},"excerpt":{"rendered":"<p>Mutes skalo\u0161anas l\u012bdzeklis nesatur alkoholu un ir bag\u0101tin\u0101ts ar organisko piparm\u0113tru \u2013 v\u0113rt\u012bgu dab\u012bgas izcelsmes sast\u0101vda\u013cu. Pasta del Capitano mutes skalo\u0161anas l\u012bdzeklis nodro\u0161ina akt\u012bvu zobu un smaganu aizsardz\u012bbu, pateicoties r\u016bp\u012bgi atlas\u012bt\u0101m akt\u012bvaj\u0101m sast\u0101vda\u013c\u0101m: \u2022 Sulfetal Zn\u00ae \u2013 piem\u012bt att\u012bro\u0161a iedarb\u012bba. \u2022 Propoliss \u2013 nomierina un atjauno audus. \u2022 Za\u013c\u0101 t\u0113ja \u2013 piem\u012bt savelko\u0161a iedarb\u012bba. Lieto\u0161ana: [&#8230;]\n","protected":false},"featured_media":96066,"template":"","meta":[],"product_cat":[2182],"product_tag":[],"class_list":{"0":"post-77482","1":"product","2":"type-product","3":"status-publish","4":"has-post-thumbnail","6":"product_brand-ciccarelli_it","7":"product_cat-bez-kategorijas-ru","9":"first","10":"instock","11":"taxable","12":"shipping-taxable","13":"product-type-simple"},"_links":{"self":[{"href":"https:\/\/e.kosmolat.eu\/lv\/wp-json\/wp\/v2\/product\/77482","targetHints":{"allow":["GET"]}}],"collection":[{"href":"https:\/\/e.kosmolat.eu\/lv\/wp-json\/wp\/v2\/product"}],"about":[{"href":"https:\/\/e.kosmolat.eu\/lv\/wp-json\/wp\/v2\/types\/product"}],"wp:featuredmedia":[{"embeddable":true,"href":"https:\/\/e.kosmolat.eu\/lv\/wp-json\/wp\/v2\/media\/96066"}],"wp:attachment":[{"href":"https:\/\/e.kosmolat.eu\/lv\/wp-json\/wp\/v2\/media?parent=77482"}],"wp:term":[{"taxonomy":"product_cat","embeddable":true,"href":"https:\/\/e.kosmolat.eu\/lv\/wp-json\/wp\/v2\/product_cat?post=77482"},{"taxonomy":"product_tag","embeddable":true,"href":"https:\/\/e.kosmolat.eu\/lv\/wp-json\/wp\/v2\/product_tag?post=77482"}],"curies":[{"name":"wp","href":"https:\/\/api.w.org\/{rel}","templated":true}]}}