{"id":77474,"date":"2025-08-08T04:03:23","date_gmt":"2025-08-08T04:03:23","guid":{"rendered":"https:\/\/e.kosmolat.eu\/product\/pasta-del-capitano-zobu-pasta-ar-ingveru-75-ml\/"},"modified":"2026-04-01T14:41:28","modified_gmt":"2026-04-01T14:41:28","slug":"pasta-del-capitano-zobu-pasta-ar-ingveru-75-ml","status":"publish","type":"product","link":"https:\/\/e.kosmolat.eu\/lv\/product\/pasta-del-capitano-zobu-pasta-ar-ingveru-75-ml\/","title":{"rendered":"Pasta del Capitano Zobu pasta ar ingveru, 75 ml"},"content":{"rendered":"<p>Pal\u012bdz nodro\u0161in\u0101t visaptvero\u0161u mutes dobuma aizsardz\u012bbu un ilgsto\u0161i saglab\u0101t svaigu elpu, pateicoties:<br \/>\n\u2022\u202fSulfetal Zn\u00ae \u2013 ori\u0123in\u0101lai molekulai ar cinku, kurai piem\u012bt att\u012bro\u0161as \u012bpa\u0161\u012bbas;<br \/>\n\u2022\u202fFluoram, kas aizsarg\u0101 un stiprina zobu emalju;<br \/>\n\u2022\u202fOrganiskajam ingveram, kas pie\u0161\u0137ir elpai ilgsto\u0161u svaigumu.<\/p>\n<p>Nesatur parab\u0113nus, trikloz\u0101nu, n\u0101trija laurilsulf\u0101tu (SLS) un konservantus, kas izdala formaldeh\u012bdu.<\/p>\n<p>Br\u012bdin\u0101jums: Satur n\u0101trija monofluorfosf\u0101tu. B\u0113rniem vecum\u0101 l\u012bdz se\u0161iem gadiem: lietot pastu zir\u0146a lielum\u0101 un t\u012br\u012bt zobus pieaugu\u0161\u0101 uzraudz\u012bb\u0101, lai samazin\u0101tu nor\u012b\u0161anas iesp\u0113ju. Ja lietojat citus fluoru saturo\u0161us l\u012bdzek\u013cus, konsult\u0113jieties ar zob\u0101rstu vai \u0101rstu. P\u0113c lieto\u0161anas cie\u0161i aizveriet t\u016bbi\u0146u. P\u0101rtrauciet lieto\u0161anu, ja rodas aler\u0123iska reakcija.<\/p>\n<p>Der\u012bguma termi\u0146\u0161 p\u0113c atv\u0113r\u0161anas ir nor\u0101d\u012bts m\u0113ne\u0161os un ir sp\u0113k\u0101, ja produkts tiek uzglab\u0101ts pareizi un tiek lietots paredz\u0113tajos apst\u0101k\u013cos.<\/p>\n","protected":false},"excerpt":{"rendered":"<p>Pal\u012bdz nodro\u0161in\u0101t visaptvero\u0161u mutes dobuma aizsardz\u012bbu un ilgsto\u0161i saglab\u0101t svaigu elpu, pateicoties: \u2022\u202fSulfetal Zn\u00ae \u2013 ori\u0123in\u0101lai molekulai ar cinku, kurai piem\u012bt att\u012bro\u0161as \u012bpa\u0161\u012bbas; \u2022\u202fFluoram, kas aizsarg\u0101 un stiprina zobu emalju; \u2022\u202fOrganiskajam ingveram, kas pie\u0161\u0137ir elpai ilgsto\u0161u svaigumu. Nesatur parab\u0113nus, trikloz\u0101nu, n\u0101trija laurilsulf\u0101tu (SLS) un konservantus, kas izdala formaldeh\u012bdu. Br\u012bdin\u0101jums: Satur n\u0101trija monofluorfosf\u0101tu. B\u0113rniem vecum\u0101 l\u012bdz [&#8230;]\n","protected":false},"featured_media":78449,"template":"","meta":[],"product_cat":[1999],"product_tag":[],"class_list":{"0":"post-77474","1":"product","2":"type-product","3":"status-publish","4":"has-post-thumbnail","6":"product_brand-ciccarelli_it","7":"product_cat-bez-kategorijas","9":"first","10":"instock","11":"taxable","12":"shipping-taxable","13":"product-type-simple"},"_links":{"self":[{"href":"https:\/\/e.kosmolat.eu\/lv\/wp-json\/wp\/v2\/product\/77474","targetHints":{"allow":["GET"]}}],"collection":[{"href":"https:\/\/e.kosmolat.eu\/lv\/wp-json\/wp\/v2\/product"}],"about":[{"href":"https:\/\/e.kosmolat.eu\/lv\/wp-json\/wp\/v2\/types\/product"}],"wp:featuredmedia":[{"embeddable":true,"href":"https:\/\/e.kosmolat.eu\/lv\/wp-json\/wp\/v2\/media\/78449"}],"wp:attachment":[{"href":"https:\/\/e.kosmolat.eu\/lv\/wp-json\/wp\/v2\/media?parent=77474"}],"wp:term":[{"taxonomy":"product_cat","embeddable":true,"href":"https:\/\/e.kosmolat.eu\/lv\/wp-json\/wp\/v2\/product_cat?post=77474"},{"taxonomy":"product_tag","embeddable":true,"href":"https:\/\/e.kosmolat.eu\/lv\/wp-json\/wp\/v2\/product_tag?post=77474"}],"curies":[{"name":"wp","href":"https:\/\/api.w.org\/{rel}","templated":true}]}}