{"id":77470,"date":"2025-08-08T04:03:07","date_gmt":"2025-08-08T04:03:07","guid":{"rendered":"https:\/\/e.kosmolat.eu\/product\/cera-di-cupra-micelarais-udens-ar-medu-200-ml\/"},"modified":"2026-04-17T06:09:55","modified_gmt":"2026-04-17T06:09:55","slug":"cera-di-cupra-micelarais-udens-ar-medu-200-ml","status":"publish","type":"product","link":"https:\/\/e.kosmolat.eu\/lv\/product\/cera-di-cupra-micelarais-udens-ar-medu-200-ml\/","title":{"rendered":"Cera di Cupra Micel\u0101rais \u016bdens ar medu, 200 ml"},"content":{"rendered":"<p>Micel\u0101rais \u016bdens ar medu maigi att\u012bra un no\u0146em kosm\u0113tiku un net\u012brumus, saglab\u0101jot \u0101das dabisko aizsargbarjeru. Formula ar ak\u0101ciju medu, kas bag\u0101ts ar vitam\u012bniem, cukuriem un mikroelementiem, mitrina \u0101du, atjauno t\u0101s dz\u012bvotsp\u0113ju un pie\u0161\u0137ir mirdzumu. <\/p>\n<p>Lieto\u0161ana: att\u012briet seju, acis un l\u016bpas ar vates pl\u0101ksn\u012bti. Nav j\u0101noskalo. L\u012bdzeklis piem\u0113rots ar\u012b jut\u012bgai \u0101dai.<\/p>\n<p>Tikai \u0101r\u012bgai lieto\u0161anai. Sarg\u0101t no b\u0113rniem. Nesatur SLES un kr\u0101svielas.<\/p>\n","protected":false},"excerpt":{"rendered":"<p>Micel\u0101rais \u016bdens ar medu maigi att\u012bra un no\u0146em kosm\u0113tiku un net\u012brumus, saglab\u0101jot \u0101das dabisko aizsargbarjeru. Formula ar ak\u0101ciju medu, kas bag\u0101ts ar vitam\u012bniem, cukuriem un mikroelementiem, mitrina \u0101du, atjauno t\u0101s dz\u012bvotsp\u0113ju un pie\u0161\u0137ir mirdzumu. Lieto\u0161ana: att\u012briet seju, acis un l\u016bpas ar vates pl\u0101ksn\u012bti. Nav j\u0101noskalo. L\u012bdzeklis piem\u0113rots ar\u012b jut\u012bgai \u0101dai. Tikai \u0101r\u012bgai lieto\u0161anai. Sarg\u0101t no [&#8230;]\n","protected":false},"featured_media":96050,"template":"","meta":[],"product_cat":[1569],"product_tag":[],"class_list":{"0":"post-77470","1":"product","2":"type-product","3":"status-publish","4":"has-post-thumbnail","6":"product_brand-ciccarelli_it","7":"product_cat-1569","9":"first","10":"instock","11":"taxable","12":"shipping-taxable","13":"product-type-simple"},"_links":{"self":[{"href":"https:\/\/e.kosmolat.eu\/lv\/wp-json\/wp\/v2\/product\/77470","targetHints":{"allow":["GET"]}}],"collection":[{"href":"https:\/\/e.kosmolat.eu\/lv\/wp-json\/wp\/v2\/product"}],"about":[{"href":"https:\/\/e.kosmolat.eu\/lv\/wp-json\/wp\/v2\/types\/product"}],"wp:featuredmedia":[{"embeddable":true,"href":"https:\/\/e.kosmolat.eu\/lv\/wp-json\/wp\/v2\/media\/96050"}],"wp:attachment":[{"href":"https:\/\/e.kosmolat.eu\/lv\/wp-json\/wp\/v2\/media?parent=77470"}],"wp:term":[{"taxonomy":"product_cat","embeddable":true,"href":"https:\/\/e.kosmolat.eu\/lv\/wp-json\/wp\/v2\/product_cat?post=77470"},{"taxonomy":"product_tag","embeddable":true,"href":"https:\/\/e.kosmolat.eu\/lv\/wp-json\/wp\/v2\/product_tag?post=77470"}],"curies":[{"name":"wp","href":"https:\/\/api.w.org\/{rel}","templated":true}]}}