{"id":77466,"date":"2025-08-08T04:02:50","date_gmt":"2025-08-08T04:02:50","guid":{"rendered":"https:\/\/e.kosmolat.eu\/product\/cera-di-cupra-attiross-pienins-ar-pienu-un-medu-200-ml\/"},"modified":"2026-04-15T07:41:07","modified_gmt":"2026-04-15T07:41:07","slug":"cera-di-cupra-attiross-pienins-ar-pienu-un-medu-200-ml","status":"publish","type":"product","link":"https:\/\/e.kosmolat.eu\/lv\/product\/cera-di-cupra-attiross-pienins-ar-pienu-un-medu-200-ml\/","title":{"rendered":"Cera di Cupra Att\u012bro\u0161s pieni\u0146\u0161 ar pienu un medu, 200 ml"},"content":{"rendered":"<p>Maigi att\u012bro\u0161s pieni\u0146\u0161 efekt\u012bvi no\u0146em dekorat\u012bvo kosm\u0113tiku un net\u012brumus, padarot \u0101du maigu un aizsarg\u0101tu. Satur roz\u0101 medu \u2013 medus un rozes destil\u0101ta apvienojumu, kas mitrina \u0101du un sniedz komforta saj\u016btu. Pateicoties \u012bpa\u0161i maigajai formulai, piem\u0113rots ar\u012b jut\u012bgai \u0101dai.<\/p>\n<p>Lieto\u0161ana: uzkl\u0101jiet pieni\u0146u uz sejas un acu zonas ar viegl\u0101m mas\u0113jo\u0161\u0101m kust\u012bb\u0101m. No\u0146emiet ar vates pl\u0101ksn\u012bti vai noskalojiet ar siltu \u016bdeni.<\/p>\n<p>Tikai \u0101r\u012bgai lieto\u0161anai. Sarg\u0101t no b\u0113rniem. Nesatur SLES un kr\u0101svielas.<\/p>\n","protected":false},"excerpt":{"rendered":"<p>Maigi att\u012bro\u0161s pieni\u0146\u0161 efekt\u012bvi no\u0146em dekorat\u012bvo kosm\u0113tiku un net\u012brumus, padarot \u0101du maigu un aizsarg\u0101tu. Satur roz\u0101 medu \u2013 medus un rozes destil\u0101ta apvienojumu, kas mitrina \u0101du un sniedz komforta saj\u016btu. Pateicoties \u012bpa\u0161i maigajai formulai, piem\u0113rots ar\u012b jut\u012bgai \u0101dai. Lieto\u0161ana: uzkl\u0101jiet pieni\u0146u uz sejas un acu zonas ar viegl\u0101m mas\u0113jo\u0161\u0101m kust\u012bb\u0101m. No\u0146emiet ar vates pl\u0101ksn\u012bti vai [&#8230;]\n","protected":false},"featured_media":96046,"template":"","meta":[],"product_cat":[1574],"product_tag":[],"class_list":{"0":"post-77466","1":"product","2":"type-product","3":"status-publish","4":"has-post-thumbnail","6":"product_brand-ciccarelli_it","7":"product_cat-pieneliai-ir-aliejai","9":"first","10":"outofstock","11":"taxable","12":"shipping-taxable","13":"product-type-simple"},"_links":{"self":[{"href":"https:\/\/e.kosmolat.eu\/lv\/wp-json\/wp\/v2\/product\/77466","targetHints":{"allow":["GET"]}}],"collection":[{"href":"https:\/\/e.kosmolat.eu\/lv\/wp-json\/wp\/v2\/product"}],"about":[{"href":"https:\/\/e.kosmolat.eu\/lv\/wp-json\/wp\/v2\/types\/product"}],"wp:featuredmedia":[{"embeddable":true,"href":"https:\/\/e.kosmolat.eu\/lv\/wp-json\/wp\/v2\/media\/96046"}],"wp:attachment":[{"href":"https:\/\/e.kosmolat.eu\/lv\/wp-json\/wp\/v2\/media?parent=77466"}],"wp:term":[{"taxonomy":"product_cat","embeddable":true,"href":"https:\/\/e.kosmolat.eu\/lv\/wp-json\/wp\/v2\/product_cat?post=77466"},{"taxonomy":"product_tag","embeddable":true,"href":"https:\/\/e.kosmolat.eu\/lv\/wp-json\/wp\/v2\/product_tag?post=77466"}],"curies":[{"name":"wp","href":"https:\/\/api.w.org\/{rel}","templated":true}]}}