{"id":77462,"date":"2025-08-08T04:02:35","date_gmt":"2025-08-08T04:02:35","guid":{"rendered":"https:\/\/e.kosmolat.eu\/product\/cera-di-cupra-salvetes-sejas-un-acu-grima-non-ar-medu-visiem-adas-tip-20-gab\/"},"modified":"2026-03-31T08:07:07","modified_gmt":"2026-03-31T08:07:07","slug":"cera-di-cupra-salvetes-sejas-un-acu-grima-non-ar-medu-visiem-adas-tip-20-gab","status":"publish","type":"product","link":"https:\/\/e.kosmolat.eu\/lv\/product\/cera-di-cupra-salvetes-sejas-un-acu-grima-non-ar-medu-visiem-adas-tip-20-gab\/","title":{"rendered":"Cera di Cupra Salvetes sejas un acu grima no\u0146. ar medu, visiem \u0101das tip., 20 gab."},"content":{"rendered":"<p>\u012apa\u0161i maigas salvetes no\u0146em kosm\u0113tiku un net\u012brumus no sejas \u0101das un acu zonas vien\u0101 kust\u012bb\u0101. Izgatavotas no 100% dab\u012bga, biolo\u0123iski no\u0101rd\u0101ma auduma. Bag\u0101tin\u0101tas ar ak\u0101cijas medu, kas ir bag\u0101ts ar cukuriem, vitam\u012bniem un mikroelementiem \u2014 salvetes mitrina \u0101du un atjauno t\u0101s dz\u012bv\u012bgumu.<\/p>\n<p>Rezult\u0101ts: \u0101da k\u013c\u016bst svaiga, mitrin\u0101ta un mirdzo\u0161a.<\/p>\n<p>Lieto\u0161ana: maigi not\u012briet seju, acis un kaklu ar salveti. Nav nepiecie\u0161ams noskalot. P\u0113c lieto\u0161anas cie\u0161i aizveriet iepakojumu.<\/p>\n<p>Tikai \u0101r\u012bgai lieto\u0161anai. Sarg\u0101t no b\u0113rniem. Nesatur alkoholu, SLES un kr\u0101svielas.<\/p>\n","protected":false},"excerpt":{"rendered":"<p>\u012apa\u0161i maigas salvetes no\u0146em kosm\u0113tiku un net\u012brumus no sejas \u0101das un acu zonas vien\u0101 kust\u012bb\u0101. Izgatavotas no 100% dab\u012bga, biolo\u0123iski no\u0101rd\u0101ma auduma. Bag\u0101tin\u0101tas ar ak\u0101cijas medu, kas ir bag\u0101ts ar cukuriem, vitam\u012bniem un mikroelementiem \u2014 salvetes mitrina \u0101du un atjauno t\u0101s dz\u012bv\u012bgumu. Rezult\u0101ts: \u0101da k\u013c\u016bst svaiga, mitrin\u0101ta un mirdzo\u0161a. Lieto\u0161ana: maigi not\u012briet seju, acis un [&#8230;]\n","protected":false},"featured_media":96042,"template":"","meta":[],"product_cat":[1807],"product_tag":[],"class_list":{"0":"post-77462","1":"product","2":"type-product","3":"status-publish","4":"has-post-thumbnail","6":"product_brand-ciccarelli_it","7":"product_cat-1807","9":"first","10":"instock","11":"taxable","12":"shipping-taxable","13":"product-type-simple"},"_links":{"self":[{"href":"https:\/\/e.kosmolat.eu\/lv\/wp-json\/wp\/v2\/product\/77462","targetHints":{"allow":["GET"]}}],"collection":[{"href":"https:\/\/e.kosmolat.eu\/lv\/wp-json\/wp\/v2\/product"}],"about":[{"href":"https:\/\/e.kosmolat.eu\/lv\/wp-json\/wp\/v2\/types\/product"}],"wp:featuredmedia":[{"embeddable":true,"href":"https:\/\/e.kosmolat.eu\/lv\/wp-json\/wp\/v2\/media\/96042"}],"wp:attachment":[{"href":"https:\/\/e.kosmolat.eu\/lv\/wp-json\/wp\/v2\/media?parent=77462"}],"wp:term":[{"taxonomy":"product_cat","embeddable":true,"href":"https:\/\/e.kosmolat.eu\/lv\/wp-json\/wp\/v2\/product_cat?post=77462"},{"taxonomy":"product_tag","embeddable":true,"href":"https:\/\/e.kosmolat.eu\/lv\/wp-json\/wp\/v2\/product_tag?post=77462"}],"curies":[{"name":"wp","href":"https:\/\/api.w.org\/{rel}","templated":true}]}}