{"id":77458,"date":"2025-08-08T04:02:18","date_gmt":"2025-08-08T04:02:18","guid":{"rendered":"https:\/\/e.kosmolat.eu\/product\/cera-di-cupra-mat-mitrinoss-krems-taukain-un-kombin-adai-50-ml\/"},"modified":"2026-05-09T02:04:34","modified_gmt":"2026-05-09T02:04:34","slug":"cera-di-cupra-mat-mitrinoss-krems-taukain-un-kombin-adai-50-ml","status":"publish","type":"product","link":"https:\/\/e.kosmolat.eu\/lv\/product\/cera-di-cupra-mat-mitrinoss-krems-taukain-un-kombin-adai-50-ml\/","title":{"rendered":"Cera di Cupra Mat. mitrino\u0161s kr\u0113ms taukain. un kombin. \u0101dai, 50 ml"},"content":{"rendered":"<p>Satur propolisu un eikaliptu. \u012apa\u0161i izstr\u0101d\u0101ts kombin\u0113tas un taukainas \u0101das mitrin\u0101\u0161anai un att\u012br\u012b\u0161anai. Propoliss ir dabisks antibakteri\u0101ls l\u012bdzeklis, ko bites izmanto stropa aizsardz\u012bbai. Apvienojum\u0101 ar eikalipta ekstraktu tas nodro\u0161ina att\u012bro\u0161u iedarb\u012bbu un pal\u012bdz atjaunot \u0101das dabisko l\u012bdzsvaru. Viegls un atsvaidzino\u0161s mat\u0113jo\u0161s kr\u0113ms sniedz optim\u0101lu mitrin\u0101\u0161anu un nodro\u0161ina ilgsto\u0161u mat\u0113jo\u0161u efektu, pat karst\u0101kajos klimatiskajos apst\u0101k\u013cos. \u0100da k\u013c\u016bst t\u012bra, mat\u0113ta un starojo\u0161a visas dienas garum\u0101.<\/p>\n<p>Lieto\u0161ana: uzkl\u0101t no r\u012bta un vakar\u0101 uz att\u012br\u012btas sejas \u0101das. E\u013c\u013cu  nesaturo\u0161a tekst\u016bra acumirkl\u012b ies\u016bcas un sniedz ilgsto\u0161u svaiguma saj\u016btu. Var lietot k\u0101 grima b\u0101zi.<\/p>\n<p>Tikai \u0101r\u012bgai lieto\u0161anai. Sarg\u0101t no b\u0113rniem. Nesatur silikonus un vazel\u012bnu.<\/p>\n","protected":false},"excerpt":{"rendered":"<p>Satur propolisu un eikaliptu. \u012apa\u0161i izstr\u0101d\u0101ts kombin\u0113tas un taukainas \u0101das mitrin\u0101\u0161anai un att\u012br\u012b\u0161anai. Propoliss ir dabisks antibakteri\u0101ls l\u012bdzeklis, ko bites izmanto stropa aizsardz\u012bbai. Apvienojum\u0101 ar eikalipta ekstraktu tas nodro\u0161ina att\u012bro\u0161u iedarb\u012bbu un pal\u012bdz atjaunot \u0101das dabisko l\u012bdzsvaru. Viegls un atsvaidzino\u0161s mat\u0113jo\u0161s kr\u0113ms sniedz optim\u0101lu mitrin\u0101\u0161anu un nodro\u0161ina ilgsto\u0161u mat\u0113jo\u0161u efektu, pat karst\u0101kajos klimatiskajos apst\u0101k\u013cos. \u0100da [&#8230;]\n","protected":false},"featured_media":96038,"template":"","meta":[],"product_cat":[1323],"product_tag":[],"class_list":{"0":"post-77458","1":"product","2":"type-product","3":"status-publish","4":"has-post-thumbnail","6":"product_brand-ciccarelli_it","7":"product_cat-1323","9":"first","10":"instock","11":"taxable","12":"shipping-taxable","13":"product-type-simple"},"_links":{"self":[{"href":"https:\/\/e.kosmolat.eu\/lv\/wp-json\/wp\/v2\/product\/77458","targetHints":{"allow":["GET"]}}],"collection":[{"href":"https:\/\/e.kosmolat.eu\/lv\/wp-json\/wp\/v2\/product"}],"about":[{"href":"https:\/\/e.kosmolat.eu\/lv\/wp-json\/wp\/v2\/types\/product"}],"wp:featuredmedia":[{"embeddable":true,"href":"https:\/\/e.kosmolat.eu\/lv\/wp-json\/wp\/v2\/media\/96038"}],"wp:attachment":[{"href":"https:\/\/e.kosmolat.eu\/lv\/wp-json\/wp\/v2\/media?parent=77458"}],"wp:term":[{"taxonomy":"product_cat","embeddable":true,"href":"https:\/\/e.kosmolat.eu\/lv\/wp-json\/wp\/v2\/product_cat?post=77458"},{"taxonomy":"product_tag","embeddable":true,"href":"https:\/\/e.kosmolat.eu\/lv\/wp-json\/wp\/v2\/product_tag?post=77458"}],"curies":[{"name":"wp","href":"https:\/\/api.w.org\/{rel}","templated":true}]}}