{"id":77454,"date":"2025-08-08T04:02:03","date_gmt":"2025-08-08T04:02:03","guid":{"rendered":"https:\/\/e.kosmolat.eu\/product\/cera-di-cupra-mitrinoss-krems-jutigai-adai-50-ml\/"},"modified":"2026-04-01T09:33:58","modified_gmt":"2026-04-01T09:33:58","slug":"cera-di-cupra-mitrinoss-krems-jutigai-adai-50-ml","status":"publish","type":"product","link":"https:\/\/e.kosmolat.eu\/lv\/product\/cera-di-cupra-mitrinoss-krems-jutigai-adai-50-ml\/","title":{"rendered":"Cera di Cupra Mitrino\u0161s kr\u0113ms jut\u012bgai \u0101dai, 50 ml"},"content":{"rendered":"<p>Satur roz\u0101 medu, kas sast\u0101v no t\u012bra medus un rozes destil\u0101ta, ko tradicion\u0101li izmanto, lai nomierin\u0101tu jut\u012bgu \u0101du. Bag\u0101tin\u0101ts ar hohobas e\u013c\u013cu, kr\u0113ms stiprina \u0101das dabisko aizsargbarjeru, padarot to maigu un samtainu visas dienas garum\u0101. Barojo\u0161\u0101 formula atjauno optim\u0101lu mitruma l\u012bmeni, baro un aizsarg\u0101 jut\u012bgu un sausu \u0101du.<\/p>\n<p>Lieto\u0161ana: ide\u0101li piem\u0113rots lieto\u0161anai no r\u012bta, lai aizsarg\u0101tu \u0101du no apk\u0101rt\u0113j\u0101s vides ietekmes. Ieteicams lietot ar\u012b vakar\u0101 k\u0101 nakts masku maksim\u0101lam komfortam.<\/p>\n<p>Tikai \u0101r\u012bgai lieto\u0161anai. Sarg\u0101t no b\u0113rniem. Nesatur silikonus un vazel\u012bnu.<\/p>\n","protected":false},"excerpt":{"rendered":"<p>Satur roz\u0101 medu, kas sast\u0101v no t\u012bra medus un rozes destil\u0101ta, ko tradicion\u0101li izmanto, lai nomierin\u0101tu jut\u012bgu \u0101du. Bag\u0101tin\u0101ts ar hohobas e\u013c\u013cu, kr\u0113ms stiprina \u0101das dabisko aizsargbarjeru, padarot to maigu un samtainu visas dienas garum\u0101. Barojo\u0161\u0101 formula atjauno optim\u0101lu mitruma l\u012bmeni, baro un aizsarg\u0101 jut\u012bgu un sausu \u0101du. Lieto\u0161ana: ide\u0101li piem\u0113rots lieto\u0161anai no r\u012bta, lai [&#8230;]\n","protected":false},"featured_media":96034,"template":"","meta":[],"product_cat":[1320],"product_tag":[],"class_list":{"0":"post-77454","1":"product","2":"type-product","3":"status-publish","4":"has-post-thumbnail","6":"product_brand-ciccarelli_it","7":"product_cat-sejas-kremi","9":"first","10":"instock","11":"taxable","12":"shipping-taxable","13":"product-type-simple"},"_links":{"self":[{"href":"https:\/\/e.kosmolat.eu\/lv\/wp-json\/wp\/v2\/product\/77454","targetHints":{"allow":["GET"]}}],"collection":[{"href":"https:\/\/e.kosmolat.eu\/lv\/wp-json\/wp\/v2\/product"}],"about":[{"href":"https:\/\/e.kosmolat.eu\/lv\/wp-json\/wp\/v2\/types\/product"}],"wp:featuredmedia":[{"embeddable":true,"href":"https:\/\/e.kosmolat.eu\/lv\/wp-json\/wp\/v2\/media\/96034"}],"wp:attachment":[{"href":"https:\/\/e.kosmolat.eu\/lv\/wp-json\/wp\/v2\/media?parent=77454"}],"wp:term":[{"taxonomy":"product_cat","embeddable":true,"href":"https:\/\/e.kosmolat.eu\/lv\/wp-json\/wp\/v2\/product_cat?post=77454"},{"taxonomy":"product_tag","embeddable":true,"href":"https:\/\/e.kosmolat.eu\/lv\/wp-json\/wp\/v2\/product_tag?post=77454"}],"curies":[{"name":"wp","href":"https:\/\/api.w.org\/{rel}","templated":true}]}}