{"id":77450,"date":"2025-08-08T04:01:49","date_gmt":"2025-08-08T04:01:49","guid":{"rendered":"https:\/\/e.kosmolat.eu\/product\/cera-di-cupra-ipasi-mitr-aizsarg-krems-norm-adai-50-ml\/"},"modified":"2026-05-09T02:04:06","modified_gmt":"2026-05-09T02:04:06","slug":"cera-di-cupra-ipasi-mitr-aizsarg-krems-norm-adai-50-ml","status":"publish","type":"product","link":"https:\/\/e.kosmolat.eu\/lv\/product\/cera-di-cupra-ipasi-mitr-aizsarg-krems-norm-adai-50-ml\/","title":{"rendered":"Cera di Cupra \u012apa\u0161i mitr. aizsarg. kr\u0113ms norm. \u0101dai, 50 ml"},"content":{"rendered":"<p>Satur 100% organisku It\u0101lijas ak\u0101ciju medu, kas ir bag\u0101ts ar vitam\u012bniem, cukuriem un mikroelementiem. Pateicoties tam, kr\u0113ms intens\u012bvi mitrina \u0101du, atjauno t\u0101s mirdzumu un dabisko skaistumu. Bag\u0101tin\u0101ts ar ziedu vasku, tas pal\u012bdz notur\u0113t mitrumu, saglab\u0101jot \u0101du ide\u0101li mitrin\u0101tu pat visagres\u012bv\u0101kajos \u0101r\u0113j\u0101s vides apst\u0101k\u013cos \u2014 piem\u0113ram, aukstum\u0101, v\u0113j\u0101, pies\u0101r\u0146ot\u0101 gais\u0101 vai gaisa kondicion\u0113\u0161anas ietekm\u0113.<\/p>\n<p>Lieto\u0161ana: uzkl\u0101t no r\u012bta un vakar\u0101 uz att\u012br\u012btas sejas \u0101das. Kr\u0113ms \u0101tri ies\u016bcas un lieliski piem\u0113rots k\u0101 b\u0101ze grimmam. Var lietot ar\u012b k\u0101 SOS masku, lai sniegtu t\u016bl\u012bt\u0113ju atvieglojumu \u0101dai, kas pak\u013cauta stresam no saules, v\u0113ja vai smoga.<\/p>\n<p>Tikai \u0101r\u012bgai lieto\u0161anai. Sarg\u0101t no b\u0113rniem. Nesatur silikonus un vazel\u012bnu.<\/p>\n","protected":false},"excerpt":{"rendered":"<p>Satur 100% organisku It\u0101lijas ak\u0101ciju medu, kas ir bag\u0101ts ar vitam\u012bniem, cukuriem un mikroelementiem. Pateicoties tam, kr\u0113ms intens\u012bvi mitrina \u0101du, atjauno t\u0101s mirdzumu un dabisko skaistumu. Bag\u0101tin\u0101ts ar ziedu vasku, tas pal\u012bdz notur\u0113t mitrumu, saglab\u0101jot \u0101du ide\u0101li mitrin\u0101tu pat visagres\u012bv\u0101kajos \u0101r\u0113j\u0101s vides apst\u0101k\u013cos \u2014 piem\u0113ram, aukstum\u0101, v\u0113j\u0101, pies\u0101r\u0146ot\u0101 gais\u0101 vai gaisa kondicion\u0113\u0161anas ietekm\u0113. Lieto\u0161ana: uzkl\u0101t [&#8230;]\n","protected":false},"featured_media":96030,"template":"","meta":[],"product_cat":[1323],"product_tag":[],"class_list":{"0":"post-77450","1":"product","2":"type-product","3":"status-publish","4":"has-post-thumbnail","6":"product_brand-ciccarelli_it","7":"product_cat-1323","9":"first","10":"instock","11":"taxable","12":"shipping-taxable","13":"product-type-simple"},"_links":{"self":[{"href":"https:\/\/e.kosmolat.eu\/lv\/wp-json\/wp\/v2\/product\/77450","targetHints":{"allow":["GET"]}}],"collection":[{"href":"https:\/\/e.kosmolat.eu\/lv\/wp-json\/wp\/v2\/product"}],"about":[{"href":"https:\/\/e.kosmolat.eu\/lv\/wp-json\/wp\/v2\/types\/product"}],"wp:featuredmedia":[{"embeddable":true,"href":"https:\/\/e.kosmolat.eu\/lv\/wp-json\/wp\/v2\/media\/96030"}],"wp:attachment":[{"href":"https:\/\/e.kosmolat.eu\/lv\/wp-json\/wp\/v2\/media?parent=77450"}],"wp:term":[{"taxonomy":"product_cat","embeddable":true,"href":"https:\/\/e.kosmolat.eu\/lv\/wp-json\/wp\/v2\/product_cat?post=77450"},{"taxonomy":"product_tag","embeddable":true,"href":"https:\/\/e.kosmolat.eu\/lv\/wp-json\/wp\/v2\/product_tag?post=77450"}],"curies":[{"name":"wp","href":"https:\/\/api.w.org\/{rel}","templated":true}]}}