{"id":77446,"date":"2025-08-08T04:01:36","date_gmt":"2025-08-08T04:01:36","guid":{"rendered":"https:\/\/e.kosmolat.eu\/product\/dr-ciccarelli-s-o-s-unghie-nagu-stiprinoss-gels-10-ml\/"},"modified":"2026-04-07T11:11:22","modified_gmt":"2026-04-07T11:11:22","slug":"dr-ciccarelli-s-o-s-unghie-nagu-stiprinoss-gels-10-ml","status":"publish","type":"product","link":"https:\/\/e.kosmolat.eu\/lv\/product\/dr-ciccarelli-s-o-s-unghie-nagu-stiprinoss-gels-10-ml\/","title":{"rendered":"Dr. Ciccarelli S.O.S Unghie Nagu stiprino\u0161s gels, 10 ml"},"content":{"rendered":"<p>S.O.S Unghie\u00ae ir gels \u0101r\u012bgai lieto\u0161anai, kas izstr\u0101d\u0101ts gan k\u0101ju, gan roku nagu v\u0101juma nov\u0113r\u0161anai un profilaksei (l\u016b\u0161ana, \u0161\u0137el\u0161an\u0101s u.\u202fc.). Tas iedarbojas tie\u0161i uz naga strukt\u016bru, stiprinot to ar dabiskas izcelsmes akt\u012bvo vielu pal\u012bdz\u012bbu:<\/p>\n<p>\u2022 Lauku kosa (Equiseto): stiprina un pie\u0161\u0137ir elast\u012bbu;<br \/>\n\u2022 Biot\u012bns (vitam\u012bns H): veicina nagu \u0161\u016bnu aug\u0161anu;<br \/>\n\u2022 Pantenols (provitam\u012bns B5): mitrina, stiprina un piedal\u0101s nagu \u0161\u016bnu atjauno\u0161an\u0101;<br \/>\n\u2022 Hitoz\u0101ns: aizsarg\u0101 un mitrina.<\/p>\n<p>Lieto\u0161ana: Uzkl\u0101jiet S.O.S Unghie\u00ae ar oti\u0146u uz visas naga virsmas, ieskaitot br\u012bvo mali\u0146u no apak\u0161as, un \u013caujiet gelam no\u017e\u016bt. Lab\u0101kam rezult\u0101tam lietojiet no r\u012bta un vakar\u0101 p\u0113c roku (vai k\u0101ju) mazg\u0101\u0161anas un r\u016bp\u012bgas nosusin\u0101\u0161anas. P\u0113c v\u0113l\u0113\u0161an\u0101s var izmantot ar\u012b mitrino\u0161u kr\u0113mu. Ieteicams veikt vismaz viena m\u0113ne\u0161a kursu un atk\u0101rtot to ik p\u0113c 3 m\u0113ne\u0161iem.<\/p>\n<p>Dermatolo\u0123iski p\u0101rbaud\u012bts. Tikai \u0101r\u012bgai lieto\u0161anai.<\/p>\n<p>Piesardz\u012bbas pas\u0101kumi: Ja par\u0101d\u0101s kairin\u0101jums vai aler\u0123iskas reakcijas paz\u012bmes, p\u0101rtrauciet lieto\u0161anu. Uzglab\u0101t t\u0101l\u0101k no siltuma avotiem. Nelietot uz boj\u0101tas, kairin\u0101tas vai iekaisu\u0161as \u0101das. P\u0113c katras lieto\u0161anas reizes cie\u0161i aizveriet iepakojumu.<\/p>\n<p>Der\u012bguma termi\u0146\u0161 p\u0113c atv\u0113r\u0161anas nor\u0101d\u012bts uz iepakojuma.<\/p>\n","protected":false},"excerpt":{"rendered":"<p>S.O.S Unghie\u00ae ir gels \u0101r\u012bgai lieto\u0161anai, kas izstr\u0101d\u0101ts gan k\u0101ju, gan roku nagu v\u0101juma nov\u0113r\u0161anai un profilaksei (l\u016b\u0161ana, \u0161\u0137el\u0161an\u0101s u.\u202fc.). Tas iedarbojas tie\u0161i uz naga strukt\u016bru, stiprinot to ar dabiskas izcelsmes akt\u012bvo vielu pal\u012bdz\u012bbu: \u2022 Lauku kosa (Equiseto): stiprina un pie\u0161\u0137ir elast\u012bbu; \u2022 Biot\u012bns (vitam\u012bns H): veicina nagu \u0161\u016bnu aug\u0161anu; \u2022 Pantenols (provitam\u012bns B5): mitrina, [&#8230;]\n","protected":false},"featured_media":96286,"template":"","meta":[],"product_cat":[1744],"product_tag":[],"class_list":{"0":"post-77446","1":"product","2":"type-product","3":"status-publish","4":"has-post-thumbnail","6":"product_brand-ciccarelli_it","7":"product_cat-1744","9":"first","10":"instock","11":"taxable","12":"shipping-taxable","13":"product-type-simple"},"_links":{"self":[{"href":"https:\/\/e.kosmolat.eu\/lv\/wp-json\/wp\/v2\/product\/77446","targetHints":{"allow":["GET"]}}],"collection":[{"href":"https:\/\/e.kosmolat.eu\/lv\/wp-json\/wp\/v2\/product"}],"about":[{"href":"https:\/\/e.kosmolat.eu\/lv\/wp-json\/wp\/v2\/types\/product"}],"wp:featuredmedia":[{"embeddable":true,"href":"https:\/\/e.kosmolat.eu\/lv\/wp-json\/wp\/v2\/media\/96286"}],"wp:attachment":[{"href":"https:\/\/e.kosmolat.eu\/lv\/wp-json\/wp\/v2\/media?parent=77446"}],"wp:term":[{"taxonomy":"product_cat","embeddable":true,"href":"https:\/\/e.kosmolat.eu\/lv\/wp-json\/wp\/v2\/product_cat?post=77446"},{"taxonomy":"product_tag","embeddable":true,"href":"https:\/\/e.kosmolat.eu\/lv\/wp-json\/wp\/v2\/product_tag?post=77446"}],"curies":[{"name":"wp","href":"https:\/\/api.w.org\/{rel}","templated":true}]}}