{"id":77442,"date":"2025-08-08T04:01:21","date_gmt":"2025-08-08T04:01:21","guid":{"rendered":"https:\/\/e.kosmolat.eu\/product\/dr-ciccarelli-timodore-tulznu-plakst-pedas-virspus-un-papeza-zonai-videj-izmers-5-gab\/"},"modified":"2026-03-21T13:01:02","modified_gmt":"2026-03-21T13:01:02","slug":"dr-ciccarelli-timodore-tulznu-plakst-pedas-virspus-un-papeza-zonai-videj-izmers-5-gab","status":"publish","type":"product","link":"https:\/\/e.kosmolat.eu\/lv\/product\/dr-ciccarelli-timodore-tulznu-plakst-pedas-virspus-un-papeza-zonai-videj-izmers-5-gab\/","title":{"rendered":"Dr. Ciccarelli Timodore Tulznu pl\u0101kst. p\u0113das virspus. un pap\u0113\u017ea zonai, vid\u0113j. izm\u0113rs, 5 gab."},"content":{"rendered":"<p>Hidrokolo\u012bdie \u016bdeni atgr\u016bdo\u0161i pl\u0101ksteri, \u012bpa\u0161i izstr\u0101d\u0101ti, lai nov\u0113rstu berzi un pasarg\u0101tu \u0101du no tulzn\u0101m, ko izraisa ilgsto\u0161a apavu valk\u0101\u0161ana. Izgatavoti no inovat\u012bva materi\u0101la, kas nodro\u0161ina optim\u0101lu aizsardz\u012bbu un komfortu, k\u0101 ar\u012b pal\u012bdz mazin\u0101t s\u0101pes. Pl\u0101ksteri piem\u0113roti lieto\u0161anai p\u0113das virspus\u0113 un pap\u0113\u017ea zon\u0101. Ieteicams uzkl\u0101t uz t\u012bras un sausas \u0101das. Dermatolo\u0123iski p\u0101rbaud\u012bti.<\/p>\n<p>Lieto\u0161ana: atveriet iepakojumu, no\u0146emiet aizsargpl\u0113vi un uzman\u012bgi uzkl\u0101jiet pl\u0101ksteri uz skart\u0101s vietas. Maigi piespiediet malas, lai nodro\u0161in\u0101tu lab\u0101ku sa\u0137eri ar \u0101du. P\u0113c lieto\u0161anas izmetiet. Nelietot uz atkl\u0101t\u0101m br\u016bc\u0113m vai infic\u0113t\u0101m viet\u0101m. Uzglab\u0101t b\u0113rniem nepieejam\u0101 viet\u0101. Uzglab\u0101t v\u0113s\u0101 un saus\u0101 viet\u0101.<\/p>\n","protected":false},"excerpt":{"rendered":"<p>Hidrokolo\u012bdie \u016bdeni atgr\u016bdo\u0161i pl\u0101ksteri, \u012bpa\u0161i izstr\u0101d\u0101ti, lai nov\u0113rstu berzi un pasarg\u0101tu \u0101du no tulzn\u0101m, ko izraisa ilgsto\u0161a apavu valk\u0101\u0161ana. Izgatavoti no inovat\u012bva materi\u0101la, kas nodro\u0161ina optim\u0101lu aizsardz\u012bbu un komfortu, k\u0101 ar\u012b pal\u012bdz mazin\u0101t s\u0101pes. Pl\u0101ksteri piem\u0113roti lieto\u0161anai p\u0113das virspus\u0113 un pap\u0113\u017ea zon\u0101. Ieteicams uzkl\u0101t uz t\u012bras un sausas \u0101das. Dermatolo\u0123iski p\u0101rbaud\u012bti. Lieto\u0161ana: atveriet iepakojumu, no\u0146emiet [&#8230;]\n","protected":false},"featured_media":96282,"template":"","meta":[],"product_cat":[1828],"product_tag":[],"class_list":{"0":"post-77442","1":"product","2":"type-product","3":"status-publish","4":"has-post-thumbnail","6":"product_brand-ciccarelli_it","7":"product_cat-1828","9":"first","10":"outofstock","11":"taxable","12":"shipping-taxable","13":"product-type-simple"},"_links":{"self":[{"href":"https:\/\/e.kosmolat.eu\/lv\/wp-json\/wp\/v2\/product\/77442","targetHints":{"allow":["GET"]}}],"collection":[{"href":"https:\/\/e.kosmolat.eu\/lv\/wp-json\/wp\/v2\/product"}],"about":[{"href":"https:\/\/e.kosmolat.eu\/lv\/wp-json\/wp\/v2\/types\/product"}],"wp:featuredmedia":[{"embeddable":true,"href":"https:\/\/e.kosmolat.eu\/lv\/wp-json\/wp\/v2\/media\/96282"}],"wp:attachment":[{"href":"https:\/\/e.kosmolat.eu\/lv\/wp-json\/wp\/v2\/media?parent=77442"}],"wp:term":[{"taxonomy":"product_cat","embeddable":true,"href":"https:\/\/e.kosmolat.eu\/lv\/wp-json\/wp\/v2\/product_cat?post=77442"},{"taxonomy":"product_tag","embeddable":true,"href":"https:\/\/e.kosmolat.eu\/lv\/wp-json\/wp\/v2\/product_tag?post=77442"}],"curies":[{"name":"wp","href":"https:\/\/api.w.org\/{rel}","templated":true}]}}