{"id":77438,"date":"2025-08-08T04:01:05","date_gmt":"2025-08-08T04:01:05","guid":{"rendered":"https:\/\/e.kosmolat.eu\/product\/dr-ciccarelli-timodore-aizsargplaksteri-pret-cietajam-varzacim-4-gab\/"},"modified":"2025-09-23T04:02:09","modified_gmt":"2025-09-23T04:02:09","slug":"dr-ciccarelli-timodore-aizsargplaksteri-pret-cietajam-varzacim-4-gab","status":"publish","type":"product","link":"https:\/\/e.kosmolat.eu\/lv\/product\/dr-ciccarelli-timodore-aizsargplaksteri-pret-cietajam-varzacim-4-gab\/","title":{"rendered":"Dr. Ciccarelli Timodore Aizsargpl\u0101ksteri pret cietaj\u0101m var\u017eac\u012bm, 4 gab."},"content":{"rendered":"<p>Aizsargdarb\u012bba pret cietaj\u0101m var\u017eac\u012bm, sabiez\u0113ju\u0161u \u0101du un tulzn\u0101m. 100% biolo\u0123iski no\u0101rd\u0101ms produkts. Pl\u0101ksteri pasarg\u0101 p\u0113das no berzes ar apaviem, nov\u0113r\u0161 atk\u0101rtotu cieto var\u017eacu veido\u0161anos un mazina s\u0101pes. Piem\u0113roti ar\u012b starppirkstu var\u017eac\u012bm.<\/p>\n<p>Lieto\u0161ana: Uzkl\u0101jiet pl\u0101ksteri uz t\u012bras un sausas \u0101das, prec\u012bzi viet\u0101, kas pak\u013cauta berzei. Viegli piespiediet, lai nodro\u0161in\u0101tu labu fiks\u0101ciju. Lai nodro\u0161in\u0101tu optim\u0101lu higi\u0113nu, pl\u0101ksteri ieteicams main\u012bt katru dienu. K\u0101ju vanni\u0146\u0101m var izmantot Timodore Oxysalts. Dermatolo\u0123iski p\u0101rbaud\u012bti.<\/p>\n<p>Piesardz\u012bbas pas\u0101kumi: Nelietot uz boj\u0101tas vai saplais\u0101ju\u0161as \u0101das. Uzglab\u0101t b\u0113rniem nepieejam\u0101 viet\u0101. Izstr\u0101d\u0101jums satur lateksu. Nelietot, ja ir individu\u0101la jut\u012bba pret sast\u0101vda\u013c\u0101m.<br \/>\nTikai \u0101r\u012bgai lieto\u0161anai. <\/p>\n<p>Galvenais materi\u0101ls: Maigs neausts materi\u0101ls.<\/p>\n","protected":false},"excerpt":{"rendered":"<p>Aizsargdarb\u012bba pret cietaj\u0101m var\u017eac\u012bm, sabiez\u0113ju\u0161u \u0101du un tulzn\u0101m. 100% biolo\u0123iski no\u0101rd\u0101ms produkts. Pl\u0101ksteri pasarg\u0101 p\u0113das no berzes ar apaviem, nov\u0113r\u0161 atk\u0101rtotu cieto var\u017eacu veido\u0161anos un mazina s\u0101pes. Piem\u0113roti ar\u012b starppirkstu var\u017eac\u012bm. Lieto\u0161ana: Uzkl\u0101jiet pl\u0101ksteri uz t\u012bras un sausas \u0101das, prec\u012bzi viet\u0101, kas pak\u013cauta berzei. Viegli piespiediet, lai nodro\u0161in\u0101tu labu fiks\u0101ciju. Lai nodro\u0161in\u0101tu optim\u0101lu higi\u0113nu, pl\u0101ksteri [&#8230;]\n","protected":false},"featured_media":78465,"template":"","meta":[],"product_cat":[1765],"product_tag":[],"class_list":{"0":"post-77438","1":"product","2":"type-product","3":"status-publish","4":"has-post-thumbnail","6":"product_brand-ciccarelli_it","7":"product_cat-kaju-kopsanas-aksesuari","9":"first","10":"outofstock","11":"taxable","12":"shipping-taxable","13":"product-type-simple"},"_links":{"self":[{"href":"https:\/\/e.kosmolat.eu\/lv\/wp-json\/wp\/v2\/product\/77438","targetHints":{"allow":["GET"]}}],"collection":[{"href":"https:\/\/e.kosmolat.eu\/lv\/wp-json\/wp\/v2\/product"}],"about":[{"href":"https:\/\/e.kosmolat.eu\/lv\/wp-json\/wp\/v2\/types\/product"}],"wp:featuredmedia":[{"embeddable":true,"href":"https:\/\/e.kosmolat.eu\/lv\/wp-json\/wp\/v2\/media\/78465"}],"wp:attachment":[{"href":"https:\/\/e.kosmolat.eu\/lv\/wp-json\/wp\/v2\/media?parent=77438"}],"wp:term":[{"taxonomy":"product_cat","embeddable":true,"href":"https:\/\/e.kosmolat.eu\/lv\/wp-json\/wp\/v2\/product_cat?post=77438"},{"taxonomy":"product_tag","embeddable":true,"href":"https:\/\/e.kosmolat.eu\/lv\/wp-json\/wp\/v2\/product_tag?post=77438"}],"curies":[{"name":"wp","href":"https:\/\/api.w.org\/{rel}","templated":true}]}}