{"id":77434,"date":"2025-08-08T04:00:48","date_gmt":"2025-08-08T04:00:48","guid":{"rendered":"https:\/\/e.kosmolat.eu\/product\/dr-ciccarelli-timodore-plaksteri-cieto-varzacu-nonems-6-gab\/"},"modified":"2026-04-23T08:26:16","modified_gmt":"2026-04-23T08:26:16","slug":"dr-ciccarelli-timodore-plaksteri-cieto-varzacu-nonems-6-gab","status":"publish","type":"product","link":"https:\/\/e.kosmolat.eu\/lv\/product\/dr-ciccarelli-timodore-plaksteri-cieto-varzacu-nonems-6-gab\/","title":{"rendered":"Dr. Ciccarelli Timodore Pl\u0101ksteri cieto var\u017eacu no\u0146em\u0161., 6 gab"},"content":{"rendered":"<p>Komplekt\u0101: 6 var\u017eacu no\u0146em\u0161anas diski + 6 aizsargpl\u0101ksteri.<\/p>\n<p>Dr. Ciccarelli pl\u0101ksteri pal\u012bdz \u0101tri un nes\u0101p\u012bgi no\u0146emt ciet\u0101s var\u017eacis (visbie\u017e\u0101k uz k\u0101ju pirkstiem). Piem\u0113roti ar\u012b var\u017eacu no\u0146em\u0161anai uz rok\u0101m. Komplekt\u0101 ir da\u017e\u0101du izm\u0113ru pl\u0101ksteri ar \u0113rtu stiprin\u0101jumu un auduma pamatni, ko iesp\u0113jams piel\u0101got p\u0113c vajadz\u012bbas.<\/p>\n<p>Lieto\u0161ana: Iem\u0113rciet k\u0101jas silt\u0101 \u016bden\u012b (ieteicams ar Timodore OxySalts). Uzlieciet var\u017eacu no\u0146em\u0161anas disku tie\u0161i uz var\u017eacis. P\u0101rkl\u0101jiet to ar speci\u0101lu aizsargpl\u0101ksteri un stingri piespiediet malas. Atst\u0101jiet uz 48 stund\u0101m. P\u0113c tam atk\u0101rtoti iem\u0113rciet \u0101du un uzman\u012bgi no\u0146emiet pl\u0101ksteri kop\u0101 ar var\u017eaci. Ja nepiecie\u0161ams, atk\u0101rtojiet proced\u016bru.<\/p>\n<p>Piesardz\u012bbas pask\u0101kumi: Nelietot uz boj\u0101tas vai kairin\u0101tas \u0101das. Sarg\u0101t no b\u0113rniem. Tikai \u0101r\u012bgai lieto\u0161anai.<\/p>\n<p>Akt\u012bv\u0101 sast\u0101vda\u013ca: salicilsk\u0101be 30%.<\/p>\n","protected":false},"excerpt":{"rendered":"<p>Komplekt\u0101: 6 var\u017eacu no\u0146em\u0161anas diski + 6 aizsargpl\u0101ksteri. Dr. Ciccarelli pl\u0101ksteri pal\u012bdz \u0101tri un nes\u0101p\u012bgi no\u0146emt ciet\u0101s var\u017eacis (visbie\u017e\u0101k uz k\u0101ju pirkstiem). Piem\u0113roti ar\u012b var\u017eacu no\u0146em\u0161anai uz rok\u0101m. Komplekt\u0101 ir da\u017e\u0101du izm\u0113ru pl\u0101ksteri ar \u0113rtu stiprin\u0101jumu un auduma pamatni, ko iesp\u0113jams piel\u0101got p\u0113c vajadz\u012bbas. Lieto\u0161ana: Iem\u0113rciet k\u0101jas silt\u0101 \u016bden\u012b (ieteicams ar Timodore OxySalts). Uzlieciet var\u017eacu [&#8230;]\n","protected":false},"featured_media":96278,"template":"","meta":[],"product_cat":[1766],"product_tag":[],"class_list":{"0":"post-77434","1":"product","2":"type-product","3":"status-publish","4":"has-post-thumbnail","6":"product_brand-ciccarelli_it","7":"product_cat-1766","9":"first","10":"instock","11":"taxable","12":"shipping-taxable","13":"product-type-simple"},"_links":{"self":[{"href":"https:\/\/e.kosmolat.eu\/lv\/wp-json\/wp\/v2\/product\/77434","targetHints":{"allow":["GET"]}}],"collection":[{"href":"https:\/\/e.kosmolat.eu\/lv\/wp-json\/wp\/v2\/product"}],"about":[{"href":"https:\/\/e.kosmolat.eu\/lv\/wp-json\/wp\/v2\/types\/product"}],"wp:featuredmedia":[{"embeddable":true,"href":"https:\/\/e.kosmolat.eu\/lv\/wp-json\/wp\/v2\/media\/96278"}],"wp:attachment":[{"href":"https:\/\/e.kosmolat.eu\/lv\/wp-json\/wp\/v2\/media?parent=77434"}],"wp:term":[{"taxonomy":"product_cat","embeddable":true,"href":"https:\/\/e.kosmolat.eu\/lv\/wp-json\/wp\/v2\/product_cat?post=77434"},{"taxonomy":"product_tag","embeddable":true,"href":"https:\/\/e.kosmolat.eu\/lv\/wp-json\/wp\/v2\/product_tag?post=77434"}],"curies":[{"name":"wp","href":"https:\/\/api.w.org\/{rel}","templated":true}]}}