{"id":77421,"date":"2025-08-07T04:01:13","date_gmt":"2025-08-07T04:01:13","guid":{"rendered":"https:\/\/e.kosmolat.eu\/product\/dr-ciccarelli-s-o-s-pelle-nomierinoss-krems-glabejs-25-ml\/"},"modified":"2026-03-26T10:12:00","modified_gmt":"2026-03-26T10:12:00","slug":"dr-ciccarelli-s-o-s-pelle-nomierinoss-krems-glabejs-25-ml","status":"publish","type":"product","link":"https:\/\/e.kosmolat.eu\/lv\/product\/dr-ciccarelli-s-o-s-pelle-nomierinoss-krems-glabejs-25-ml\/","title":{"rendered":"Dr. Ciccarelli S.O.S Pelle Nomierino\u0161s kr\u0113ms-gl\u0101b\u0113js, 25 ml"},"content":{"rendered":"<p>S.O.S. Pelle ir atsvaidzino\u0161s kr\u0113ms, kas \u0101tri un efekt\u012bvi nomierina \u0101du p\u0113c saules, v\u0113ja, aukstuma iedarb\u012bbas, sk\u016b\u0161an\u0101s, depil\u0101cijas vai saskares ar kairino\u0161\u0101m viel\u0101m (piem\u0113ram, ziep\u0113m).<\/p>\n<p>T\u0101 nomierino\u0161\u0101s \u012bpa\u0161\u012bbas nodro\u0161ina patent\u0113tais komplekss Sinksave\u00ae \u2014 dab\u012bgu akt\u012bvo vielu mais\u012bjums, kas ieg\u016bts no kapariem, ol\u012bv\u0101m un opuncijas, k\u0101 ar\u012b citiem dab\u012bgiem komponentiem, piem\u0113ram, Lipex L\u2019Sens, Rhamnosoft un beta\u012bns.<br \/>\n\u2022 Lipex L Sens (ieg\u016bts no karit\u0113 sviesta) \u2013 tam piem\u012bt nomierino\u0161a un atjaunojo\u0161a iedarb\u012bba.<br \/>\n\u2022 Rhamnosoft (augu izcelsmes) \u2013 pastiprina nomierino\u0161u SkinSave\u00ae kompleksa iedarb\u012bbu.<br \/>\n\u2022 Beta\u012bns (ieg\u016bts no biet\u0113m) \u2013 nodro\u0161ina mitrino\u0161u iedarb\u012bbu.<\/p>\n<p>Nesatur parab\u0113nus un silikonus. Tikai \u0101r\u012bgai lieto\u0161anai. Sarg\u0101t no b\u0113rniem.<\/p>\n","protected":false},"excerpt":{"rendered":"<p>S.O.S. Pelle ir atsvaidzino\u0161s kr\u0113ms, kas \u0101tri un efekt\u012bvi nomierina \u0101du p\u0113c saules, v\u0113ja, aukstuma iedarb\u012bbas, sk\u016b\u0161an\u0101s, depil\u0101cijas vai saskares ar kairino\u0161\u0101m viel\u0101m (piem\u0113ram, ziep\u0113m). T\u0101 nomierino\u0161\u0101s \u012bpa\u0161\u012bbas nodro\u0161ina patent\u0113tais komplekss Sinksave\u00ae \u2014 dab\u012bgu akt\u012bvo vielu mais\u012bjums, kas ieg\u016bts no kapariem, ol\u012bv\u0101m un opuncijas, k\u0101 ar\u012b citiem dab\u012bgiem komponentiem, piem\u0113ram, Lipex L\u2019Sens, Rhamnosoft un beta\u012bns. [&#8230;]\n","protected":false},"featured_media":78277,"template":"","meta":[],"product_cat":[2182],"product_tag":[],"class_list":{"0":"post-77421","1":"product","2":"type-product","3":"status-publish","4":"has-post-thumbnail","6":"product_brand-ciccarelli_it","7":"product_cat-bez-kategorijas-ru","9":"first","10":"instock","11":"taxable","12":"shipping-taxable","13":"product-type-simple"},"_links":{"self":[{"href":"https:\/\/e.kosmolat.eu\/lv\/wp-json\/wp\/v2\/product\/77421","targetHints":{"allow":["GET"]}}],"collection":[{"href":"https:\/\/e.kosmolat.eu\/lv\/wp-json\/wp\/v2\/product"}],"about":[{"href":"https:\/\/e.kosmolat.eu\/lv\/wp-json\/wp\/v2\/types\/product"}],"wp:featuredmedia":[{"embeddable":true,"href":"https:\/\/e.kosmolat.eu\/lv\/wp-json\/wp\/v2\/media\/78277"}],"wp:attachment":[{"href":"https:\/\/e.kosmolat.eu\/lv\/wp-json\/wp\/v2\/media?parent=77421"}],"wp:term":[{"taxonomy":"product_cat","embeddable":true,"href":"https:\/\/e.kosmolat.eu\/lv\/wp-json\/wp\/v2\/product_cat?post=77421"},{"taxonomy":"product_tag","embeddable":true,"href":"https:\/\/e.kosmolat.eu\/lv\/wp-json\/wp\/v2\/product_tag?post=77421"}],"curies":[{"name":"wp","href":"https:\/\/api.w.org\/{rel}","templated":true}]}}