{"id":77417,"date":"2025-08-07T04:00:59","date_gmt":"2025-08-07T04:00:59","guid":{"rendered":"https:\/\/e.kosmolat.eu\/product\/pasta-del-capitano-1905-zobu-pasta-ar-sicilijas-citronu-75-ml\/"},"modified":"2026-04-22T09:26:00","modified_gmt":"2026-04-22T09:26:00","slug":"pasta-del-capitano-1905-zobu-pasta-ar-sicilijas-citronu-75-ml","status":"publish","type":"product","link":"https:\/\/e.kosmolat.eu\/lv\/product\/pasta-del-capitano-1905-zobu-pasta-ar-sicilijas-citronu-75-ml\/","title":{"rendered":"Pasta del Capitano 1905 Zobu pasta ar Sic\u012blijas citronu, 75 ml"},"content":{"rendered":"<p>Optim\u0101ls risin\u0101jums mutes dobuma higi\u0113nas un svaiguma uztur\u0113\u0161anai.<\/p>\n<p>Satur:<br \/>\n\u2022 Sulfetal ZN\u00ae molekulu ar cinku, kurai piem\u012bt att\u012bro\u0161a iedarb\u012bba.<br \/>\n\u2022 Dab\u012bgu citrona ekstraktu no It\u0101lijas salas Sic\u012blijas, kur audz\u0113 vislab\u0101kos citronus. Citrons ir sp\u0113c\u012bgs antioksidants, kas pal\u012bdz uztur\u0113t mutes dobuma vesel\u012bbu un r\u016bp\u0113jas par elpas svaigumu, ko var ietekm\u0113t smaganu probl\u0113mas.<\/p>\n<p>Br\u012bdin\u0101jums: P\u0113c lieto\u0161anas cie\u0161i aizveriet t\u016bbi\u0146u. P\u0101rtrauciet lieto\u0161anu, ja rodas aler\u0123iska reakcija. Der\u012bguma termi\u0146\u0161 p\u0113c atv\u0113r\u0161anas ir nor\u0101d\u012bts m\u0113ne\u0161os un ir sp\u0113k\u0101, ja produkts tiek uzglab\u0101ts pareizi un tiek lietots paredz\u0113tajos apst\u0101k\u013cos.<\/p>\n","protected":false},"excerpt":{"rendered":"<p>Optim\u0101ls risin\u0101jums mutes dobuma higi\u0113nas un svaiguma uztur\u0113\u0161anai. Satur: \u2022 Sulfetal ZN\u00ae molekulu ar cinku, kurai piem\u012bt att\u012bro\u0161a iedarb\u012bba. \u2022 Dab\u012bgu citrona ekstraktu no It\u0101lijas salas Sic\u012blijas, kur audz\u0113 vislab\u0101kos citronus. Citrons ir sp\u0113c\u012bgs antioksidants, kas pal\u012bdz uztur\u0113t mutes dobuma vesel\u012bbu un r\u016bp\u0113jas par elpas svaigumu, ko var ietekm\u0113t smaganu probl\u0113mas. Br\u012bdin\u0101jums: P\u0113c lieto\u0161anas cie\u0161i [&#8230;]\n","protected":false},"featured_media":95946,"template":"","meta":[],"product_cat":[2182],"product_tag":[],"class_list":{"0":"post-77417","1":"product","2":"type-product","3":"status-publish","4":"has-post-thumbnail","6":"product_brand-ciccarelli_it","7":"product_cat-bez-kategorijas-ru","9":"first","10":"instock","11":"taxable","12":"shipping-taxable","13":"product-type-simple"},"_links":{"self":[{"href":"https:\/\/e.kosmolat.eu\/lv\/wp-json\/wp\/v2\/product\/77417","targetHints":{"allow":["GET"]}}],"collection":[{"href":"https:\/\/e.kosmolat.eu\/lv\/wp-json\/wp\/v2\/product"}],"about":[{"href":"https:\/\/e.kosmolat.eu\/lv\/wp-json\/wp\/v2\/types\/product"}],"wp:featuredmedia":[{"embeddable":true,"href":"https:\/\/e.kosmolat.eu\/lv\/wp-json\/wp\/v2\/media\/95946"}],"wp:attachment":[{"href":"https:\/\/e.kosmolat.eu\/lv\/wp-json\/wp\/v2\/media?parent=77417"}],"wp:term":[{"taxonomy":"product_cat","embeddable":true,"href":"https:\/\/e.kosmolat.eu\/lv\/wp-json\/wp\/v2\/product_cat?post=77417"},{"taxonomy":"product_tag","embeddable":true,"href":"https:\/\/e.kosmolat.eu\/lv\/wp-json\/wp\/v2\/product_tag?post=77417"}],"curies":[{"name":"wp","href":"https:\/\/api.w.org\/{rel}","templated":true}]}}