{"id":77409,"date":"2025-08-07T04:00:27","date_gmt":"2025-08-07T04:00:27","guid":{"rendered":"https:\/\/e.kosmolat.eu\/product\/pasta-del-capitano-zobu-pasta-ar-sodu-75-ml\/"},"modified":"2026-04-23T08:25:54","modified_gmt":"2026-04-23T08:25:54","slug":"pasta-del-capitano-zobu-pasta-ar-sodu-75-ml","status":"publish","type":"product","link":"https:\/\/e.kosmolat.eu\/lv\/product\/pasta-del-capitano-zobu-pasta-ar-sodu-75-ml\/","title":{"rendered":"Pasta del Capitano Zobu pasta ar sodu, 75 ml"},"content":{"rendered":"<p>Zobu pasta pal\u012bdz atjaunot dabisko zobu baltumu. T\u0101s unik\u0101lais sast\u0101vs satur:<\/p>\n<p>\u2022 Sulfetal Zn\u00ae molekulu ar cinku, kurai piem\u012bt t\u012bro\u0161a iedarb\u012bba.<br \/>\n\u2022 N\u0101trija hidrog\u0113nkarbon\u0101tu (sodu), kas neitraliz\u0113 aplikuma sk\u0101bumu un regul\u0113 pH l\u012bmeni mutes dobum\u0101.<br \/>\n\u2022 Dab\u012bgu organisku piparm\u0113tru.<\/p>\n<p>Nesatur parab\u0113nus, trikloz\u0101nu, n\u0101trija laurilsulf\u0101tu (SLS) un konservantus, kas izdala formaldeh\u012bdu.<\/p>\n<p>Br\u012bdin\u0101jums: B\u0113rniem vecum\u0101 l\u012bdz se\u0161iem gadiem: lietot pastu zir\u0146a lielum\u0101 un t\u012br\u012bt zobus pieaugu\u0161\u0101 uzraudz\u012bb\u0101, lai samazin\u0101tu nor\u012b\u0161anas iesp\u0113ju. P\u0113c lieto\u0161anas cie\u0161i aizveriet t\u016bbi\u0146u. P\u0101rtrauciet lieto\u0161anu, ja rodas aler\u0123iska reakcija. Der\u012bguma termi\u0146\u0161 p\u0113c atv\u0113r\u0161anas ir nor\u0101d\u012bts m\u0113ne\u0161os un ir sp\u0113k\u0101, ja produkts tiek uzglab\u0101ts pareizi un tiek lietots paredz\u0113tajos apst\u0101k\u013cos.<\/p>\n","protected":false},"excerpt":{"rendered":"<p>Zobu pasta pal\u012bdz atjaunot dabisko zobu baltumu. T\u0101s unik\u0101lais sast\u0101vs satur: \u2022 Sulfetal Zn\u00ae molekulu ar cinku, kurai piem\u012bt t\u012bro\u0161a iedarb\u012bba. \u2022 N\u0101trija hidrog\u0113nkarbon\u0101tu (sodu), kas neitraliz\u0113 aplikuma sk\u0101bumu un regul\u0113 pH l\u012bmeni mutes dobum\u0101. \u2022 Dab\u012bgu organisku piparm\u0113tru. Nesatur parab\u0113nus, trikloz\u0101nu, n\u0101trija laurilsulf\u0101tu (SLS) un konservantus, kas izdala formaldeh\u012bdu. Br\u012bdin\u0101jums: B\u0113rniem vecum\u0101 l\u012bdz se\u0161iem [&#8230;]\n","protected":false},"featured_media":95882,"template":"","meta":[],"product_cat":[1306],"product_tag":[],"class_list":{"0":"post-77409","1":"product","2":"type-product","3":"status-publish","4":"has-post-thumbnail","6":"product_brand-ciccarelli_it","7":"product_cat-zobu-pastas-un-zelejas","9":"first","10":"instock","11":"taxable","12":"shipping-taxable","13":"product-type-simple"},"_links":{"self":[{"href":"https:\/\/e.kosmolat.eu\/lv\/wp-json\/wp\/v2\/product\/77409","targetHints":{"allow":["GET"]}}],"collection":[{"href":"https:\/\/e.kosmolat.eu\/lv\/wp-json\/wp\/v2\/product"}],"about":[{"href":"https:\/\/e.kosmolat.eu\/lv\/wp-json\/wp\/v2\/types\/product"}],"wp:featuredmedia":[{"embeddable":true,"href":"https:\/\/e.kosmolat.eu\/lv\/wp-json\/wp\/v2\/media\/95882"}],"wp:attachment":[{"href":"https:\/\/e.kosmolat.eu\/lv\/wp-json\/wp\/v2\/media?parent=77409"}],"wp:term":[{"taxonomy":"product_cat","embeddable":true,"href":"https:\/\/e.kosmolat.eu\/lv\/wp-json\/wp\/v2\/product_cat?post=77409"},{"taxonomy":"product_tag","embeddable":true,"href":"https:\/\/e.kosmolat.eu\/lv\/wp-json\/wp\/v2\/product_tag?post=77409"}],"curies":[{"name":"wp","href":"https:\/\/api.w.org\/{rel}","templated":true}]}}