{"id":77405,"date":"2025-08-06T12:36:49","date_gmt":"2025-08-06T12:36:49","guid":{"rendered":"https:\/\/e.kosmolat.eu\/product\/cera-di-cupra-aizsarg-mitras-salvetes-intimai-hig-ar-medu-un-piparmetru-pieninu-ph-4-5-12-gab\/"},"modified":"2026-04-24T05:46:51","modified_gmt":"2026-04-24T05:46:51","slug":"cera-di-cupra-aizsarg-mitras-salvetes-intimai-hig-ar-medu-un-piparmetru-pieninu-ph-4-5-12-gab","status":"publish","type":"product","link":"https:\/\/e.kosmolat.eu\/lv\/product\/cera-di-cupra-aizsarg-mitras-salvetes-intimai-hig-ar-medu-un-piparmetru-pieninu-ph-4-5-12-gab\/","title":{"rendered":"Cera di Cupra Aizsarg. mitr\u0101s salvetes int\u012bmai hig. ar medu un piparm\u0113tru pieni\u0146u pH 4.5, 12 gab."},"content":{"rendered":"<p>Int\u012bm\u0101s salvetes ir bag\u0101tin\u0101tas ar propolisu \u2014 antibakteri\u0101lu sast\u0101vda\u013cu, ko izmanto bites. Ide\u0101li piem\u0113rotas ikdienas lieto\u0161anai, \u012bpa\u0161i atrodoties \u0101rpus m\u0101jas: biroj\u0101, sporta z\u0101l\u0113 vai ce\u013cojum\u0101. Nodro\u0161ina saudz\u012bgu un dro\u0161u int\u012bmo higi\u0113nu jebkur\u0101 situ\u0101cij\u0101, sniedzot ilgsto\u0161u svaiguma saj\u016btu. Formula bag\u0101tin\u0101ta ar medu un piparm\u0113tru pienu.<\/p>\n<p>Fiziolo\u0123isks pH. 100\u202f% biolo\u0123iski no\u0101rd\u0101ms audums ar dab\u012bgu izcelsmi. Tikai \u0101r\u012bgai lieto\u0161anai.<\/p>\n","protected":false},"excerpt":{"rendered":"<p>Int\u012bm\u0101s salvetes ir bag\u0101tin\u0101tas ar propolisu \u2014 antibakteri\u0101lu sast\u0101vda\u013cu, ko izmanto bites. Ide\u0101li piem\u0113rotas ikdienas lieto\u0161anai, \u012bpa\u0161i atrodoties \u0101rpus m\u0101jas: biroj\u0101, sporta z\u0101l\u0113 vai ce\u013cojum\u0101. Nodro\u0161ina saudz\u012bgu un dro\u0161u int\u012bmo higi\u0113nu jebkur\u0101 situ\u0101cij\u0101, sniedzot ilgsto\u0161u svaiguma saj\u016btu. Formula bag\u0101tin\u0101ta ar medu un piparm\u0113tru pienu. Fiziolo\u0123isks pH. 100\u202f% biolo\u0123iski no\u0101rd\u0101ms audums ar dab\u012bgu izcelsmi. Tikai \u0101r\u012bgai [&#8230;]\n","protected":false},"featured_media":95934,"template":"","meta":[],"product_cat":[1375],"product_tag":[],"class_list":{"0":"post-77405","1":"product","2":"type-product","3":"status-publish","4":"has-post-thumbnail","6":"product_brand-ciccarelli_it","7":"product_cat-1375","9":"first","10":"instock","11":"taxable","12":"shipping-taxable","13":"product-type-simple"},"_links":{"self":[{"href":"https:\/\/e.kosmolat.eu\/lv\/wp-json\/wp\/v2\/product\/77405","targetHints":{"allow":["GET"]}}],"collection":[{"href":"https:\/\/e.kosmolat.eu\/lv\/wp-json\/wp\/v2\/product"}],"about":[{"href":"https:\/\/e.kosmolat.eu\/lv\/wp-json\/wp\/v2\/types\/product"}],"wp:featuredmedia":[{"embeddable":true,"href":"https:\/\/e.kosmolat.eu\/lv\/wp-json\/wp\/v2\/media\/95934"}],"wp:attachment":[{"href":"https:\/\/e.kosmolat.eu\/lv\/wp-json\/wp\/v2\/media?parent=77405"}],"wp:term":[{"taxonomy":"product_cat","embeddable":true,"href":"https:\/\/e.kosmolat.eu\/lv\/wp-json\/wp\/v2\/product_cat?post=77405"},{"taxonomy":"product_tag","embeddable":true,"href":"https:\/\/e.kosmolat.eu\/lv\/wp-json\/wp\/v2\/product_tag?post=77405"}],"curies":[{"name":"wp","href":"https:\/\/api.w.org\/{rel}","templated":true}]}}