{"id":77401,"date":"2025-08-06T11:36:48","date_gmt":"2025-08-06T11:36:48","guid":{"rendered":"https:\/\/e.kosmolat.eu\/product\/cera-di-cupra-sensitive-intimate-tissues-12-pcs\/"},"modified":"2026-04-24T05:47:05","modified_gmt":"2026-04-24T05:47:05","slug":"cera-di-cupra-mitras-salvet-intim-hig-jutigai-adai-ar-medu-un-rozu-pieninu-ph-5-0-12-gab","status":"publish","type":"product","link":"https:\/\/e.kosmolat.eu\/lv\/product\/cera-di-cupra-mitras-salvet-intim-hig-jutigai-adai-ar-medu-un-rozu-pieninu-ph-5-0-12-gab\/","title":{"rendered":"Cera di Cupra Mitr\u0101s salvet. int\u012bm. hig. jut\u012bgai \u0101dai ar medu un ro\u017eu pieni\u0146u, pH 5.0, 12 gab."},"content":{"rendered":"<p>Cera di Cupra int\u012bm\u0101s l\u012bnijas maigums jut\u012bgai \u0101dai tagad pieejams ar\u012b mitro salve\u0161u form\u0101t\u0101. T\u0101s nomierina un pal\u012bdz nov\u0113rst kairin\u0101jumu, pateicoties Cupra medum un ro\u017eu pieni\u0146a iedarb\u012bbai. Bag\u0101tin\u0101tas ar propolisu \u2014 antibakteri\u0101lu sast\u0101vda\u013cu, ko izmanto bites \u2014 t\u0101s ir ide\u0101li piem\u0113rotas lieto\u0161anai \u0101rpus m\u0101jas, nodro\u0161inot maigu un dro\u0161u higi\u0113nu.<\/p>\n<p>Fiziolo\u0123isks pH. 100\u202f% biolo\u0123iski no\u0101rd\u0101ms audums ar dab\u012bgu izcelsmi. Tikai \u0101r\u012bgai lieto\u0161anai.<\/p>\n","protected":false},"excerpt":{"rendered":"<p>Cera di Cupra int\u012bm\u0101s l\u012bnijas maigums jut\u012bgai \u0101dai tagad pieejams ar\u012b mitro salve\u0161u form\u0101t\u0101. T\u0101s nomierina un pal\u012bdz nov\u0113rst kairin\u0101jumu, pateicoties Cupra medum un ro\u017eu pieni\u0146a iedarb\u012bbai. Bag\u0101tin\u0101tas ar propolisu \u2014 antibakteri\u0101lu sast\u0101vda\u013cu, ko izmanto bites \u2014 t\u0101s ir ide\u0101li piem\u0113rotas lieto\u0161anai \u0101rpus m\u0101jas, nodro\u0161inot maigu un dro\u0161u higi\u0113nu. Fiziolo\u0123isks pH. 100\u202f% biolo\u0123iski no\u0101rd\u0101ms audums [&#8230;]\n","protected":false},"featured_media":95938,"template":"","meta":[],"product_cat":[1375],"product_tag":[],"class_list":{"0":"post-77401","1":"product","2":"type-product","3":"status-publish","4":"has-post-thumbnail","6":"product_brand-ciccarelli_it","7":"product_cat-1375","9":"first","10":"instock","11":"taxable","12":"shipping-taxable","13":"product-type-simple"},"_links":{"self":[{"href":"https:\/\/e.kosmolat.eu\/lv\/wp-json\/wp\/v2\/product\/77401","targetHints":{"allow":["GET"]}}],"collection":[{"href":"https:\/\/e.kosmolat.eu\/lv\/wp-json\/wp\/v2\/product"}],"about":[{"href":"https:\/\/e.kosmolat.eu\/lv\/wp-json\/wp\/v2\/types\/product"}],"wp:featuredmedia":[{"embeddable":true,"href":"https:\/\/e.kosmolat.eu\/lv\/wp-json\/wp\/v2\/media\/95938"}],"wp:attachment":[{"href":"https:\/\/e.kosmolat.eu\/lv\/wp-json\/wp\/v2\/media?parent=77401"}],"wp:term":[{"taxonomy":"product_cat","embeddable":true,"href":"https:\/\/e.kosmolat.eu\/lv\/wp-json\/wp\/v2\/product_cat?post=77401"},{"taxonomy":"product_tag","embeddable":true,"href":"https:\/\/e.kosmolat.eu\/lv\/wp-json\/wp\/v2\/product_tag?post=77401"}],"curies":[{"name":"wp","href":"https:\/\/api.w.org\/{rel}","templated":true}]}}