{"id":77396,"date":"2025-08-06T10:06:46","date_gmt":"2025-08-06T10:06:46","guid":{"rendered":"https:\/\/e.kosmolat.eu\/product\/cera-di-cupra-gentle-intimate-wash-250-ml\/"},"modified":"2026-04-24T05:46:39","modified_gmt":"2026-04-24T05:46:39","slug":"cera-di-cupra-maigs-lidz-intimai-higienai-ar-medu-un-mand-pienu-ph-5-0-250-ml","status":"publish","type":"product","link":"https:\/\/e.kosmolat.eu\/lv\/product\/cera-di-cupra-maigs-lidz-intimai-higienai-ar-medu-un-mand-pienu-ph-5-0-250-ml\/","title":{"rendered":"Cera di Cupra Maigs l\u012bdz. int\u012bmai higi\u0113nai ar medu un mand. pienu pH 5.0, 250 ml"},"content":{"rendered":"<p>Jaun\u0101 int\u012bm\u0101s higi\u0113nas l\u012bdzek\u013ca formula apvieno medus m\u012bkstino\u0161\u0101s un mitrino\u0161\u0101s \u012bpa\u0161\u012bbas ar mande\u013cu piena aizsarg\u0101jo\u0161o iedarb\u012bbu, nodro\u0161inot saudz\u012bgu kop\u0161anu un dabisk\u0101 int\u012bm\u0101s zonas l\u012bdzsvara saglab\u0101\u0161anu. Inovat\u012bv\u0101 formula ir bag\u0101tin\u0101ta ar propolisu \u2014 dab\u012bgu antibakteri\u0101lu sast\u0101vda\u013cu, ko bites izmanto stropa aizsardz\u012bbai. Tas nodro\u0161ina efekt\u012bvu aizsardz\u012bbu. \u012apa\u0161i maigs l\u012bdzeklis ar fiziolo\u0123isku pH ir piem\u0113rots ikdienas lieto\u0161anai visai \u0123imenei.<\/p>\n<p>Lieto\u0161ana: Uzkl\u0101jiet nelielu daudzumu l\u012bdzek\u013ca, saputojiet un r\u016bp\u012bgi noskalojiet ar siltu \u016bdeni. Lietojiet vienu vai vair\u0101kas reizes dien\u0101 p\u0113c nepiecie\u0161am\u012bbas.<\/p>\n<p>Tikai \u0101r\u012bgai lieto\u0161anai. Sarg\u0101t no b\u0113rniem.<\/p>\n","protected":false},"excerpt":{"rendered":"<p>Jaun\u0101 int\u012bm\u0101s higi\u0113nas l\u012bdzek\u013ca formula apvieno medus m\u012bkstino\u0161\u0101s un mitrino\u0161\u0101s \u012bpa\u0161\u012bbas ar mande\u013cu piena aizsarg\u0101jo\u0161o iedarb\u012bbu, nodro\u0161inot saudz\u012bgu kop\u0161anu un dabisk\u0101 int\u012bm\u0101s zonas l\u012bdzsvara saglab\u0101\u0161anu. Inovat\u012bv\u0101 formula ir bag\u0101tin\u0101ta ar propolisu \u2014 dab\u012bgu antibakteri\u0101lu sast\u0101vda\u013cu, ko bites izmanto stropa aizsardz\u012bbai. Tas nodro\u0161ina efekt\u012bvu aizsardz\u012bbu. \u012apa\u0161i maigs l\u012bdzeklis ar fiziolo\u0123isku pH ir piem\u0113rots ikdienas lieto\u0161anai visai [&#8230;]\n","protected":false},"featured_media":95930,"template":"","meta":[],"product_cat":[1375],"product_tag":[],"class_list":{"0":"post-77396","1":"product","2":"type-product","3":"status-publish","4":"has-post-thumbnail","6":"product_brand-ciccarelli_it","7":"product_cat-1375","9":"first","10":"instock","11":"taxable","12":"shipping-taxable","13":"product-type-simple"},"_links":{"self":[{"href":"https:\/\/e.kosmolat.eu\/lv\/wp-json\/wp\/v2\/product\/77396","targetHints":{"allow":["GET"]}}],"collection":[{"href":"https:\/\/e.kosmolat.eu\/lv\/wp-json\/wp\/v2\/product"}],"about":[{"href":"https:\/\/e.kosmolat.eu\/lv\/wp-json\/wp\/v2\/types\/product"}],"wp:featuredmedia":[{"embeddable":true,"href":"https:\/\/e.kosmolat.eu\/lv\/wp-json\/wp\/v2\/media\/95930"}],"wp:attachment":[{"href":"https:\/\/e.kosmolat.eu\/lv\/wp-json\/wp\/v2\/media?parent=77396"}],"wp:term":[{"taxonomy":"product_cat","embeddable":true,"href":"https:\/\/e.kosmolat.eu\/lv\/wp-json\/wp\/v2\/product_cat?post=77396"},{"taxonomy":"product_tag","embeddable":true,"href":"https:\/\/e.kosmolat.eu\/lv\/wp-json\/wp\/v2\/product_tag?post=77396"}],"curies":[{"name":"wp","href":"https:\/\/api.w.org\/{rel}","templated":true}]}}