{"id":77387,"date":"2025-08-04T13:06:34","date_gmt":"2025-08-04T13:06:34","guid":{"rendered":"https:\/\/e.kosmolat.eu\/product\/wow-face-scrub-mint-lemon-extract-500-ml\/"},"modified":"2025-09-20T08:32:47","modified_gmt":"2025-09-20T08:32:47","slug":"wow-sejas-skrubis-ar-piparm-un-citr-ekstr-visiem-adas-tip-500-ml","status":"publish","type":"product","link":"https:\/\/e.kosmolat.eu\/lv\/product\/wow-sejas-skrubis-ar-piparm-un-citr-ekstr-visiem-adas-tip-500-ml\/","title":{"rendered":"WOW Sejas skrubis ar piparm. un citr. ekstr. visiem \u0101das tip., 500 ml"},"content":{"rendered":"<p>Sejas skrubim Wow ir maiga formula, kas efekt\u012bvi no\u0146em atmiru\u0161\u0101s \u0101das \u0161\u016bnas, atst\u0101jot \u0101du svaigu, maigu un t\u012bru. Bag\u0101tin\u0101ts ar 100% apriko\u017eu kauli\u0146u da\u013ci\u0146\u0101m.<\/p>\n<p>Lieto\u0161ana: Maigi uzkl\u0101jiet uz mitras vai sausas \u0101das, iemas\u0113jot ar ap\u013cveida kust\u012bb\u0101m apm\u0113ram vienu min\u016bti. R\u016bp\u012bgi noskalojiet ar \u016bdeni.<\/p>\n<p>Piesardz\u012bbas pas\u0101kumi: Tikai \u0101r\u012bgai lieto\u0161anai. Izvair\u012bties no saskares ar ac\u012bm. Ja nok\u013c\u016bst ac\u012bs, r\u016bp\u012bgi izskalot ar lielu daudzumu \u016bdens. Uzglab\u0101t b\u0113rniem nepieejam\u0101 viet\u0101. Nelietot b\u0113rniem l\u012bdz 3 gadu vecumam.<\/p>\n","protected":false},"excerpt":{"rendered":"<p>Sejas skrubim Wow ir maiga formula, kas efekt\u012bvi no\u0146em atmiru\u0161\u0101s \u0101das \u0161\u016bnas, atst\u0101jot \u0101du svaigu, maigu un t\u012bru. Bag\u0101tin\u0101ts ar 100% apriko\u017eu kauli\u0146u da\u013ci\u0146\u0101m. Lieto\u0161ana: Maigi uzkl\u0101jiet uz mitras vai sausas \u0101das, iemas\u0113jot ar ap\u013cveida kust\u012bb\u0101m apm\u0113ram vienu min\u016bti. R\u016bp\u012bgi noskalojiet ar \u016bdeni. Piesardz\u012bbas pas\u0101kumi: Tikai \u0101r\u012bgai lieto\u0161anai. Izvair\u012bties no saskares ar ac\u012bm. Ja nok\u013c\u016bst [&#8230;]\n","protected":false},"featured_media":95922,"template":"","meta":[],"product_cat":[1394],"product_tag":[],"class_list":{"0":"post-77387","1":"product","2":"type-product","3":"status-publish","4":"has-post-thumbnail","6":"product_brand-sora_tr","7":"product_cat-skrubji-un-pilingi-sejai","9":"first","10":"outofstock","11":"taxable","12":"shipping-taxable","13":"product-type-simple"},"_links":{"self":[{"href":"https:\/\/e.kosmolat.eu\/lv\/wp-json\/wp\/v2\/product\/77387","targetHints":{"allow":["GET"]}}],"collection":[{"href":"https:\/\/e.kosmolat.eu\/lv\/wp-json\/wp\/v2\/product"}],"about":[{"href":"https:\/\/e.kosmolat.eu\/lv\/wp-json\/wp\/v2\/types\/product"}],"wp:featuredmedia":[{"embeddable":true,"href":"https:\/\/e.kosmolat.eu\/lv\/wp-json\/wp\/v2\/media\/95922"}],"wp:attachment":[{"href":"https:\/\/e.kosmolat.eu\/lv\/wp-json\/wp\/v2\/media?parent=77387"}],"wp:term":[{"taxonomy":"product_cat","embeddable":true,"href":"https:\/\/e.kosmolat.eu\/lv\/wp-json\/wp\/v2\/product_cat?post=77387"},{"taxonomy":"product_tag","embeddable":true,"href":"https:\/\/e.kosmolat.eu\/lv\/wp-json\/wp\/v2\/product_tag?post=77387"}],"curies":[{"name":"wp","href":"https:\/\/api.w.org\/{rel}","templated":true}]}}