{"id":77383,"date":"2025-08-04T07:18:34","date_gmt":"2025-08-04T07:18:34","guid":{"rendered":"https:\/\/e.kosmolat.eu\/product\/dsc-viriesu-dusas-zeleja-ar-sandalk-un-naves-juras-mineraliem-1-l\/"},"modified":"2026-04-23T09:29:31","modified_gmt":"2026-04-23T09:29:31","slug":"dsc-viriesu-dusas-zeleja-ar-sandalk-un-naves-juras-mineraliem-1-l","status":"publish","type":"product","link":"https:\/\/e.kosmolat.eu\/lv\/product\/dsc-viriesu-dusas-zeleja-ar-sandalk-un-naves-juras-mineraliem-1-l\/","title":{"rendered":"DSC V\u012brie\u0161u du\u0161as \u017eeleja ar sandalk. un N\u0101ves j\u016bras miner\u0101liem, 1 l"},"content":{"rendered":"<p>Atsvaidzino\u0161a tr\u012bsk\u0101r\u0161as iedarb\u012bbas formula, \u012bpa\u0161i izstr\u0101d\u0101ta v\u012brie\u0161iem. L\u012bdzekli var izmantot k\u0101 du\u0161as \u017eeleju, \u0161amp\u016bnu un sejas mazg\u0101\u0161anas l\u012bdzekli, t\u0101p\u0113c nav nepiecie\u0161ams main\u012bt flakonus ikdienas kop\u0161anas laik\u0101. Tas efekt\u012bvi att\u012bra net\u012brumus, nesausinot \u0101du, un sniedz svaiguma saj\u016btu un mo\u017eumu p\u0113c katras lieto\u0161anas reizes.<\/p>\n<p>Lieto\u0161ana: lietot du\u0161as vai vannas laik\u0101. Noskalot ar siltu \u016bdeni.<\/p>\n","protected":false},"excerpt":{"rendered":"<p>Atsvaidzino\u0161a tr\u012bsk\u0101r\u0161as iedarb\u012bbas formula, \u012bpa\u0161i izstr\u0101d\u0101ta v\u012brie\u0161iem. L\u012bdzekli var izmantot k\u0101 du\u0161as \u017eeleju, \u0161amp\u016bnu un sejas mazg\u0101\u0161anas l\u012bdzekli, t\u0101p\u0113c nav nepiecie\u0161ams main\u012bt flakonus ikdienas kop\u0161anas laik\u0101. Tas efekt\u012bvi att\u012bra net\u012brumus, nesausinot \u0101du, un sniedz svaiguma saj\u016btu un mo\u017eumu p\u0113c katras lieto\u0161anas reizes. Lieto\u0161ana: lietot du\u0161as vai vannas laik\u0101. Noskalot ar siltu \u016bdeni.<\/p>\n","protected":false},"featured_media":93938,"template":"","meta":[],"product_cat":[1676],"product_tag":[],"class_list":{"0":"post-77383","1":"product","2":"type-product","3":"status-publish","4":"has-post-thumbnail","6":"product_brand-dead-sea_il","7":"product_cat-sejas-kopsanai-viriesiem","9":"first","10":"instock","11":"taxable","12":"shipping-taxable","13":"product-type-simple"},"_links":{"self":[{"href":"https:\/\/e.kosmolat.eu\/lv\/wp-json\/wp\/v2\/product\/77383","targetHints":{"allow":["GET"]}}],"collection":[{"href":"https:\/\/e.kosmolat.eu\/lv\/wp-json\/wp\/v2\/product"}],"about":[{"href":"https:\/\/e.kosmolat.eu\/lv\/wp-json\/wp\/v2\/types\/product"}],"wp:featuredmedia":[{"embeddable":true,"href":"https:\/\/e.kosmolat.eu\/lv\/wp-json\/wp\/v2\/media\/93938"}],"wp:attachment":[{"href":"https:\/\/e.kosmolat.eu\/lv\/wp-json\/wp\/v2\/media?parent=77383"}],"wp:term":[{"taxonomy":"product_cat","embeddable":true,"href":"https:\/\/e.kosmolat.eu\/lv\/wp-json\/wp\/v2\/product_cat?post=77383"},{"taxonomy":"product_tag","embeddable":true,"href":"https:\/\/e.kosmolat.eu\/lv\/wp-json\/wp\/v2\/product_tag?post=77383"}],"curies":[{"name":"wp","href":"https:\/\/api.w.org\/{rel}","templated":true}]}}