{"id":77362,"date":"2025-08-02T04:00:35","date_gmt":"2025-08-02T04:00:35","guid":{"rendered":"https:\/\/e.kosmolat.eu\/product\/skeres-kutikulai-9166\/"},"modified":"2026-04-10T08:45:55","modified_gmt":"2026-04-10T08:45:55","slug":"skeres-kutikulai-9166","status":"publish","type":"product","link":"https:\/\/e.kosmolat.eu\/lv\/product\/skeres-kutikulai-9166\/","title":{"rendered":"\u0160\u0137\u0113res kutikulai 9166"},"content":{"rendered":"<p>\u0160\u0137\u0113res kutikulai.<\/p>\n<p>Nerus\u0113jo\u0161ais t\u0113rauds.<br \/>\nUzman\u012bbu: tur\u0113t b\u0113rniem nepieejamaj\u0101 viet\u0101!<\/p>\n","protected":false},"excerpt":{"rendered":"<p>\u0160\u0137\u0113res kutikulai. Nerus\u0113jo\u0161ais t\u0113rauds. Uzman\u012bbu: tur\u0113t b\u0113rniem nepieejamaj\u0101 viet\u0101!<\/p>\n","protected":false},"featured_media":79450,"template":"","meta":[],"product_cat":[1822],"product_tag":[],"class_list":{"0":"post-77362","1":"product","2":"type-product","3":"status-publish","4":"has-post-thumbnail","6":"product_brand-donegal-sp-zo-o-_pl","7":"product_cat-1822","9":"first","10":"instock","11":"taxable","12":"shipping-taxable","13":"product-type-simple"},"_links":{"self":[{"href":"https:\/\/e.kosmolat.eu\/lv\/wp-json\/wp\/v2\/product\/77362","targetHints":{"allow":["GET"]}}],"collection":[{"href":"https:\/\/e.kosmolat.eu\/lv\/wp-json\/wp\/v2\/product"}],"about":[{"href":"https:\/\/e.kosmolat.eu\/lv\/wp-json\/wp\/v2\/types\/product"}],"wp:featuredmedia":[{"embeddable":true,"href":"https:\/\/e.kosmolat.eu\/lv\/wp-json\/wp\/v2\/media\/79450"}],"wp:attachment":[{"href":"https:\/\/e.kosmolat.eu\/lv\/wp-json\/wp\/v2\/media?parent=77362"}],"wp:term":[{"taxonomy":"product_cat","embeddable":true,"href":"https:\/\/e.kosmolat.eu\/lv\/wp-json\/wp\/v2\/product_cat?post=77362"},{"taxonomy":"product_tag","embeddable":true,"href":"https:\/\/e.kosmolat.eu\/lv\/wp-json\/wp\/v2\/product_tag?post=77362"}],"curies":[{"name":"wp","href":"https:\/\/api.w.org\/{rel}","templated":true}]}}