{"id":77324,"date":"2025-07-31T04:06:25","date_gmt":"2025-07-31T04:06:25","guid":{"rendered":"https:\/\/e.kosmolat.eu\/product\/dr-s-cucumber-minerala-maska-75-ml\/"},"modified":"2026-04-15T13:24:14","modified_gmt":"2026-04-15T13:24:14","slug":"dr-s-cucumber-minerala-maska-75-ml","status":"publish","type":"product","link":"https:\/\/e.kosmolat.eu\/lv\/product\/dr-s-cucumber-minerala-maska-75-ml\/","title":{"rendered":"&#8220;Dr.S.Cucumber&#8221; Miner\u0101la maska, 75 ml"},"content":{"rendered":"<ul>\n<li><span style=\"line-height: 1.42857;\">Uz balto m\u0101lu pamata<\/span><\/li>\n<li>Izl\u012bzina sejas kr\u0101su, savelk poras<\/li>\n<li>Gur\u0137a ekstrakts, Acancidol, A vitam\u012bns, Vital ET<\/li>\n<\/ul>\n<p>Miner\u0101l\u0101 maska iedarboj\u0101s uz probl\u0113matiskajiem \u0101das laukumiem, izl\u012bdzinot un uzlabojot \u0101das kr\u0101su. Akt\u012bv\u0101k\u0101s maskas sast\u0101vda\u013cas: pundurpalma &#8211; normaliz\u0113 tauku dziedzeru darb\u012bbu, padara \u0101du maz\u0101k taukainu, bet poras maz\u0101k paman\u0101mas; Acnacidol\u00ae &#8211; nom\u0101c sebuma p\u0101rm\u0113r\u012bgo izstr\u0101di; gur\u0137is &#8211; pies\u0101tina \u0101du ar mitrumu un miner\u0101lviel\u0101m; kaol\u012bns (baltie m\u0101li) &#8211; lieliski adsorb\u0113 liekos \u0101das taukus un savelk poras, tiem piem\u012bt sausino\u0161s efekts, izl\u012bdzina p\u0113cakne r\u0113tas un izvada toks\u012bnus; A vitam\u012bns &#8211; nov\u0113r\u0161 r\u0113tu par\u0101d\u012b\u0161anos; Vital ET\u00ae &#8211; samazina aps\u0101rtumus.<\/p>\n<h4>Lieto\u0161ana:<\/h4>\n<p>uzkl\u0101t uz att\u012br\u012bt\u0101s \u0101das, nomazg\u0101t ar att\u012bro\u0161\u0101m put\u0101m p\u0113c 3-5 min\u016bt\u0113m. Att\u012br\u012bt ar toniku. Lietot 1-2 reizes ned\u0113\u013c\u0101.<\/p>\n","protected":false},"excerpt":{"rendered":"<p>Uz balto m\u0101lu pamata Izl\u012bzina sejas kr\u0101su, savelk poras Gur\u0137a ekstrakts, Acancidol, A vitam\u012bns, Vital ET Miner\u0101l\u0101 maska iedarboj\u0101s uz probl\u0113matiskajiem \u0101das laukumiem, izl\u012bdzinot un uzlabojot \u0101das kr\u0101su. Akt\u012bv\u0101k\u0101s maskas sast\u0101vda\u013cas: pundurpalma &#8211; normaliz\u0113 tauku dziedzeru darb\u012bbu, padara \u0101du maz\u0101k taukainu, bet poras maz\u0101k paman\u0101mas; Acnacidol\u00ae &#8211; nom\u0101c sebuma p\u0101rm\u0113r\u012bgo izstr\u0101di; gur\u0137is &#8211; pies\u0101tina \u0101du [&#8230;]\n","protected":false},"featured_media":78974,"template":"","meta":[],"product_cat":[1369],"product_tag":[],"class_list":{"0":"post-77324","1":"product","2":"type-product","3":"status-publish","4":"has-post-thumbnail","6":"product_brand-elfa_ua","7":"product_cat-veido-kaukes","9":"first","10":"instock","11":"taxable","12":"shipping-taxable","13":"product-type-simple"},"_links":{"self":[{"href":"https:\/\/e.kosmolat.eu\/lv\/wp-json\/wp\/v2\/product\/77324","targetHints":{"allow":["GET"]}}],"collection":[{"href":"https:\/\/e.kosmolat.eu\/lv\/wp-json\/wp\/v2\/product"}],"about":[{"href":"https:\/\/e.kosmolat.eu\/lv\/wp-json\/wp\/v2\/types\/product"}],"wp:featuredmedia":[{"embeddable":true,"href":"https:\/\/e.kosmolat.eu\/lv\/wp-json\/wp\/v2\/media\/78974"}],"wp:attachment":[{"href":"https:\/\/e.kosmolat.eu\/lv\/wp-json\/wp\/v2\/media?parent=77324"}],"wp:term":[{"taxonomy":"product_cat","embeddable":true,"href":"https:\/\/e.kosmolat.eu\/lv\/wp-json\/wp\/v2\/product_cat?post=77324"},{"taxonomy":"product_tag","embeddable":true,"href":"https:\/\/e.kosmolat.eu\/lv\/wp-json\/wp\/v2\/product_tag?post=77324"}],"curies":[{"name":"wp","href":"https:\/\/api.w.org\/{rel}","templated":true}]}}