{"id":77308,"date":"2025-07-31T04:05:11","date_gmt":"2025-07-31T04:05:11","guid":{"rendered":"https:\/\/e.kosmolat.eu\/product\/jee-cosm-notur-matu-kremkr-9-01-ziemelu-blonds-50-50-30-ml\/"},"modified":"2026-04-10T07:23:26","modified_gmt":"2026-04-10T07:23:26","slug":"jee-cosm-notur-matu-kremkr-9-01-ziemelu-blonds-50-50-30-ml","status":"publish","type":"product","link":"https:\/\/e.kosmolat.eu\/lv\/product\/jee-cosm-notur-matu-kremkr-9-01-ziemelu-blonds-50-50-30-ml\/","title":{"rendered":"Jee Cosm. Notur. matu kr\u0113mkr. 9-01 Zieme\u013cu blonds, 50\/50\/30 ml"},"content":{"rendered":"<p>100% nokr\u0101so sirmos matus. Ar arg\u0101na un kam\u0113lijas e\u013c\u013cu. Intens\u012bva un notur\u012bga kr\u0101sa ar vienm\u0113r\u012bgu rezult\u0101tu no matu sakn\u0113m l\u012bdz galiem. PlexPlusOil tehnolo\u0123ija aizsarg\u0101 mikrosaites matu strukt\u016br\u0101. Samazina matu l\u016b\u0161anu, pie\u0161\u0137ir tiem maigumu un dab\u012bgu mirdzumu.<\/p>\n<p>Komplekt\u0101: paci\u0146as ar kr\u0113mkr\u0101su 2 x 25 ml , paci\u0146as ar oksid\u0113jo\u0161u emulsiju 2 x 25 ml, matu maska-balzams 2 x 15ml, aizsargcimdu p\u0101ris, lieto\u0161anas instrukcija 2 gab.<\/p>\n<p>Lieto\u0161ana: izlasiet un izpildiet instrukcijas nor\u0101d\u012bjumus.<\/p>\n<p>Piesardz\u012bbas pas\u0101kumi: UZMAN\u012aBU! Satur amonjaku, \u016bde\u0146ra\u017ea peroks\u012bdu, fenil\u0113ndiam\u012bnus (t. 1-12, 2-05, 3-61, 3-72, 4-37, 5-01, 5-65, 5-74, 6-75, 7-43, 9-01), rezorc\u012bnu (t. 1-12, 2-05, 3-72, 4-37, 5-01, 6-75, 7-02, 8-34, 9-01, 9-07), fenil\u0113ndiam\u012bnus (tolu\u0113ndiam\u012bnus) (t. 3-72, 4-37, 4-67, 5-01, 6-75, 7-02, 7-62, 8-34, 8-65, 9-07, 9-51). Matu kr\u0101svielas var izrais\u012bt smagu aler\u0123isku reakciju. Veiciet aler\u0123ijas testu 48 stundas pirms lieto\u0161anas. Izlas\u012bt un iev\u0113rot nor\u0101d\u012bjumus. \u0160is l\u012bdzeklis nav paredz\u0113ts person\u0101m, kas jaun\u0101kas par 16 gadiem. Matu maska-balzams satur A vitam\u012bnu. L\u016bgums pirms lieto\u0161anas p\u0101rdom\u0101t savu dienas devu. Meln\u0101s hennas tetov\u0113jumi, kas nav permanenti, var paaugstin\u0101t aler\u0123ijas risku. Matus nekr\u0101sot, ja: \u2014 uz sejas ir izsitumi vai galvas \u0101da ir jut\u012bga, kairin\u0101ta vai boj\u0101ta, p\u0113c matu kr\u0101so\u0161anas ir bijusi k\u0101da reakcija, \u2014 agr\u0101k ir bijusi reakcija uz meln\u0101s hennas tetov\u0113jumu, kas nav notur\u012bgs. Nelietot skropstu vai uzacu kr\u0101so\u0161anai. Lietot atbilsto\u0161us aizsargcimdus. Nepie\u013caut nok\u013c\u016b\u0161anu ac\u012bs! Ja l\u012bdzeklis iek\u013c\u016bst ac\u012bs, t\u016bl\u012bt izskalot.<\/p>\n<p>Der\u012bguma termi\u0146\u0161: 36 m\u0113ne\u0161i.<\/p>\n","protected":false},"excerpt":{"rendered":"<p>100% nokr\u0101so sirmos matus. Ar arg\u0101na un kam\u0113lijas e\u013c\u013cu. Intens\u012bva un notur\u012bga kr\u0101sa ar vienm\u0113r\u012bgu rezult\u0101tu no matu sakn\u0113m l\u012bdz galiem. PlexPlusOil tehnolo\u0123ija aizsarg\u0101 mikrosaites matu strukt\u016br\u0101. Samazina matu l\u016b\u0161anu, pie\u0161\u0137ir tiem maigumu un dab\u012bgu mirdzumu. Komplekt\u0101: paci\u0146as ar kr\u0113mkr\u0101su 2 x 25 ml , paci\u0146as ar oksid\u0113jo\u0161u emulsiju 2 x 25 ml, matu maska-balzams [&#8230;]\n","protected":false},"featured_media":106916,"template":"","meta":[],"product_cat":[1440],"product_tag":[],"class_list":{"0":"post-77308","1":"product","2":"type-product","3":"status-publish","4":"has-post-thumbnail","6":"product_brand-kombi_ua","7":"product_cat-matu-krasas-matu-krasas","9":"first","10":"outofstock","11":"taxable","12":"shipping-taxable","13":"product-type-simple"},"_links":{"self":[{"href":"https:\/\/e.kosmolat.eu\/lv\/wp-json\/wp\/v2\/product\/77308","targetHints":{"allow":["GET"]}}],"collection":[{"href":"https:\/\/e.kosmolat.eu\/lv\/wp-json\/wp\/v2\/product"}],"about":[{"href":"https:\/\/e.kosmolat.eu\/lv\/wp-json\/wp\/v2\/types\/product"}],"wp:featuredmedia":[{"embeddable":true,"href":"https:\/\/e.kosmolat.eu\/lv\/wp-json\/wp\/v2\/media\/106916"}],"wp:attachment":[{"href":"https:\/\/e.kosmolat.eu\/lv\/wp-json\/wp\/v2\/media?parent=77308"}],"wp:term":[{"taxonomy":"product_cat","embeddable":true,"href":"https:\/\/e.kosmolat.eu\/lv\/wp-json\/wp\/v2\/product_cat?post=77308"},{"taxonomy":"product_tag","embeddable":true,"href":"https:\/\/e.kosmolat.eu\/lv\/wp-json\/wp\/v2\/product_tag?post=77308"}],"curies":[{"name":"wp","href":"https:\/\/api.w.org\/{rel}","templated":true}]}}