{"id":77229,"date":"2025-07-29T04:04:37","date_gmt":"2025-07-29T04:04:37","guid":{"rendered":"https:\/\/e.kosmolat.eu\/product\/dr-sante-pre-age-maigas-attir-sejas-putas-keramidsprebiotika-150-ml\/"},"modified":"2026-04-15T13:09:15","modified_gmt":"2026-04-15T13:09:15","slug":"dr-sante-pre-age-maigas-attir-sejas-putas-keramidsprebiotika-150-ml","status":"publish","type":"product","link":"https:\/\/e.kosmolat.eu\/lv\/product\/dr-sante-pre-age-maigas-attir-sejas-putas-keramidsprebiotika-150-ml\/","title":{"rendered":"Dr.Sante Pre Age Maigas att\u012br. sejas putas Keram\u012bds+Prebiotika, 150 ml"},"content":{"rendered":"<p>Maiga att\u012bro\u0161a esence, kas viegli p\u0101rv\u0113r\u0161as bag\u0101t\u012bg\u0101s gais\u012bg\u0101s put\u0101s ar mitrino\u0161u efektu. T\u0101 maigi att\u012bra un pal\u012bdz saglab\u0101t \u0101das mitruma l\u012bmeni. Satur keram\u012bdu un prebiotiku. Ide\u0101li piem\u0113rotas sausai \u0101dai ar pirmaj\u0101m noveco\u0161an\u0101s paz\u012bm\u0113m.<\/p>\n<p>Lieto\u0161ana: uzkl\u0101t uz mitras \u0101das un noskalot ar \u016bdeni. <\/p>\n<p>Uzglab\u0101\u0161ana: no +5 \u00b0C l\u012bdz +25 \u00b0C.<\/p>\n<p>Der\u012bguma termi\u0146\u0161: 30 m\u0113ne\u0161i.<\/p>\n","protected":false},"excerpt":{"rendered":"<p>Maiga att\u012bro\u0161a esence, kas viegli p\u0101rv\u0113r\u0161as bag\u0101t\u012bg\u0101s gais\u012bg\u0101s put\u0101s ar mitrino\u0161u efektu. T\u0101 maigi att\u012bra un pal\u012bdz saglab\u0101t \u0101das mitruma l\u012bmeni. Satur keram\u012bdu un prebiotiku. Ide\u0101li piem\u0113rotas sausai \u0101dai ar pirmaj\u0101m noveco\u0161an\u0101s paz\u012bm\u0113m. Lieto\u0161ana: uzkl\u0101t uz mitras \u0101das un noskalot ar \u016bdeni. Uzglab\u0101\u0161ana: no +5 \u00b0C l\u012bdz +25 \u00b0C. Der\u012bguma termi\u0146\u0161: 30 m\u0113ne\u0161i.<\/p>\n","protected":false},"featured_media":107102,"template":"","meta":[],"product_cat":[1833],"product_tag":[],"class_list":{"0":"post-77229","1":"product","2":"type-product","3":"status-publish","4":"has-post-thumbnail","6":"product_brand-elfa_ua","7":"product_cat-putas-sejas-mazgasanai","9":"first","10":"instock","11":"taxable","12":"shipping-taxable","13":"product-type-simple"},"_links":{"self":[{"href":"https:\/\/e.kosmolat.eu\/lv\/wp-json\/wp\/v2\/product\/77229","targetHints":{"allow":["GET"]}}],"collection":[{"href":"https:\/\/e.kosmolat.eu\/lv\/wp-json\/wp\/v2\/product"}],"about":[{"href":"https:\/\/e.kosmolat.eu\/lv\/wp-json\/wp\/v2\/types\/product"}],"wp:featuredmedia":[{"embeddable":true,"href":"https:\/\/e.kosmolat.eu\/lv\/wp-json\/wp\/v2\/media\/107102"}],"wp:attachment":[{"href":"https:\/\/e.kosmolat.eu\/lv\/wp-json\/wp\/v2\/media?parent=77229"}],"wp:term":[{"taxonomy":"product_cat","embeddable":true,"href":"https:\/\/e.kosmolat.eu\/lv\/wp-json\/wp\/v2\/product_cat?post=77229"},{"taxonomy":"product_tag","embeddable":true,"href":"https:\/\/e.kosmolat.eu\/lv\/wp-json\/wp\/v2\/product_tag?post=77229"}],"curies":[{"name":"wp","href":"https:\/\/api.w.org\/{rel}","templated":true}]}}