{"id":77221,"date":"2025-07-29T04:04:20","date_gmt":"2025-07-29T04:04:20","guid":{"rendered":"https:\/\/e.kosmolat.eu\/product\/dr-sante-pre-age-aizsarg-toniks-keramidsprebiotika-200-ml\/"},"modified":"2026-05-08T16:10:28","modified_gmt":"2026-05-08T16:10:28","slug":"dr-sante-pre-age-aizsarg-toniks-keramidsprebiotika-200-ml","status":"publish","type":"product","link":"https:\/\/e.kosmolat.eu\/lv\/product\/dr-sante-pre-age-aizsarg-toniks-keramidsprebiotika-200-ml\/","title":{"rendered":"Dr.Sante Pre Age Aizsarg. toniks Keram\u012bds+Prebiotika, 200 ml"},"content":{"rendered":"<p>Mitrina, nomierina un atjauno \u0101das komfortu. Piem\u0113rots sejas, kakla un dekolt\u0113 zonas \u0101dai. Satur keram\u012bdu un prebiotiku. Ide\u0101li piem\u0113rots sausai \u0101dai ar pirmaj\u0101m noveco\u0161an\u0101s paz\u012bm\u0113m.<\/p>\n<p>Lieto\u0161ana: uzkl\u0101t uz vates diska un ar viegl\u0101m kust\u012bb\u0101m not\u012br\u012bt \u0101du. <\/p>\n<p>Uzglab\u0101\u0161ana: no +5 \u00b0C l\u012bdz +25 \u00b0C.<\/p>\n<p>Der\u012bguma termi\u0146\u0161: 30 m\u0113ne\u0161i.<\/p>\n","protected":false},"excerpt":{"rendered":"<p>Mitrina, nomierina un atjauno \u0101das komfortu. Piem\u0113rots sejas, kakla un dekolt\u0113 zonas \u0101dai. Satur keram\u012bdu un prebiotiku. Ide\u0101li piem\u0113rots sausai \u0101dai ar pirmaj\u0101m noveco\u0161an\u0101s paz\u012bm\u0113m. Lieto\u0161ana: uzkl\u0101t uz vates diska un ar viegl\u0101m kust\u012bb\u0101m not\u012br\u012bt \u0101du. Uzglab\u0101\u0161ana: no +5 \u00b0C l\u012bdz +25 \u00b0C. Der\u012bguma termi\u0146\u0161: 30 m\u0113ne\u0161i.<\/p>\n","protected":false},"featured_media":106984,"template":"","meta":[],"product_cat":[1580],"product_tag":[],"class_list":{"0":"post-77221","1":"product","2":"type-product","3":"status-publish","4":"has-post-thumbnail","6":"product_brand-elfa_ua","7":"product_cat-losjonai-ir-tonikai","9":"first","10":"instock","11":"taxable","12":"shipping-taxable","13":"product-type-simple"},"_links":{"self":[{"href":"https:\/\/e.kosmolat.eu\/lv\/wp-json\/wp\/v2\/product\/77221","targetHints":{"allow":["GET"]}}],"collection":[{"href":"https:\/\/e.kosmolat.eu\/lv\/wp-json\/wp\/v2\/product"}],"about":[{"href":"https:\/\/e.kosmolat.eu\/lv\/wp-json\/wp\/v2\/types\/product"}],"wp:featuredmedia":[{"embeddable":true,"href":"https:\/\/e.kosmolat.eu\/lv\/wp-json\/wp\/v2\/media\/106984"}],"wp:attachment":[{"href":"https:\/\/e.kosmolat.eu\/lv\/wp-json\/wp\/v2\/media?parent=77221"}],"wp:term":[{"taxonomy":"product_cat","embeddable":true,"href":"https:\/\/e.kosmolat.eu\/lv\/wp-json\/wp\/v2\/product_cat?post=77221"},{"taxonomy":"product_tag","embeddable":true,"href":"https:\/\/e.kosmolat.eu\/lv\/wp-json\/wp\/v2\/product_tag?post=77221"}],"curies":[{"name":"wp","href":"https:\/\/api.w.org\/{rel}","templated":true}]}}