{"id":77213,"date":"2025-07-29T04:04:03","date_gmt":"2025-07-29T04:04:03","guid":{"rendered":"https:\/\/e.kosmolat.eu\/product\/dr-sante-pre-age-aizsarg-mitrin-maska-keramidsprebiotika-75-ml\/"},"modified":"2026-04-15T13:08:49","modified_gmt":"2026-04-15T13:08:49","slug":"dr-sante-pre-age-aizsarg-mitrin-maska-keramidsprebiotika-75-ml","status":"publish","type":"product","link":"https:\/\/e.kosmolat.eu\/lv\/product\/dr-sante-pre-age-aizsarg-mitrin-maska-keramidsprebiotika-75-ml\/","title":{"rendered":"Dr.Sante Pre Age Aizsarg. mitrin. maska Keram\u012bds+Prebiotika, 75 ml"},"content":{"rendered":"<p>Stiprina \u0101das aizsargbarjeru, atjauno komfortu un piepilda ar ener\u0123iju. Satur keram\u012bdu un prebiotiku. Ide\u0101li piem\u0113rota sausai \u0101dai ar pirmaj\u0101m noveco\u0161an\u0101s paz\u012bm\u0113m.<\/p>\n<p>Lieto\u0161ana: uzkl\u0101t uz att\u012br\u012btas sejas \u0101das, tur\u0113t 10-15 min\u016btes. Noskalot ar siltu \u016bdeni. Lietot 1-2 reizes ned\u0113\u013c\u0101. <\/p>\n<p>Uzglab\u0101\u0161ana: no +5 \u00b0C l\u012bdz +25 \u00b0C.<\/p>\n<p>Der\u012bguma termi\u0146\u0161: 30 m\u0113ne\u0161i.<\/p>\n","protected":false},"excerpt":{"rendered":"<p>Stiprina \u0101das aizsargbarjeru, atjauno komfortu un piepilda ar ener\u0123iju. Satur keram\u012bdu un prebiotiku. Ide\u0101li piem\u0113rota sausai \u0101dai ar pirmaj\u0101m noveco\u0161an\u0101s paz\u012bm\u0113m. Lieto\u0161ana: uzkl\u0101t uz att\u012br\u012btas sejas \u0101das, tur\u0113t 10-15 min\u016btes. Noskalot ar siltu \u016bdeni. Lietot 1-2 reizes ned\u0113\u013c\u0101. Uzglab\u0101\u0161ana: no +5 \u00b0C l\u012bdz +25 \u00b0C. Der\u012bguma termi\u0146\u0161: 30 m\u0113ne\u0161i.<\/p>\n","protected":false},"featured_media":107098,"template":"","meta":[],"product_cat":[1367],"product_tag":[],"class_list":{"0":"post-77213","1":"product","2":"type-product","3":"status-publish","4":"has-post-thumbnail","6":"product_brand-elfa_ua","7":"product_cat-sejas-maskas","9":"first","10":"instock","11":"taxable","12":"shipping-taxable","13":"product-type-simple"},"_links":{"self":[{"href":"https:\/\/e.kosmolat.eu\/lv\/wp-json\/wp\/v2\/product\/77213","targetHints":{"allow":["GET"]}}],"collection":[{"href":"https:\/\/e.kosmolat.eu\/lv\/wp-json\/wp\/v2\/product"}],"about":[{"href":"https:\/\/e.kosmolat.eu\/lv\/wp-json\/wp\/v2\/types\/product"}],"wp:featuredmedia":[{"embeddable":true,"href":"https:\/\/e.kosmolat.eu\/lv\/wp-json\/wp\/v2\/media\/107098"}],"wp:attachment":[{"href":"https:\/\/e.kosmolat.eu\/lv\/wp-json\/wp\/v2\/media?parent=77213"}],"wp:term":[{"taxonomy":"product_cat","embeddable":true,"href":"https:\/\/e.kosmolat.eu\/lv\/wp-json\/wp\/v2\/product_cat?post=77213"},{"taxonomy":"product_tag","embeddable":true,"href":"https:\/\/e.kosmolat.eu\/lv\/wp-json\/wp\/v2\/product_tag?post=77213"}],"curies":[{"name":"wp","href":"https:\/\/api.w.org\/{rel}","templated":true}]}}