{"id":77205,"date":"2025-07-29T04:03:46","date_gmt":"2025-07-29T04:03:46","guid":{"rendered":"https:\/\/e.kosmolat.eu\/product\/dr-sante-pre-age-intens-krems-adai-ap-ac-keramidsprebiotika-15-ml\/"},"modified":"2026-05-08T21:09:53","modified_gmt":"2026-05-08T21:09:53","slug":"dr-sante-pre-age-intens-krems-adai-ap-ac-keramidsprebiotika-15-ml","status":"publish","type":"product","link":"https:\/\/e.kosmolat.eu\/lv\/product\/dr-sante-pre-age-intens-krems-adai-ap-ac-keramidsprebiotika-15-ml\/","title":{"rendered":"Dr.Sante Pre Age Intens. kr\u0113ms \u0101dai ap ac. Keram\u012bds+Prebiotika, 15 ml"},"content":{"rendered":"<p>Maigs kr\u0113ms pie\u0161\u0137ir elast\u012bbu \u0101dai ap ac\u012bm, intens\u012bvi mitrina, no\u0146em stresa un noguruma p\u0113das, piepilda ar mirdzumu un ener\u0123iju.<br \/>\nKeram\u012bds un prebiotika atbalsta \u0101das aizsargbarjeru un mitruma l\u012bmeni. \u0100da izskat\u0101s svaiga, elast\u012bga, bez sausuma saj\u016btas.<\/p>\n<p>Lieto\u0161ana: uzkl\u0101t uz att\u012br\u012btas \u0101das ap ac\u012bm un viegli sadal\u012bt ar mas\u0113jo\u0161\u0101m kust\u012bb\u0101m. Ieteicams lietot no r\u012bta un vakar\u0101.<\/p>\n<p>Uzglab\u0101\u0161ana: no +5 \u00b0C l\u012bdz +25 \u00b0C.<\/p>\n<p>Der\u012bguma termi\u0146\u0161: 30 m\u0113ne\u0161i.<\/p>\n","protected":false},"excerpt":{"rendered":"<p>Maigs kr\u0113ms pie\u0161\u0137ir elast\u012bbu \u0101dai ap ac\u012bm, intens\u012bvi mitrina, no\u0146em stresa un noguruma p\u0113das, piepilda ar mirdzumu un ener\u0123iju. Keram\u012bds un prebiotika atbalsta \u0101das aizsargbarjeru un mitruma l\u012bmeni. \u0100da izskat\u0101s svaiga, elast\u012bga, bez sausuma saj\u016btas. Lieto\u0161ana: uzkl\u0101t uz att\u012br\u012btas \u0101das ap ac\u012bm un viegli sadal\u012bt ar mas\u0113jo\u0161\u0101m kust\u012bb\u0101m. Ieteicams lietot no r\u012bta un vakar\u0101. Uzglab\u0101\u0161ana: [&#8230;]\n","protected":false},"featured_media":106980,"template":"","meta":[],"product_cat":[1322],"product_tag":[],"class_list":{"0":"post-77205","1":"product","2":"type-product","3":"status-publish","4":"has-post-thumbnail","6":"product_brand-elfa_ua","7":"product_cat-veido-kremai","9":"first","10":"instock","11":"taxable","12":"shipping-taxable","13":"product-type-simple"},"_links":{"self":[{"href":"https:\/\/e.kosmolat.eu\/lv\/wp-json\/wp\/v2\/product\/77205","targetHints":{"allow":["GET"]}}],"collection":[{"href":"https:\/\/e.kosmolat.eu\/lv\/wp-json\/wp\/v2\/product"}],"about":[{"href":"https:\/\/e.kosmolat.eu\/lv\/wp-json\/wp\/v2\/types\/product"}],"wp:featuredmedia":[{"embeddable":true,"href":"https:\/\/e.kosmolat.eu\/lv\/wp-json\/wp\/v2\/media\/106980"}],"wp:attachment":[{"href":"https:\/\/e.kosmolat.eu\/lv\/wp-json\/wp\/v2\/media?parent=77205"}],"wp:term":[{"taxonomy":"product_cat","embeddable":true,"href":"https:\/\/e.kosmolat.eu\/lv\/wp-json\/wp\/v2\/product_cat?post=77205"},{"taxonomy":"product_tag","embeddable":true,"href":"https:\/\/e.kosmolat.eu\/lv\/wp-json\/wp\/v2\/product_tag?post=77205"}],"curies":[{"name":"wp","href":"https:\/\/api.w.org\/{rel}","templated":true}]}}