{"id":77197,"date":"2025-07-29T04:03:28","date_gmt":"2025-07-29T04:03:28","guid":{"rendered":"https:\/\/e.kosmolat.eu\/product\/dr-sante-pre-age-atjaunoj-nakts-krems-keramidsprebiotika-50-ml\/"},"modified":"2026-05-08T21:09:39","modified_gmt":"2026-05-08T21:09:39","slug":"dr-sante-pre-age-atjaunoj-nakts-krems-keramidsprebiotika-50-ml","status":"publish","type":"product","link":"https:\/\/e.kosmolat.eu\/lv\/product\/dr-sante-pre-age-atjaunoj-nakts-krems-keramidsprebiotika-50-ml\/","title":{"rendered":"Dr.Sante Pre Age Atjaunoj. nakts kr\u0113ms Keram\u012bds+Prebiotika, 50 ml"},"content":{"rendered":"<p>Atjaunojo\u0161s kr\u0113ms ir ide\u0101li piem\u0113rots sausai \u0101dai ar pirmaj\u0101m noveco\u0161an\u0101s paz\u012bm\u0113m. Keram\u012bds un prebiotika atbalsta \u0101das aizsargbarjeru un mitruma l\u012bmeni. Lietojot vakar\u0101, kr\u0113ms stiprina \u0101das aizsargbarjeru, intens\u012bvi mitrina, nov\u0113r\u0161 sausumu un atjauno komfortu. Regul\u0101ri lietojot visu Dr. Sante PRE AGE s\u0113riju, \u0101da ilgsto\u0161i paliek mitrin\u0101ta, elast\u012bga un gluda.<\/p>\n<p>Lieto\u0161ana: ar viegl\u0101m kust\u012bb\u0101m uzkl\u0101t uz att\u012br\u012btas sejas \u0101das pa mas\u0101\u017eas l\u012bnij\u0101m.<\/p>\n<p>Uzglab\u0101\u0161ana: no +5 \u00b0C l\u012bdz +25 \u00b0C.<\/p>\n<p>Der\u012bguma termi\u0146\u0161: 30 m\u0113ne\u0161i.<\/p>\n","protected":false},"excerpt":{"rendered":"<p>Atjaunojo\u0161s kr\u0113ms ir ide\u0101li piem\u0113rots sausai \u0101dai ar pirmaj\u0101m noveco\u0161an\u0101s paz\u012bm\u0113m. Keram\u012bds un prebiotika atbalsta \u0101das aizsargbarjeru un mitruma l\u012bmeni. Lietojot vakar\u0101, kr\u0113ms stiprina \u0101das aizsargbarjeru, intens\u012bvi mitrina, nov\u0113r\u0161 sausumu un atjauno komfortu. Regul\u0101ri lietojot visu Dr. Sante PRE AGE s\u0113riju, \u0101da ilgsto\u0161i paliek mitrin\u0101ta, elast\u012bga un gluda. Lieto\u0161ana: ar viegl\u0101m kust\u012bb\u0101m uzkl\u0101t uz att\u012br\u012btas [&#8230;]\n","protected":false},"featured_media":107309,"template":"","meta":[],"product_cat":[1322],"product_tag":[],"class_list":{"0":"post-77197","1":"product","2":"type-product","3":"status-publish","4":"has-post-thumbnail","6":"product_brand-elfa_ua","7":"product_cat-veido-kremai","9":"first","10":"instock","11":"taxable","12":"shipping-taxable","13":"product-type-simple"},"_links":{"self":[{"href":"https:\/\/e.kosmolat.eu\/lv\/wp-json\/wp\/v2\/product\/77197","targetHints":{"allow":["GET"]}}],"collection":[{"href":"https:\/\/e.kosmolat.eu\/lv\/wp-json\/wp\/v2\/product"}],"about":[{"href":"https:\/\/e.kosmolat.eu\/lv\/wp-json\/wp\/v2\/types\/product"}],"wp:featuredmedia":[{"embeddable":true,"href":"https:\/\/e.kosmolat.eu\/lv\/wp-json\/wp\/v2\/media\/107309"}],"wp:attachment":[{"href":"https:\/\/e.kosmolat.eu\/lv\/wp-json\/wp\/v2\/media?parent=77197"}],"wp:term":[{"taxonomy":"product_cat","embeddable":true,"href":"https:\/\/e.kosmolat.eu\/lv\/wp-json\/wp\/v2\/product_cat?post=77197"},{"taxonomy":"product_tag","embeddable":true,"href":"https:\/\/e.kosmolat.eu\/lv\/wp-json\/wp\/v2\/product_tag?post=77197"}],"curies":[{"name":"wp","href":"https:\/\/api.w.org\/{rel}","templated":true}]}}