{"id":77173,"date":"2025-07-29T04:02:39","date_gmt":"2025-07-29T04:02:39","guid":{"rendered":"https:\/\/e.kosmolat.eu\/product\/dr-sante-ultralifting-komforta-attir-sejas-putas-peptidsniacinam-150-ml\/"},"modified":"2025-09-13T04:26:12","modified_gmt":"2025-09-13T04:26:12","slug":"dr-sante-ultralifting-komforta-attir-sejas-putas-peptidsniacinam-150-ml","status":"publish","type":"product","link":"https:\/\/e.kosmolat.eu\/lv\/product\/dr-sante-ultralifting-komforta-attir-sejas-putas-peptidsniacinam-150-ml\/","title":{"rendered":"Dr.Sante Ultralifting Komforta att\u012br. sejas putas Pept\u012bds+Niacinam., 150 ml"},"content":{"rendered":"<p>Maiga att\u012bro\u0161a esence viegli p\u0101rv\u0113r\u0161as biez\u0101s gais\u012bg\u0101s put\u0101s, kas maigi att\u012bra \u0101du, atst\u0101jot to mitrin\u0101tu un gludu. Satur pept\u012bdu un n\u012bacinam\u012bdu. Ide\u0101li piem\u0113rotas nobriedu\u0161ai \u0101dai.<\/p>\n<p>Lieto\u0161ana: uzkl\u0101t uz mitras \u0101das, noskalot ar \u016bdeni. <\/p>\n<p>Uzglab\u0101\u0161ana: no +5 \u00b0C l\u012bdz +25 \u00b0C.<\/p>\n<p>Der\u012bguma termi\u0146\u0161: 30 m\u0113ne\u0161i.<\/p>\n","protected":false},"excerpt":{"rendered":"<p>Maiga att\u012bro\u0161a esence viegli p\u0101rv\u0113r\u0161as biez\u0101s gais\u012bg\u0101s put\u0101s, kas maigi att\u012bra \u0101du, atst\u0101jot to mitrin\u0101tu un gludu. Satur pept\u012bdu un n\u012bacinam\u012bdu. Ide\u0101li piem\u0113rotas nobriedu\u0161ai \u0101dai. Lieto\u0161ana: uzkl\u0101t uz mitras \u0101das, noskalot ar \u016bdeni. Uzglab\u0101\u0161ana: no +5 \u00b0C l\u012bdz +25 \u00b0C. Der\u012bguma termi\u0146\u0161: 30 m\u0113ne\u0161i.<\/p>\n","protected":false},"featured_media":0,"template":"","meta":[],"product_cat":[1833],"product_tag":[],"class_list":{"0":"post-77173","1":"product","2":"type-product","3":"status-publish","5":"product_brand-elfa_ua","6":"product_cat-putas-sejas-mazgasanai","8":"first","9":"outofstock","10":"taxable","11":"shipping-taxable","12":"product-type-simple"},"_links":{"self":[{"href":"https:\/\/e.kosmolat.eu\/lv\/wp-json\/wp\/v2\/product\/77173","targetHints":{"allow":["GET"]}}],"collection":[{"href":"https:\/\/e.kosmolat.eu\/lv\/wp-json\/wp\/v2\/product"}],"about":[{"href":"https:\/\/e.kosmolat.eu\/lv\/wp-json\/wp\/v2\/types\/product"}],"wp:attachment":[{"href":"https:\/\/e.kosmolat.eu\/lv\/wp-json\/wp\/v2\/media?parent=77173"}],"wp:term":[{"taxonomy":"product_cat","embeddable":true,"href":"https:\/\/e.kosmolat.eu\/lv\/wp-json\/wp\/v2\/product_cat?post=77173"},{"taxonomy":"product_tag","embeddable":true,"href":"https:\/\/e.kosmolat.eu\/lv\/wp-json\/wp\/v2\/product_tag?post=77173"}],"curies":[{"name":"wp","href":"https:\/\/api.w.org\/{rel}","templated":true}]}}