{"id":77165,"date":"2025-07-29T04:02:19","date_gmt":"2025-07-29T04:02:19","guid":{"rendered":"https:\/\/e.kosmolat.eu\/product\/dr-sante-ultralifting-toneris-peptidsniacinamids-200-ml\/"},"modified":"2026-05-10T05:45:06","modified_gmt":"2026-05-10T05:45:06","slug":"dr-sante-ultralifting-toneris-peptidsniacinamids-200-ml","status":"publish","type":"product","link":"https:\/\/e.kosmolat.eu\/lv\/product\/dr-sante-ultralifting-toneris-peptidsniacinamids-200-ml\/","title":{"rendered":"Dr.Sante Ultralifting Toneris Pept\u012bds+Niacinam\u012bds, 200 ml"},"content":{"rendered":"<p>Mitrina, vizu\u0101li samazina poras un izl\u012bdzina \u0101das toni, piepildot to ar svaigumu. Piem\u0113rots sejas, kakla un dekolt\u0113 zonas \u0101dai. Satur pept\u012bdu un n\u012bacinam\u012bdu. Ide\u0101li piem\u0113rots nobriedu\u0161ai \u0101dai.<\/p>\n<p>Lieto\u0161ana: uzkl\u0101t uz vates diska un ar viegl\u0101m kust\u012bb\u0101m not\u012br\u012bt \u0101du. <\/p>\n<p>Uzglab\u0101\u0161ana: no +5 \u00b0C l\u012bdz +25 \u00b0C.<\/p>\n<p>Der\u012bguma termi\u0146\u0161: 30 m\u0113ne\u0161i.<\/p>\n","protected":false},"excerpt":{"rendered":"<p>Mitrina, vizu\u0101li samazina poras un izl\u012bdzina \u0101das toni, piepildot to ar svaigumu. Piem\u0113rots sejas, kakla un dekolt\u0113 zonas \u0101dai. Satur pept\u012bdu un n\u012bacinam\u012bdu. Ide\u0101li piem\u0113rots nobriedu\u0161ai \u0101dai. Lieto\u0161ana: uzkl\u0101t uz vates diska un ar viegl\u0101m kust\u012bb\u0101m not\u012br\u012bt \u0101du. Uzglab\u0101\u0161ana: no +5 \u00b0C l\u012bdz +25 \u00b0C. Der\u012bguma termi\u0146\u0161: 30 m\u0113ne\u0161i.<\/p>\n","protected":false},"featured_media":107094,"template":"","meta":[],"product_cat":[1579],"product_tag":[],"class_list":{"0":"post-77165","1":"product","2":"type-product","3":"status-publish","4":"has-post-thumbnail","6":"product_brand-elfa_ua","7":"product_cat-1579","9":"first","10":"instock","11":"taxable","12":"shipping-taxable","13":"product-type-simple"},"_links":{"self":[{"href":"https:\/\/e.kosmolat.eu\/lv\/wp-json\/wp\/v2\/product\/77165","targetHints":{"allow":["GET"]}}],"collection":[{"href":"https:\/\/e.kosmolat.eu\/lv\/wp-json\/wp\/v2\/product"}],"about":[{"href":"https:\/\/e.kosmolat.eu\/lv\/wp-json\/wp\/v2\/types\/product"}],"wp:featuredmedia":[{"embeddable":true,"href":"https:\/\/e.kosmolat.eu\/lv\/wp-json\/wp\/v2\/media\/107094"}],"wp:attachment":[{"href":"https:\/\/e.kosmolat.eu\/lv\/wp-json\/wp\/v2\/media?parent=77165"}],"wp:term":[{"taxonomy":"product_cat","embeddable":true,"href":"https:\/\/e.kosmolat.eu\/lv\/wp-json\/wp\/v2\/product_cat?post=77165"},{"taxonomy":"product_tag","embeddable":true,"href":"https:\/\/e.kosmolat.eu\/lv\/wp-json\/wp\/v2\/product_tag?post=77165"}],"curies":[{"name":"wp","href":"https:\/\/api.w.org\/{rel}","templated":true}]}}