{"id":77157,"date":"2025-07-29T04:02:04","date_gmt":"2025-07-29T04:02:04","guid":{"rendered":"https:\/\/e.kosmolat.eu\/product\/dr-sante-ultralifting-sos-maska-peptidsniacinamids-75-ml\/"},"modified":"2026-04-23T06:00:33","modified_gmt":"2026-04-23T06:00:33","slug":"dr-sante-ultralifting-sos-maska-peptidsniacinamids-75-ml","status":"publish","type":"product","link":"https:\/\/e.kosmolat.eu\/lv\/product\/dr-sante-ultralifting-sos-maska-peptidsniacinamids-75-ml\/","title":{"rendered":"Dr.Sante Ultralifting SOS-maska Pept\u012bds+Niacinam\u012bds, 75 ml"},"content":{"rendered":"<p>Moment\u0101la SOS-pal\u012bdz\u012bba ar liftinga efektu nobriedu\u0161ai \u0101dai. Padara \u0101du z\u012bdainu, vizu\u0101li samazina poras, atgrie\u017e mirdzumu un vienm\u0113r\u012bgu toni. Satur pept\u012bdu un n\u012bacinam\u012bdu.<\/p>\n<p>Lieto\u0161ana: uzkl\u0101t uz att\u012br\u012btas \u0101das, patur\u0113t 10\u201315 min\u016btes. Noskalot ar siltu \u016bdeni. Lietot 1\u20132 reizes ned\u0113\u013c\u0101. <\/p>\n<p>Uzglab\u0101\u0161ana: no +5 \u00b0C l\u012bdz +25 \u00b0C.<\/p>\n<p>Der\u012bguma termi\u0146\u0161: 30 m\u0113ne\u0161i.<\/p>\n","protected":false},"excerpt":{"rendered":"<p>Moment\u0101la SOS-pal\u012bdz\u012bba ar liftinga efektu nobriedu\u0161ai \u0101dai. Padara \u0101du z\u012bdainu, vizu\u0101li samazina poras, atgrie\u017e mirdzumu un vienm\u0113r\u012bgu toni. Satur pept\u012bdu un n\u012bacinam\u012bdu. Lieto\u0161ana: uzkl\u0101t uz att\u012br\u012btas \u0101das, patur\u0113t 10\u201315 min\u016btes. Noskalot ar siltu \u016bdeni. Lietot 1\u20132 reizes ned\u0113\u013c\u0101. Uzglab\u0101\u0161ana: no +5 \u00b0C l\u012bdz +25 \u00b0C. Der\u012bguma termi\u0146\u0161: 30 m\u0113ne\u0161i.<\/p>\n","protected":false},"featured_media":107233,"template":"","meta":[],"product_cat":[1367],"product_tag":[],"class_list":{"0":"post-77157","1":"product","2":"type-product","3":"status-publish","4":"has-post-thumbnail","6":"product_brand-elfa_ua","7":"product_cat-sejas-maskas","9":"first","10":"instock","11":"taxable","12":"shipping-taxable","13":"product-type-simple"},"_links":{"self":[{"href":"https:\/\/e.kosmolat.eu\/lv\/wp-json\/wp\/v2\/product\/77157","targetHints":{"allow":["GET"]}}],"collection":[{"href":"https:\/\/e.kosmolat.eu\/lv\/wp-json\/wp\/v2\/product"}],"about":[{"href":"https:\/\/e.kosmolat.eu\/lv\/wp-json\/wp\/v2\/types\/product"}],"wp:featuredmedia":[{"embeddable":true,"href":"https:\/\/e.kosmolat.eu\/lv\/wp-json\/wp\/v2\/media\/107233"}],"wp:attachment":[{"href":"https:\/\/e.kosmolat.eu\/lv\/wp-json\/wp\/v2\/media?parent=77157"}],"wp:term":[{"taxonomy":"product_cat","embeddable":true,"href":"https:\/\/e.kosmolat.eu\/lv\/wp-json\/wp\/v2\/product_cat?post=77157"},{"taxonomy":"product_tag","embeddable":true,"href":"https:\/\/e.kosmolat.eu\/lv\/wp-json\/wp\/v2\/product_tag?post=77157"}],"curies":[{"name":"wp","href":"https:\/\/api.w.org\/{rel}","templated":true}]}}