{"id":77149,"date":"2025-07-29T04:01:46","date_gmt":"2025-07-29T04:01:46","guid":{"rendered":"https:\/\/e.kosmolat.eu\/product\/dr-sante-ultralifting-serums-peptidsniacinamids-30-ml\/"},"modified":"2026-04-15T13:08:24","modified_gmt":"2026-04-15T13:08:24","slug":"dr-sante-ultralifting-serums-peptidsniacinamids-30-ml","status":"publish","type":"product","link":"https:\/\/e.kosmolat.eu\/lv\/product\/dr-sante-ultralifting-serums-peptidsniacinamids-30-ml\/","title":{"rendered":"Dr.Sante Ultralifting Serums Pept\u012bds+Niacinam\u012bds, 30 ml"},"content":{"rendered":"<p>Viegls mitrino\u0161s serums ar liftinga efektu ir izstr\u0101d\u0101ts, lai r\u016bp\u0113tos par nobriedu\u0161u \u0101du. Pie\u0161\u0137ir elast\u012bbu, atgrie\u017e \u0101dai vitalit\u0101ti un dabisko mirdzumu. Satur pept\u012bdu un n\u012bacinam\u012bdu.<\/p>\n<p>Lieto\u0161ana: ar viegl\u0101m kust\u012bb\u0101m uzkl\u0101t uz att\u012br\u012btas sejas \u0101das pa mas\u0101\u017eas l\u012bnij\u0101m. <\/p>\n<p>Uzglab\u0101\u0161ana: no +5 \u00b0C l\u012bdz +25 \u00b0C.<\/p>\n<p>Der\u012bguma termi\u0146\u0161: 30 m\u0113ne\u0161i.<\/p>\n","protected":false},"excerpt":{"rendered":"<p>Viegls mitrino\u0161s serums ar liftinga efektu ir izstr\u0101d\u0101ts, lai r\u016bp\u0113tos par nobriedu\u0161u \u0101du. Pie\u0161\u0137ir elast\u012bbu, atgrie\u017e \u0101dai vitalit\u0101ti un dabisko mirdzumu. Satur pept\u012bdu un n\u012bacinam\u012bdu. Lieto\u0161ana: ar viegl\u0101m kust\u012bb\u0101m uzkl\u0101t uz att\u012br\u012btas sejas \u0101das pa mas\u0101\u017eas l\u012bnij\u0101m. Uzglab\u0101\u0161ana: no +5 \u00b0C l\u012bdz +25 \u00b0C. Der\u012bguma termi\u0146\u0161: 30 m\u0113ne\u0161i.<\/p>\n","protected":false},"featured_media":107086,"template":"","meta":[],"product_cat":[1325],"product_tag":[],"class_list":{"0":"post-77149","1":"product","2":"type-product","3":"status-publish","4":"has-post-thumbnail","6":"product_brand-elfa_ua","7":"product_cat-serumi","9":"first","10":"instock","11":"taxable","12":"shipping-taxable","13":"product-type-simple"},"_links":{"self":[{"href":"https:\/\/e.kosmolat.eu\/lv\/wp-json\/wp\/v2\/product\/77149","targetHints":{"allow":["GET"]}}],"collection":[{"href":"https:\/\/e.kosmolat.eu\/lv\/wp-json\/wp\/v2\/product"}],"about":[{"href":"https:\/\/e.kosmolat.eu\/lv\/wp-json\/wp\/v2\/types\/product"}],"wp:featuredmedia":[{"embeddable":true,"href":"https:\/\/e.kosmolat.eu\/lv\/wp-json\/wp\/v2\/media\/107086"}],"wp:attachment":[{"href":"https:\/\/e.kosmolat.eu\/lv\/wp-json\/wp\/v2\/media?parent=77149"}],"wp:term":[{"taxonomy":"product_cat","embeddable":true,"href":"https:\/\/e.kosmolat.eu\/lv\/wp-json\/wp\/v2\/product_cat?post=77149"},{"taxonomy":"product_tag","embeddable":true,"href":"https:\/\/e.kosmolat.eu\/lv\/wp-json\/wp\/v2\/product_tag?post=77149"}],"curies":[{"name":"wp","href":"https:\/\/api.w.org\/{rel}","templated":true}]}}