{"id":77141,"date":"2025-07-29T04:01:29","date_gmt":"2025-07-29T04:01:29","guid":{"rendered":"https:\/\/e.kosmolat.eu\/product\/dr-sante-ultralifting-krems-ap-acim-peptidsniacinamids-15-ml\/"},"modified":"2026-04-17T08:29:18","modified_gmt":"2026-04-17T08:29:18","slug":"dr-sante-ultralifting-krems-ap-acim-peptidsniacinamids-15-ml","status":"publish","type":"product","link":"https:\/\/e.kosmolat.eu\/lv\/product\/dr-sante-ultralifting-krems-ap-acim-peptidsniacinamids-15-ml\/","title":{"rendered":"Dr.Sante Ultralifting  Kr\u0113ms ap ac\u012bm Pept\u012bds+Niacinam\u012bds, 15 ml"},"content":{"rendered":"<p>Maigs kr\u0113ms pie\u0161\u0137ir \u0101dai ap ac\u012bm elast\u012bbu, samazina grumbas, k\u0101 ar\u012b mazina stresa un noguruma p\u0113das. Pept\u012bds un n\u012bacinam\u012bds padara \u0101du gludu, izl\u012bdzina toni un samazina grumbu redzam\u012bbu. \u0100da izskat\u0101s mirdzo\u0161a, elast\u012bga un mitrin\u0101ta. <\/p>\n<p>Lieto\u0161ana: uzkl\u0101t uz att\u012br\u012btas \u0101das ap ac\u012bm un sadal\u012bt ar viegl\u0101m mas\u0113jo\u0161\u0101m kust\u012bb\u0101m. Ieteicams lietot no r\u012bta un vakar\u0101. <\/p>\n<p>Uzglab\u0101\u0161ana: no +5 \u00b0C l\u012bdz +25 \u00b0C.<\/p>\n<p>Der\u012bguma termi\u0146\u0161: 30 m\u0113ne\u0161i.<\/p>\n","protected":false},"excerpt":{"rendered":"<p>Maigs kr\u0113ms pie\u0161\u0137ir \u0101dai ap ac\u012bm elast\u012bbu, samazina grumbas, k\u0101 ar\u012b mazina stresa un noguruma p\u0113das. Pept\u012bds un n\u012bacinam\u012bds padara \u0101du gludu, izl\u012bdzina toni un samazina grumbu redzam\u012bbu. \u0100da izskat\u0101s mirdzo\u0161a, elast\u012bga un mitrin\u0101ta. Lieto\u0161ana: uzkl\u0101t uz att\u012br\u012btas \u0101das ap ac\u012bm un sadal\u012bt ar viegl\u0101m mas\u0113jo\u0161\u0101m kust\u012bb\u0101m. Ieteicams lietot no r\u012bta un vakar\u0101. Uzglab\u0101\u0161ana: no [&#8230;]\n","protected":false},"featured_media":106972,"template":"","meta":[],"product_cat":[1999],"product_tag":[],"class_list":{"0":"post-77141","1":"product","2":"type-product","3":"status-publish","4":"has-post-thumbnail","6":"product_brand-elfa_ua","7":"product_cat-bez-kategorijas","9":"first","10":"instock","11":"taxable","12":"shipping-taxable","13":"product-type-simple"},"_links":{"self":[{"href":"https:\/\/e.kosmolat.eu\/lv\/wp-json\/wp\/v2\/product\/77141","targetHints":{"allow":["GET"]}}],"collection":[{"href":"https:\/\/e.kosmolat.eu\/lv\/wp-json\/wp\/v2\/product"}],"about":[{"href":"https:\/\/e.kosmolat.eu\/lv\/wp-json\/wp\/v2\/types\/product"}],"wp:featuredmedia":[{"embeddable":true,"href":"https:\/\/e.kosmolat.eu\/lv\/wp-json\/wp\/v2\/media\/106972"}],"wp:attachment":[{"href":"https:\/\/e.kosmolat.eu\/lv\/wp-json\/wp\/v2\/media?parent=77141"}],"wp:term":[{"taxonomy":"product_cat","embeddable":true,"href":"https:\/\/e.kosmolat.eu\/lv\/wp-json\/wp\/v2\/product_cat?post=77141"},{"taxonomy":"product_tag","embeddable":true,"href":"https:\/\/e.kosmolat.eu\/lv\/wp-json\/wp\/v2\/product_tag?post=77141"}],"curies":[{"name":"wp","href":"https:\/\/api.w.org\/{rel}","templated":true}]}}