{"id":77133,"date":"2025-07-29T04:01:13","date_gmt":"2025-07-29T04:01:13","guid":{"rendered":"https:\/\/e.kosmolat.eu\/product\/dr-sante-ultralifting-aktivs-nakts-krems-peptidsniacinamids-200-ml\/"},"modified":"2026-05-08T21:08:44","modified_gmt":"2026-05-08T21:08:44","slug":"dr-sante-ultralifting-aktivs-nakts-krems-peptidsniacinamids-50ml","status":"publish","type":"product","link":"https:\/\/e.kosmolat.eu\/lv\/product\/dr-sante-ultralifting-aktivs-nakts-krems-peptidsniacinamids-50ml\/","title":{"rendered":"Dr.Sante Ultralifting Akt\u012bvs nakts kr\u0113ms Pept\u012bds+Niacinam\u012bds, 50ml"},"content":{"rendered":"<p>Kr\u0113ms ir ide\u0101li piem\u0113rots nobriedu\u0161ai \u0101dai. Pept\u012bds un n\u012bacinam\u012bds padara \u0101du gludu, izl\u012bdzina toni un samazina grumbu redzam\u012bbu. Lietojot vakar\u0101, kr\u0113ms baro un mitrina \u0101du, atjaunojot t\u0101s elast\u012bbu un tvirtumu. No r\u012bta \u0101da izskat\u0101s mirdzo\u0161a un piepild\u012bta ar vitali\u0101ti.<br \/>\nRegul\u0101ri lietojot visu Dr. Sante ULTRALIFTING s\u0113riju, \u0101da ilgsto\u0161i paliek elast\u012bga un gluda, un ar vecumu saist\u012btas izmai\u0146as k\u013c\u016bst maz\u0101k paman\u0101mas.<\/p>\n<p>Lieto\u0161ana: ar viegl\u0101m kust\u012bb\u0101m uzkl\u0101t uz att\u012br\u012btas sejas \u0101das pa mas\u0101\u017eas l\u012bnij\u0101m.<\/p>\n<p>Uzglab\u0101\u0161ana: no +5 \u00b0C l\u012bdz +25 \u00b0C.<\/p>\n<p>Der\u012bguma termi\u0146\u0161: 30 m\u0113ne\u0161i.<\/p>\n","protected":false},"excerpt":{"rendered":"<p>Kr\u0113ms ir ide\u0101li piem\u0113rots nobriedu\u0161ai \u0101dai. Pept\u012bds un n\u012bacinam\u012bds padara \u0101du gludu, izl\u012bdzina toni un samazina grumbu redzam\u012bbu. Lietojot vakar\u0101, kr\u0113ms baro un mitrina \u0101du, atjaunojot t\u0101s elast\u012bbu un tvirtumu. No r\u012bta \u0101da izskat\u0101s mirdzo\u0161a un piepild\u012bta ar vitali\u0101ti. Regul\u0101ri lietojot visu Dr. Sante ULTRALIFTING s\u0113riju, \u0101da ilgsto\u0161i paliek elast\u012bga un gluda, un ar vecumu [&#8230;]\n","protected":false},"featured_media":107261,"template":"","meta":[],"product_cat":[1322],"product_tag":[],"class_list":{"0":"post-77133","1":"product","2":"type-product","3":"status-publish","4":"has-post-thumbnail","6":"product_brand-elfa_ua","7":"product_cat-veido-kremai","9":"first","10":"instock","11":"taxable","12":"shipping-taxable","13":"product-type-simple"},"_links":{"self":[{"href":"https:\/\/e.kosmolat.eu\/lv\/wp-json\/wp\/v2\/product\/77133","targetHints":{"allow":["GET"]}}],"collection":[{"href":"https:\/\/e.kosmolat.eu\/lv\/wp-json\/wp\/v2\/product"}],"about":[{"href":"https:\/\/e.kosmolat.eu\/lv\/wp-json\/wp\/v2\/types\/product"}],"wp:featuredmedia":[{"embeddable":true,"href":"https:\/\/e.kosmolat.eu\/lv\/wp-json\/wp\/v2\/media\/107261"}],"wp:attachment":[{"href":"https:\/\/e.kosmolat.eu\/lv\/wp-json\/wp\/v2\/media?parent=77133"}],"wp:term":[{"taxonomy":"product_cat","embeddable":true,"href":"https:\/\/e.kosmolat.eu\/lv\/wp-json\/wp\/v2\/product_cat?post=77133"},{"taxonomy":"product_tag","embeddable":true,"href":"https:\/\/e.kosmolat.eu\/lv\/wp-json\/wp\/v2\/product_tag?post=77133"}],"curies":[{"name":"wp","href":"https:\/\/api.w.org\/{rel}","templated":true}]}}